{"id":1327,"date":"2024-04-12T06:03:34","date_gmt":"2024-04-12T06:03:34","guid":{"rendered":"https:\/\/pascal-kapp.de\/rallye-ausstatter\/?page_id=1327"},"modified":"2025-04-02T08:05:18","modified_gmt":"2025-04-02T08:05:18","slug":"datenschutz","status":"publish","type":"page","link":"https:\/\/pascal-kapp.de\/rallye-ausstatter\/datenschutz\/","title":{"rendered":"Datenschutz"},"content":{"rendered":"\t\t<div data-elementor-type=\"wp-page\" data-elementor-id=\"1327\" class=\"elementor elementor-1327\">\n\t\t\t\t<div class=\"elementor-element elementor-element-f740778 e-flex e-con-boxed e-con e-parent\" data-id=\"f740778\" data-element_type=\"container\" data-e-type=\"container\" data-settings=\"{&quot;background_background&quot;:&quot;classic&quot;}\">\n\t\t\t\t\t<div class=\"e-con-inner\">\n\t\t<div class=\"elementor-element elementor-element-103c82f e-con-full e-flex e-con e-child\" data-id=\"103c82f\" data-element_type=\"container\" data-e-type=\"container\">\n\t\t\t\t<div class=\"elementor-element elementor-element-524f8f3 elementor-widget elementor-widget-heading\" data-id=\"524f8f3\" data-element_type=\"widget\" data-e-type=\"widget\" data-widget_type=\"heading.default\">\n\t\t\t\t<div class=\"elementor-widget-container\">\n\t\t\t\t\t<h1 class=\"elementor-heading-title elementor-size-default\">Datenschutz<\/h1>\t\t\t\t<\/div>\n\t\t\t\t<\/div>\n\t\t\t\t<div class=\"elementor-element elementor-element-c57f9f8 elementor-widget-divider--view-line elementor-widget elementor-widget-divider\" data-id=\"c57f9f8\" data-element_type=\"widget\" data-e-type=\"widget\" data-widget_type=\"divider.default\">\n\t\t\t\t<div class=\"elementor-widget-container\">\n\t\t\t\t\t\t\t<div class=\"elementor-divider\">\n\t\t\t<span class=\"elementor-divider-separator\">\n\t\t\t\t\t\t<\/span>\n\t\t<\/div>\n\t\t\t\t\t\t<\/div>\n\t\t\t\t<\/div>\n\t\t\t\t<\/div>\n\t\t\t\t\t<\/div>\n\t\t\t\t<\/div>\n\t\t<div class=\"elementor-element elementor-element-1ec1b97 e-flex e-con-boxed e-con e-parent\" data-id=\"1ec1b97\" data-element_type=\"container\" data-e-type=\"container\" data-settings=\"{&quot;background_background&quot;:&quot;classic&quot;}\">\n\t\t\t\t\t<div class=\"e-con-inner\">\n\t\t<div class=\"elementor-element elementor-element-0579d3b e-con-full e-flex e-con e-child\" data-id=\"0579d3b\" data-element_type=\"container\" data-e-type=\"container\">\n\t\t<div class=\"elementor-element elementor-element-301d552 e-flex e-con-boxed e-con e-child\" data-id=\"301d552\" data-element_type=\"container\" data-e-type=\"container\">\n\t\t\t\t\t<div class=\"e-con-inner\">\n\t\t<div class=\"elementor-element elementor-element-cf3df90 e-con-full e-flex e-con e-child\" data-id=\"cf3df90\" data-element_type=\"container\" data-e-type=\"container\">\n\t\t\t\t<\/div>\n\t\t<div class=\"elementor-element elementor-element-e246e5e e-con-full e-flex e-con e-child\" data-id=\"e246e5e\" data-element_type=\"container\" data-e-type=\"container\">\n\t\t\t\t<div class=\"elementor-element elementor-element-e21f118 elementor-widget elementor-widget-heading\" data-id=\"e21f118\" data-element_type=\"widget\" data-e-type=\"widget\" data-widget_type=\"heading.default\">\n\t\t\t\t<div class=\"elementor-widget-container\">\n\t\t\t\t\t<div class=\"elementor-heading-title elementor-size-default\">Datenschutz<\/div>\t\t\t\t<\/div>\n\t\t\t\t<\/div>\n\t\t\t\t<div class=\"elementor-element elementor-element-11d15e6 elementor-widget elementor-widget-text-editor\" data-id=\"11d15e6\" data-element_type=\"widget\" data-e-type=\"widget\" data-widget_type=\"text-editor.default\">\n\t\t\t\t<div class=\"elementor-widget-container\">\n\t\t\t\t\t\t\t\t\t<p><b>Unsere Hinweise zur Datenverarbeitung <\/b><\/p><p><b>1. Name und Kontaktdaten des f\u00fcr die Verarbeitung Verantwortlichen sowie des betrieblichen Datenschutzbeauftragten<br \/><\/b>Diese Datenschutzhinweise gelten f\u00fcr die Datenverarbeitung durch: Pascal Kapp Rallye-Team<\/p><p>Verantwortlicher:<br \/>Pascal Kapp Rallye-Team<br \/>c\/o imm impression merchandise marketing GmbH<br \/>Industriestra\u00dfe 18<br \/>82110 Germering<br \/>Telefon: 089 \/ 452 06 85-0<br \/>Telefax: 089 \/ 452 06 85-18<br \/>E-Mail: <a href=\"mailto:info@pascal-kapp.de\">info@pascal-kapp.de<\/a><\/p><p><b>2. Erhebung und Speicherung personenbezogener Daten sowie Art und Zweck und deren Verwendung<br \/><\/b>Wenn Sie ein Angebot anfordern, erheben wir folgende Informationen:<\/p><ul><li>Anrede, Vorname, Nachname<\/li><li>eine g\u00fcltige E-Mail-Adresse<\/li><\/ul><p>Die Erhebung dieser Daten erfolgt,<\/p><ul><li>um Sie als Kunden\/Interessenten identifizieren zu k\u00f6nnen<\/li><li>zur Korrespondenz mit Ihnen<\/li><li>zur Rechnungsstellung<\/li><li>zur Abwicklung von evtl. vorliegenden Haftungsanspr\u00fcchen sowie der Geltendmachung etwaiger Anspr\u00fcche<\/li><\/ul><p>Die Datenverarbeitung erfolgt auf Ihre Anfrage hin und ist nach Art. 6 Abs. 1 S. 1 lit. b DSGVO zu den genannten Zwecken f\u00fcr die angemessene Bearbeitung der Anmeldung und f\u00fcr die beidseitige Erf\u00fcllung von Verpflichtungen aus dem etwaigen Vertrag erforderlich.<\/p><p>Die von uns erhobenen personenbezogenen Daten werden bis zum Ablauf der gesetzlichen Aufbewahrungspflicht (6 Jahre nach Ablauf des Kalenderjahres, in dem die Anmeldung erfolgt ist) gespeichert und danach gel\u00f6scht, es sei denn, dass wir nach Artikel 6 Abs. 1 S. 1 lit. c DSGVO aufgrund von steuer- und handelsrechtlichen Aufbewahrungs- und Dokumentationspflichten (aus HGB, StGB oder AO) zu einer l\u00e4ngeren Speicherung verpflichtet sind oder Sie in eine dar\u00fcber hinausgehende Speicherung nach Art. 6 Abs. 1 S. 1 lit. a DSGVO eingewilligt haben.<\/p><p><b>3. Weitergabe von Daten an Dritte<br \/><\/b>Eine \u00dcbermittlung Ihrer pers\u00f6nlichen Daten an Dritte zu anderen als den im Folgenden aufgef\u00fchrten Zwecken findet nicht statt.<\/p><p>Soweit dies nach Art. 6 Abs. 1 S. 1 lit. b DSGVO f\u00fcr die Abwicklung der Anmeldung erforderlich ist, werden Ihre personenbezogenen Daten an Dritte weitergegeben. Hierzu geh\u00f6rt insbesondere die Weitergabe an Sponsoren und Organisatoren.<\/p><p><b>4. Betroffenenrechte<br \/><\/b>Sie haben das Recht:<\/p><ul><li>gem\u00e4\u00df Art. 7 Abs. 3 DSGVO Ihre einmal erteilte Einwilligung jederzeit gegen\u00fcber uns zu widerrufen. Dies hat zur Folge, dass wir die Datenverarbeitung, die auf dieser Einwilligung beruhte, f\u00fcr die Zukunft nicht mehr fortf\u00fchren d\u00fcrfen<\/li><li>gem\u00e4\u00df Art. 15 DSGVO Auskunft \u00fcber Ihre von uns verarbeiteten personenbezogenen Daten zu verlangen. Insbesondere k\u00f6nnen Sie Auskunft \u00fcber die Verarbeitungszwecke, die Kategorie der personenbezogenen Daten, die Kategorien von Empf\u00e4ngern, gegen\u00fcber denen Ihre Daten offengelegt wurden oder werden, die geplante Speicherdauer, das Bestehen eines Rechts auf Berichtigung, L\u00f6schung, Einschr\u00e4nkung der Verarbeitung oder Widerspruch, das Bestehen<\/li><li>eines Beschwerderechts, die Herkunft ihrer Daten, sofern diese nicht bei uns erhoben wurden, sowie \u00fcber das Bestehen einer automatisierten Entscheidungsfindung einschlie\u00dflich Profiling und ggf. aussagekr\u00e4ftigen Informationen zu deren Einzelheiten verlangen<\/li><li>gem\u00e4\u00df Art. 16 DSGVO unverz\u00fcglich die Berichtigung unrichtiger oder Vervollst\u00e4ndigung Ihrer bei uns gespeicherten personenbezogenen Daten zu verlangen<\/li><li>gem\u00e4\u00df Art. 17 DSGVO die L\u00f6schung Ihrer bei uns gespeicherten personenbezogenen Daten zu verlangen, soweit nicht die Verarbeitung zur Aus\u00fcbung des Rechts auf freie Meinungs\u00e4u\u00dferung und Information, zur Erf\u00fcllung einer rechtlichen Verpflichtung, aus Gr\u00fcnden des \u00f6ffentlichen Interesses oder zur Geltendmachung, Aus\u00fcbung oder Verteidigung von Rechtsanspr\u00fcchen erforderlich ist<\/li><li>gem\u00e4\u00df Art. 18 DSGVO die Einschr\u00e4nkung der Verarbeitung Ihrer personenbezogenen Daten zu verlangen, soweit die Richtigkeit der Daten von Ihnen bestritten wird, die Verarbeitung unrechtm\u00e4\u00dfig ist, Sie aber deren L\u00f6schung ablehnen und wir die Daten nicht mehr ben\u00f6tigen, Sie jedoch diese zur Geltendmachung, Aus\u00fcbung oder Verteidigung von Rechtsanspr\u00fcchen ben\u00f6tigen oder Sie gem\u00e4\u00df Art. 21 DSGVO Widerspruch gegen die Verarbeitung eingelegt haben<\/li><li>gem\u00e4\u00df Art. 20 DSGVO Ihre personenbezogenen Daten, die Sie uns bereitgestellt haben, in einem strukturierten, g\u00e4ngigen und maschinenlesebaren Format zu erhalten oder die \u00dcbermittlung an einen anderen Verantwortlichen zu verlangen und<\/li><li>gem\u00e4\u00df Art. 77 DSGVO sich bei einer Aufsichtsbeh\u00f6rde zu beschweren. In der Regel k\u00f6nnen Sie sich hierf\u00fcr an die Aufsichtsbeh\u00f6rde Ihres \u00fcblichen Aufenthaltsortes oder Arbeitsplatzes oder unseres Kanzleisitzes wenden.<\/li><\/ul><p><strong>5. Newsletter<\/strong><\/p><p><strong>\u00a0Beschreibung und Zweck<\/strong><\/p><p>Wir nutzen rapidmail f\u00fcr den Versand von Newslettern. Der Anbieter ist die rapidmail GmbH, Wentzingerstra\u00dfe 21, 79106 Freiburg im Breisgau, Deutschland. Mit rapidmail wird u.a. der Versand von Newslettern organisiert und analysiert. Die von Ihnen f\u00fcr den Zweck des Newsletterbezugs eingegeben Daten werden auf den Servern von rapidmail in Deutschland gespeichert. Wenn Sie keine Analyse durch rapidmail m\u00f6chten, m\u00fcssen Sie den Newsletter abbestellen. Hierf\u00fcr stellen wir in jeder Newsletternachricht einen entsprechenden Link \u201eAbmeldung vom Newsletter\u201c zur Verf\u00fcgung. F\u00fcr den Zweck der Analyse enthalten die mit rapidmail versandten E-Mails ein sogenanntes Tracking-Pixel, das sich beim \u00d6ffnen der E-Mail mit den Servern von rapidmail verbindet. Auf diese Weise kann festgestellt werden, ob eine Newsletter-Nachricht ge\u00f6ffnet wurde. Des Weiteren k\u00f6nnen wir mit Hilfe von rapidmail ermitteln, ob und welche Links in der Newsletternachricht angeklickt werden. Bei allen Links in der E-Mail handelt es sich um sogenannte Tracking-Links, mit denen Ihre Klicks gez\u00e4hlt werden k\u00f6nnen.<\/p><p><strong>\u00a0Rechtsgrundlage<\/strong><\/p><p>Die Rechtsgrundlage f\u00fcr die Datenverarbeitung ist Art. 6 Abs. 1 lit. a) DSGVO. Sie k\u00f6nnen diese Einwilligung mit Wirkung f\u00fcr die Zukunft jederzeit widerrufen.<\/p><p><strong>\u00a0Empf\u00e4nger<\/strong><\/p><p>Empf\u00e4nger der Daten ist die rapidmail GmbH.<\/p><p><strong>\u00a0\u00dcbermittlung in Drittstaaten<\/strong><\/p><p>Eine \u00dcbermittlung der Daten in Drittstaaten findet nicht statt. Wir sind uns jedoch unserer Verantwortung bewusst und \u00fcberpr\u00fcfen regelm\u00e4\u00dfig die Rahmenbedingungen und gesetzlichen \u00c4nderungen. Sollte es zu einer \u00dcbermittlung in ein Drittland kommen, werden wir diese Informationen so schnell wie m\u00f6glich aktualisieren.<\/p><p><strong>\u00a0Dauer<\/strong><\/p><p>Die Ihrerseits im Rahmen der Einwilligung f\u00fcr den Zweck des Newsletters bei uns gespeicherten Daten werden von uns bis zu Ihrer Austragung aus dem Newsletter gespeichert und nach der Abbestellung des Newsletters sowohl von unseren Servern als auch von den Servern von rapidmail gel\u00f6scht. Daten, die zu anderen Zwecken bei uns gespeichert wurden (z.B. E-Mail-Adressen f\u00fcr den Mitgliederbereich) bleiben hiervon unber\u00fchrt.<\/p><p><strong>\u00a0Widerrufsm\u00f6glichkeit<\/strong><\/p><p>Sie haben das Recht, Ihre erteilte Einwilligung jederzeit zu widerrufen, vgl. Art. 7 Abs. 3 S. 1 DSGVO. Dies kann formlos und ohne Angabe von Gr\u00fcnden erfolgen und wirkt f\u00fcr die Zukunft. Durch den Widerruf der Einwilligung wird die Rechtm\u00e4\u00dfigkeit der bis zum Widerruf erfolgten Verarbeitung nicht ber\u00fchrt.<\/p><p><strong>\u00a0Vertragliche oder gesetzliche Pflicht f\u00fcr die Bereitstellung personenbezogener Daten<\/strong><\/p><p>Die Bereitstellung der personenbezogenen Daten ist weder gesetzlich noch vertraglich vorgeschrieben und auch nicht f\u00fcr einen Vertragsabschluss erforderlich. Sie sind auch nicht verpflichtet, die personenbezogenen Daten bereitzustellen. Die Nichtbereitstellung h\u00e4tte jedoch unter Umst\u00e4nden zur Folge, dass Sie diese Funktion nicht bzw. nicht vollumf\u00e4nglich nutzen k\u00f6nnen.<\/p><p><strong>\u00a0Weitere Datenschutzhinweise<\/strong><\/p><p>N\u00e4heres entnehmen Sie den Datensicherheitshinweisen von rapidmail unter:<br \/><a href=\"https:\/\/www.rapidmail.de\/datensicherheit\">https:\/\/www.rapidmail.de\/datensicherheit<\/a>.<br \/>N\u00e4heres zu den Analyse-Funktionen von rapidmail entnehmen Sie folgendem Link:<br \/><a href=\"https:\/\/www.rapidmail.de\/hilfe\/kategorie\/statistiken\">https:\/\/www.rapidmail.de\/hilfe\/kategorie\/statistiken<\/a>.<\/p><p><strong>6<\/strong><b>. Datenschutzbeauftragter<br \/><\/b>Wir haben eine Datenschutzbeauftragte benannt. Sie erreichen diese unter folgenden Kontaktm\u00f6glichkeiten:<\/p><p><b>Rechtsanwalt Martin R\u00f6\u00dfler<br \/>K\u00f6nigstra\u00dfe 42<br \/>90762 F\u00fcrth<br \/>0911 8104020<br \/>m.roessler@roessler-fuerth.de. <\/b><\/p><p><b>7. Widerspruchsrecht<br \/><\/b>Sofern Ihre personenbezogenen Daten auf Grundlage von berechtigten Interessen gem\u00e4\u00df Art. 6 Abs. 1 S. 1 lit. f DSGVO verarbeitet werden, haben Sie das Recht, gem\u00e4\u00df Art. 21 DSGVO Widerspruch gegen die Verarbeitung Ihrer personenbezogenen Daten einzulegen, soweit daf\u00fcr Gr\u00fcnde vorliegen, die sich aus Ihrer besonderen Situation ergeben.<\/p><p>M\u00f6chten Sie von Ihrem Widerspruchsrecht Gebrauch machen, gen\u00fcgt eine E-Mail an <a href=\"mailto:info@pascal-kapp.de\">info@pascal-kapp.de<\/a><b><br \/><\/b><\/p><p><b>8. Beschwerderecht<br \/><\/b>Sie haben das Recht, sich \u00fcber die Verarbeitung personenbezogenen Daten durch uns bei einer Aufsichtsbeh\u00f6rde f\u00fcr den Datenschutz zu beschweren.<\/p>\t\t\t\t\t\t\t\t<\/div>\n\t\t\t\t<\/div>\n\t\t\t\t<\/div>\n\t\t\t\t\t<\/div>\n\t\t\t\t<\/div>\n\t\t<div class=\"elementor-element elementor-element-6b79c55 elementor-hidden-desktop elementor-hidden-tablet elementor-hidden-mobile e-flex e-con-boxed e-con e-child\" data-id=\"6b79c55\" data-element_type=\"container\" data-e-type=\"container\">\n\t\t\t\t\t<div class=\"e-con-inner\">\n\t\t\t\t\t<\/div>\n\t\t\t\t<\/div>\n\t\t\t\t<\/div>\n\t\t\t\t\t<\/div>\n\t\t\t\t<\/div>\n\t\t\t\t<\/div>\n\t\t","protected":false},"excerpt":{"rendered":"<p>Datenschutz Datenschutz Unsere Hinweise zur Datenverarbeitung 1. Name und Kontaktdaten des f\u00fcr die Verarbeitung Verantwortlichen sowie des betrieblichen DatenschutzbeauftragtenDiese Datenschutzhinweise gelten f\u00fcr die Datenverarbeitung durch: Pascal Kapp Rallye-Team Verantwortlicher:Pascal Kapp Rallye-Teamc\/o imm impression merchandise marketing GmbHIndustriestra\u00dfe 1882110 GermeringTelefon: 089 \/ 452 06 85-0Telefax: 089 \/ 452 06 85-18E-Mail: info@pascal-kapp.de 2. Erhebung und Speicherung personenbezogener Daten [&hellip;]<\/p>\n","protected":false},"author":2,"featured_media":0,"parent":0,"menu_order":0,"comment_status":"closed","ping_status":"closed","template":"","meta":{"site-sidebar-layout":"no-sidebar","site-content-layout":"page-builder","ast-site-content-layout":"full-width-container","site-content-style":"unboxed","site-sidebar-style":"unboxed","ast-global-header-display":"","ast-banner-title-visibility":"","ast-main-header-display":"","ast-hfb-above-header-display":"","ast-hfb-below-header-display":"","ast-hfb-mobile-header-display":"","site-post-title":"disabled","ast-breadcrumbs-content":"","ast-featured-img":"disabled","footer-sml-layout":"","theme-transparent-header-meta":"enabled","adv-header-id-meta":"","stick-header-meta":"","header-above-stick-meta":"","header-main-stick-meta":"","header-below-stick-meta":"","astra-migrate-meta-layouts":"set","ast-page-background-enabled":"default","ast-page-background-meta":{"desktop":{"background-color":"var(--ast-global-color-4)","background-image":"","background-repeat":"repeat","background-position":"center center","background-size":"auto","background-attachment":"scroll","background-type":"","background-media":"","overlay-type":"","overlay-color":"","overlay-opacity":"","overlay-gradient":""},"tablet":{"background-color":"","background-image":"","background-repeat":"repeat","background-position":"center center","background-size":"auto","background-attachment":"scroll","background-type":"","background-media":"","overlay-type":"","overlay-color":"","overlay-opacity":"","overlay-gradient":""},"mobile":{"background-color":"","background-image":"","background-repeat":"repeat","background-position":"center center","background-size":"auto","background-attachment":"scroll","background-type":"","background-media":"","overlay-type":"","overlay-color":"","overlay-opacity":"","overlay-gradient":""}},"ast-content-background-meta":{"desktop":{"background-color":"var(--ast-global-color-5)","background-image":"","background-repeat":"repeat","background-position":"center center","background-size":"auto","background-attachment":"scroll","background-type":"","background-media":"","overlay-type":"","overlay-color":"","overlay-opacity":"","overlay-gradient":""},"tablet":{"background-color":"var(--ast-global-color-5)","background-image":"","background-repeat":"repeat","background-position":"center center","background-size":"auto","background-attachment":"scroll","background-type":"","background-media":"","overlay-type":"","overlay-color":"","overlay-opacity":"","overlay-gradient":""},"mobile":{"background-color":"var(--ast-global-color-5)","background-image":"","background-repeat":"repeat","background-position":"center center","background-size":"auto","background-attachment":"scroll","background-type":"","background-media":"","overlay-type":"","overlay-color":"","overlay-opacity":"","overlay-gradient":""}},"footnotes":""},"class_list":["post-1327","page","type-page","status-publish","hentry"],"yoast_head":"<!-- This site is optimized with the Yoast SEO plugin v27.4 - https:\/\/yoast.com\/product\/yoast-seo-wordpress\/ -->\n<title>Datenschutz - Rallye-Ausstatter<\/title>\n<meta name=\"robots\" content=\"noindex, follow, max-snippet:-1, max-image-preview:large, max-video-preview:-1\" \/>\n<meta property=\"og:locale\" content=\"de_DE\" \/>\n<meta property=\"og:type\" content=\"article\" \/>\n<meta property=\"og:title\" content=\"Datenschutz - Rallye-Ausstatter\" \/>\n<meta property=\"og:description\" content=\"Datenschutz Datenschutz Unsere Hinweise zur Datenverarbeitung 1. Name und Kontaktdaten des f\u00fcr die Verarbeitung Verantwortlichen sowie des betrieblichen DatenschutzbeauftragtenDiese Datenschutzhinweise gelten f\u00fcr die Datenverarbeitung durch: Pascal Kapp Rallye-Team Verantwortlicher:Pascal Kapp Rallye-Teamc\/o imm impression merchandise marketing GmbHIndustriestra\u00dfe 1882110 GermeringTelefon: 089 \/ 452 06 85-0Telefax: 089 \/ 452 06 85-18E-Mail: info@pascal-kapp.de 2. Erhebung und Speicherung personenbezogener Daten [&hellip;]\" \/>\n<meta property=\"og:url\" content=\"https:\/\/pascal-kapp.de\/rallye-ausstatter\/datenschutz\/\" \/>\n<meta property=\"og:site_name\" content=\"Rallye-Ausstatter\" \/>\n<meta property=\"article:modified_time\" content=\"2025-04-02T08:05:18+00:00\" \/>\n<meta name=\"twitter:card\" content=\"summary_large_image\" \/>\n<meta name=\"twitter:label1\" content=\"Gesch\u00e4tzte Lesezeit\" \/>\n\t<meta name=\"twitter:data1\" content=\"7\u00a0Minuten\" \/>\n<script type=\"application\/ld+json\" class=\"yoast-schema-graph\">{\"@context\":\"https:\\\/\\\/schema.org\",\"@graph\":[{\"@type\":\"WebPage\",\"@id\":\"https:\\\/\\\/pascal-kapp.de\\\/rallye-ausstatter\\\/datenschutz\\\/\",\"url\":\"https:\\\/\\\/pascal-kapp.de\\\/rallye-ausstatter\\\/datenschutz\\\/\",\"name\":\"Datenschutz - Rallye-Ausstatter\",\"isPartOf\":{\"@id\":\"https:\\\/\\\/pascal-kapp.de\\\/rallye-ausstatter\\\/#website\"},\"datePublished\":\"2024-04-12T06:03:34+00:00\",\"dateModified\":\"2025-04-02T08:05:18+00:00\",\"breadcrumb\":{\"@id\":\"https:\\\/\\\/pascal-kapp.de\\\/rallye-ausstatter\\\/datenschutz\\\/#breadcrumb\"},\"inLanguage\":\"de\",\"potentialAction\":[{\"@type\":\"ReadAction\",\"target\":[\"https:\\\/\\\/pascal-kapp.de\\\/rallye-ausstatter\\\/datenschutz\\\/\"]}]},{\"@type\":\"BreadcrumbList\",\"@id\":\"https:\\\/\\\/pascal-kapp.de\\\/rallye-ausstatter\\\/datenschutz\\\/#breadcrumb\",\"itemListElement\":[{\"@type\":\"ListItem\",\"position\":1,\"name\":\"Startseite\",\"item\":\"https:\\\/\\\/pascal-kapp.de\\\/rallye-ausstatter\\\/\"},{\"@type\":\"ListItem\",\"position\":2,\"name\":\"Datenschutz\"}]},{\"@type\":\"WebSite\",\"@id\":\"https:\\\/\\\/pascal-kapp.de\\\/rallye-ausstatter\\\/#website\",\"url\":\"https:\\\/\\\/pascal-kapp.de\\\/rallye-ausstatter\\\/\",\"name\":\"Rallye-Ausstatter\",\"description\":\"\",\"publisher\":{\"@id\":\"https:\\\/\\\/pascal-kapp.de\\\/rallye-ausstatter\\\/#organization\"},\"potentialAction\":[{\"@type\":\"SearchAction\",\"target\":{\"@type\":\"EntryPoint\",\"urlTemplate\":\"https:\\\/\\\/pascal-kapp.de\\\/rallye-ausstatter\\\/?s={search_term_string}\"},\"query-input\":{\"@type\":\"PropertyValueSpecification\",\"valueRequired\":true,\"valueName\":\"search_term_string\"}}],\"inLanguage\":\"de\"},{\"@type\":\"Organization\",\"@id\":\"https:\\\/\\\/pascal-kapp.de\\\/rallye-ausstatter\\\/#organization\",\"name\":\"Rallye-Ausstatter\",\"url\":\"https:\\\/\\\/pascal-kapp.de\\\/rallye-ausstatter\\\/\",\"logo\":{\"@type\":\"ImageObject\",\"inLanguage\":\"de\",\"@id\":\"https:\\\/\\\/pascal-kapp.de\\\/rallye-ausstatter\\\/#\\\/schema\\\/logo\\\/image\\\/\",\"url\":\"https:\\\/\\\/pascal-kapp.de\\\/rallye-ausstatter\\\/wp-content\\\/uploads\\\/2024\\\/03\\\/logo_mail_abbinder.png\",\"contentUrl\":\"https:\\\/\\\/pascal-kapp.de\\\/rallye-ausstatter\\\/wp-content\\\/uploads\\\/2024\\\/03\\\/logo_mail_abbinder.png\",\"width\":369,\"height\":85,\"caption\":\"Rallye-Ausstatter\"},\"image\":{\"@id\":\"https:\\\/\\\/pascal-kapp.de\\\/rallye-ausstatter\\\/#\\\/schema\\\/logo\\\/image\\\/\"}}]}<\/script>\n<!-- \/ Yoast SEO plugin. -->","yoast_head_json":{"title":"Datenschutz - Rallye-Ausstatter","robots":{"index":"noindex","follow":"follow","max-snippet":"max-snippet:-1","max-image-preview":"max-image-preview:large","max-video-preview":"max-video-preview:-1"},"og_locale":"de_DE","og_type":"article","og_title":"Datenschutz - Rallye-Ausstatter","og_description":"Datenschutz Datenschutz Unsere Hinweise zur Datenverarbeitung 1. Name und Kontaktdaten des f\u00fcr die Verarbeitung Verantwortlichen sowie des betrieblichen DatenschutzbeauftragtenDiese Datenschutzhinweise gelten f\u00fcr die Datenverarbeitung durch: Pascal Kapp Rallye-Team Verantwortlicher:Pascal Kapp Rallye-Teamc\/o imm impression merchandise marketing GmbHIndustriestra\u00dfe 1882110 GermeringTelefon: 089 \/ 452 06 85-0Telefax: 089 \/ 452 06 85-18E-Mail: info@pascal-kapp.de 2. Erhebung und Speicherung personenbezogener Daten [&hellip;]","og_url":"https:\/\/pascal-kapp.de\/rallye-ausstatter\/datenschutz\/","og_site_name":"Rallye-Ausstatter","article_modified_time":"2025-04-02T08:05:18+00:00","twitter_card":"summary_large_image","twitter_misc":{"Gesch\u00e4tzte Lesezeit":"7\u00a0Minuten"},"schema":{"@context":"https:\/\/schema.org","@graph":[{"@type":"WebPage","@id":"https:\/\/pascal-kapp.de\/rallye-ausstatter\/datenschutz\/","url":"https:\/\/pascal-kapp.de\/rallye-ausstatter\/datenschutz\/","name":"Datenschutz - Rallye-Ausstatter","isPartOf":{"@id":"https:\/\/pascal-kapp.de\/rallye-ausstatter\/#website"},"datePublished":"2024-04-12T06:03:34+00:00","dateModified":"2025-04-02T08:05:18+00:00","breadcrumb":{"@id":"https:\/\/pascal-kapp.de\/rallye-ausstatter\/datenschutz\/#breadcrumb"},"inLanguage":"de","potentialAction":[{"@type":"ReadAction","target":["https:\/\/pascal-kapp.de\/rallye-ausstatter\/datenschutz\/"]}]},{"@type":"BreadcrumbList","@id":"https:\/\/pascal-kapp.de\/rallye-ausstatter\/datenschutz\/#breadcrumb","itemListElement":[{"@type":"ListItem","position":1,"name":"Startseite","item":"https:\/\/pascal-kapp.de\/rallye-ausstatter\/"},{"@type":"ListItem","position":2,"name":"Datenschutz"}]},{"@type":"WebSite","@id":"https:\/\/pascal-kapp.de\/rallye-ausstatter\/#website","url":"https:\/\/pascal-kapp.de\/rallye-ausstatter\/","name":"Rallye-Ausstatter","description":"","publisher":{"@id":"https:\/\/pascal-kapp.de\/rallye-ausstatter\/#organization"},"potentialAction":[{"@type":"SearchAction","target":{"@type":"EntryPoint","urlTemplate":"https:\/\/pascal-kapp.de\/rallye-ausstatter\/?s={search_term_string}"},"query-input":{"@type":"PropertyValueSpecification","valueRequired":true,"valueName":"search_term_string"}}],"inLanguage":"de"},{"@type":"Organization","@id":"https:\/\/pascal-kapp.de\/rallye-ausstatter\/#organization","name":"Rallye-Ausstatter","url":"https:\/\/pascal-kapp.de\/rallye-ausstatter\/","logo":{"@type":"ImageObject","inLanguage":"de","@id":"https:\/\/pascal-kapp.de\/rallye-ausstatter\/#\/schema\/logo\/image\/","url":"https:\/\/pascal-kapp.de\/rallye-ausstatter\/wp-content\/uploads\/2024\/03\/logo_mail_abbinder.png","contentUrl":"https:\/\/pascal-kapp.de\/rallye-ausstatter\/wp-content\/uploads\/2024\/03\/logo_mail_abbinder.png","width":369,"height":85,"caption":"Rallye-Ausstatter"},"image":{"@id":"https:\/\/pascal-kapp.de\/rallye-ausstatter\/#\/schema\/logo\/image\/"}}]}},"_links":{"self":[{"href":"https:\/\/pascal-kapp.de\/rallye-ausstatter\/wp-json\/wp\/v2\/pages\/1327","targetHints":{"allow":["GET"]}}],"collection":[{"href":"https:\/\/pascal-kapp.de\/rallye-ausstatter\/wp-json\/wp\/v2\/pages"}],"about":[{"href":"https:\/\/pascal-kapp.de\/rallye-ausstatter\/wp-json\/wp\/v2\/types\/page"}],"author":[{"embeddable":true,"href":"https:\/\/pascal-kapp.de\/rallye-ausstatter\/wp-json\/wp\/v2\/users\/2"}],"replies":[{"embeddable":true,"href":"https:\/\/pascal-kapp.de\/rallye-ausstatter\/wp-json\/wp\/v2\/comments?post=1327"}],"version-history":[{"count":17,"href":"https:\/\/pascal-kapp.de\/rallye-ausstatter\/wp-json\/wp\/v2\/pages\/1327\/revisions"}],"predecessor-version":[{"id":1651,"href":"https:\/\/pascal-kapp.de\/rallye-ausstatter\/wp-json\/wp\/v2\/pages\/1327\/revisions\/1651"}],"wp:attachment":[{"href":"https:\/\/pascal-kapp.de\/rallye-ausstatter\/wp-json\/wp\/v2\/media?parent=1327"}],"curies":[{"name":"wp","href":"https:\/\/api.w.org\/{rel}","templated":true}]}}