{"id":128,"date":"2024-03-14T16:23:42","date_gmt":"2024-03-14T16:23:42","guid":{"rendered":"https:\/\/pascal-kapp.de\/rallye-ausstatter\/?post_type=product&#038;p=128"},"modified":"2024-09-04T07:52:39","modified_gmt":"2024-09-04T07:52:39","slug":"rollup","status":"publish","type":"product","link":"https:\/\/pascal-kapp.de\/rallye-ausstatter\/produkt\/rollup\/","title":{"rendered":"Rollup"},"content":{"rendered":"<p><a name=\"beschreibung\"><\/a>Ganz einfach ganz gro\u00df rauskommen. Aufmerksamkeitsstarke Werbefl\u00e4chen, die unkompliziert in wenigen Sekunden aufgebaut sind. Die Rollup-Transparente vom Rallye-Ausstatter eigenen sich hervorragend als mobile Werbefl\u00e4che.<\/p>\n<ul>\n<li>Format: 100, 150 oder 200 x 210 cm (b x h)<\/li>\n<li>Material: Vinyl oder blickdichte Backlitplanen<\/li>\n<li>Druck: 8-farb-Digitaldruck 1440 dpi<\/li>\n<li>Verpackung: schwarze Tragetasche<\/li>\n<li>Auflage: ab 1 St\u00fcck erh\u00e4ltlich<\/li>\n<\/ul>\n<p>&nbsp;<\/p>\n<p>Mit unseren Rollups gelangen Sie in knapp 30 Sekunden auf bis zu 4,2 m\u00b2 Werbefl\u00e4che. Gro\u00dfz\u00fcgig Platz f\u00fcr Eigen- und\/oder Sponsorenwerbung, f\u00fcr die Besucherf\u00fchrung oder f\u00fcr die Ank\u00fcndigung des n\u00e4chsten Etappenabschnitts.<\/p>\n<p>Unser i-T\u00fcpfelchen bei der ganzen Sache: Sie m\u00fcssen es nicht einmal kaufen! Der Rallye-Ausstatter fertigt f\u00fcr Sie nach Ihren Motiven aufmerksamkeitsstarke Hingucker (inkl. Druck, Konfektion und Tragetasche). Und nach der Veranstaltung geben Sie das Rollsystem einfach wieder zur\u00fcck. Das schont das Budget und den Lagerraum.<\/p>\n<p>Unser Rollup ist in 3 verschiedenen Gr\u00f6\u00dfen erh\u00e4ltlich:<\/p>\n<ul>\n<li>100, 150 oder 200 x 210 cm; B x H)<\/li>\n<li>inkl. 8-farb-Digitaldruck 720 dpi<\/li>\n<li>Konfektion und Tragetasche<\/li>\n<li>h\u00f6chste Blickfangqualit\u00e4t<\/li>\n<li>flexibel in der Produktion<\/li>\n<\/ul>\n<p><a href=\"mailto:ausstatter@pascal-kapp.de\">Fragen Sie noch heute Ihren PREIS an.<\/a><br \/>\nGerne erstellen wir Ihnen ein individuelles Angebot.<\/p>\n<p><a href=\"https:\/\/pascal-kapp.de\/rallye-ausstatter\/shop-2\/\">Zur\u00fcck zur Produkt\u00fcbersicht<\/a><\/p>\n","protected":false},"excerpt":{"rendered":"<p><a name=\"beschreibung\"><\/a>Ganz einfach ganz gro\u00df rauskommen. Aufmerksamkeitsstarke Werbefl\u00e4chen, die unkompliziert in wenigen Sekunden aufgebaut sind. Die Rollup-Transparente vom Rallye-Ausstatter eigenen sich hervorragend als mobile Werbefl\u00e4che.<\/p>\n<ul>\n<li>Format: 100, 150 oder 200 x 210 cm (b x h)<\/li>\n<li>Material: Vinyl oder blickdichte Backlitplanen<\/li>\n<li>Druck: 8-farb-Digitaldruck 1440 dpi<\/li>\n<li>Verpackung: schwarze Tragetasche<\/li>\n<li>Auflage: ab 1 St\u00fcck erh\u00e4ltlich<\/li>\n<\/ul>\n<p>&nbsp;<\/p>\n<p>Mit unseren Rollups gelangen Sie in knapp 30 Sekunden auf bis zu 4,2 m\u00b2 Werbefl\u00e4che. Gro\u00dfz\u00fcgig Platz f\u00fcr Eigen- und\/oder Sponsorenwerbung, f\u00fcr die Besucherf\u00fchrung oder f\u00fcr die Ank\u00fcndigung des n\u00e4chsten Etappenabschnitts.<\/p>\n<p>Unser i-T\u00fcpfelchen bei der ganzen Sache: Sie m\u00fcssen es nicht einmal kaufen! Der Rallye-Ausstatter fertigt f\u00fcr Sie nach Ihren Motiven aufmerksamkeitsstarke Hingucker (inkl. Druck, Konfektion und Tragetasche). Und nach der Veranstaltung geben Sie das Rollsystem einfach wieder zur\u00fcck. Das schont das Budget und den Lagerraum.<\/p>\n<\/ul>\n<p><a href=\"mailto:ausstatter@pascal-kapp.de\">Fragen Sie noch heute Ihren PREIS an.<\/a><br \/>\nGerne erstellen wir Ihnen ein individuelles Angebot.<\/p>\n<p><a href=\"javascript:history.back()\">Zur\u00fcck<\/a><\/p>\n","protected":false},"featured_media":134,"template":"","meta":{"site-sidebar-layout":"default","site-content-layout":"","ast-site-content-layout":"default","site-content-style":"default","site-sidebar-style":"default","ast-global-header-display":"","ast-banner-title-visibility":"","ast-main-header-display":"","ast-hfb-above-header-display":"","ast-hfb-below-header-display":"","ast-hfb-mobile-header-display":"","site-post-title":"","ast-breadcrumbs-content":"","ast-featured-img":"","footer-sml-layout":"","theme-transparent-header-meta":"default","adv-header-id-meta":"","stick-header-meta":"","header-above-stick-meta":"","header-main-stick-meta":"","header-below-stick-meta":"","astra-migrate-meta-layouts":"set","ast-page-background-enabled":"default","ast-page-background-meta":{"desktop":{"background-color":"var(--ast-global-color-4)","background-image":"","background-repeat":"repeat","background-position":"center center","background-size":"auto","background-attachment":"scroll","background-type":"","background-media":"","overlay-type":"","overlay-color":"","overlay-opacity":"","overlay-gradient":""},"tablet":{"background-color":"","background-image":"","background-repeat":"repeat","background-position":"center center","background-size":"auto","background-attachment":"scroll","background-type":"","background-media":"","overlay-type":"","overlay-color":"","overlay-opacity":"","overlay-gradient":""},"mobile":{"background-color":"","background-image":"","background-repeat":"repeat","background-position":"center center","background-size":"auto","background-attachment":"scroll","background-type":"","background-media":"","overlay-type":"","overlay-color":"","overlay-opacity":"","overlay-gradient":""}},"ast-content-background-meta":{"desktop":{"background-color":"var(--ast-global-color-5)","background-image":"","background-repeat":"repeat","background-position":"center center","background-size":"auto","background-attachment":"scroll","background-type":"","background-media":"","overlay-type":"","overlay-color":"","overlay-opacity":"","overlay-gradient":""},"tablet":{"background-color":"var(--ast-global-color-5)","background-image":"","background-repeat":"repeat","background-position":"center center","background-size":"auto","background-attachment":"scroll","background-type":"","background-media":"","overlay-type":"","overlay-color":"","overlay-opacity":"","overlay-gradient":""},"mobile":{"background-color":"var(--ast-global-color-5)","background-image":"","background-repeat":"repeat","background-position":"center center","background-size":"auto","background-attachment":"scroll","background-type":"","background-media":"","overlay-type":"","overlay-color":"","overlay-opacity":"","overlay-gradient":""}}},"product_brand":[],"product_cat":[19,44],"product_tag":[],"class_list":{"0":"post-128","1":"product","2":"type-product","3":"status-publish","4":"has-post-thumbnail","6":"product_cat-produkte","7":"product_cat-rollup","8":"desktop-align-left","9":"tablet-align-left","10":"mobile-align-left","12":"first","13":"instock","14":"shipping-taxable","15":"product-type-simple"},"yoast_head":"<!-- This site is optimized with the Yoast SEO plugin v27.6 - https:\/\/yoast.com\/product\/yoast-seo-wordpress\/ -->\n<title>Rollup - Rallye-Ausstatter<\/title>\n<meta name=\"robots\" content=\"noindex, follow, max-snippet:-1, max-image-preview:large, max-video-preview:-1\" \/>\n<meta property=\"og:locale\" content=\"de_DE\" \/>\n<meta property=\"og:type\" content=\"article\" \/>\n<meta property=\"og:title\" content=\"Rollup - Rallye-Ausstatter\" \/>\n<meta property=\"og:description\" content=\"Ganz einfach ganz gro\u00df rauskommen. Aufmerksamkeitsstarke Werbefl\u00e4chen, die unkompliziert in wenigen Sekunden aufgebaut sind. Die Rollup-Transparente vom Rallye-Ausstatter eigenen sich hervorragend als mobile Werbefl\u00e4che.   Format: 100, 150 oder 200 x 210 cm (b x h)  Material: Vinyl oder blickdichte Backlitplanen  Druck: 8-farb-Digitaldruck 1440 dpi  Verpackung: schwarze Tragetasche  Auflage: ab 1 St\u00fcck erh\u00e4ltlich  &nbsp;  Mit unseren Rollups gelangen Sie in knapp 30 Sekunden auf bis zu 4,2 m\u00b2 Werbefl\u00e4che. Gro\u00dfz\u00fcgig Platz f\u00fcr Eigen- und\/oder Sponsorenwerbung, f\u00fcr die Besucherf\u00fchrung oder f\u00fcr die Ank\u00fcndigung des n\u00e4chsten Etappenabschnitts.  Unser i-T\u00fcpfelchen bei der ganzen Sache: Sie m\u00fcssen es nicht einmal kaufen! Der Rallye-Ausstatter fertigt f\u00fcr Sie nach Ihren Motiven aufmerksamkeitsstarke Hingucker (inkl. Druck, Konfektion und Tragetasche). Und nach der Veranstaltung geben Sie das Rollsystem einfach wieder zur\u00fcck. Das schont das Budget und den Lagerraum.   Fragen Sie noch heute Ihren PREIS an. Gerne erstellen wir Ihnen ein individuelles Angebot.  Zur\u00fcck\" \/>\n<meta property=\"og:url\" content=\"https:\/\/pascal-kapp.de\/rallye-ausstatter\/produkt\/rollup\/\" \/>\n<meta property=\"og:site_name\" content=\"Rallye-Ausstatter\" \/>\n<meta property=\"article:modified_time\" content=\"2024-09-04T07:52:39+00:00\" \/>\n<meta property=\"og:image\" content=\"https:\/\/pascal-kapp.de\/rallye-ausstatter\/wp-content\/uploads\/2024\/02\/Rollup_10-S-21_585x400.png\" \/>\n\t<meta property=\"og:image:width\" content=\"585\" \/>\n\t<meta property=\"og:image:height\" content=\"400\" \/>\n\t<meta property=\"og:image:type\" content=\"image\/png\" \/>\n<meta name=\"twitter:card\" content=\"summary_large_image\" \/>\n<meta name=\"twitter:label1\" content=\"Gesch\u00e4tzte Lesezeit\" \/>\n\t<meta name=\"twitter:data1\" content=\"2\u00a0Minuten\" \/>\n<script type=\"application\/ld+json\" class=\"yoast-schema-graph\">{\"@context\":\"https:\\\/\\\/schema.org\",\"@graph\":[{\"@type\":\"WebPage\",\"@id\":\"https:\\\/\\\/pascal-kapp.de\\\/rallye-ausstatter\\\/produkt\\\/rollup\\\/\",\"url\":\"https:\\\/\\\/pascal-kapp.de\\\/rallye-ausstatter\\\/produkt\\\/rollup\\\/\",\"name\":\"Rollup - Rallye-Ausstatter\",\"isPartOf\":{\"@id\":\"https:\\\/\\\/pascal-kapp.de\\\/rallye-ausstatter\\\/#website\"},\"primaryImageOfPage\":{\"@id\":\"https:\\\/\\\/pascal-kapp.de\\\/rallye-ausstatter\\\/produkt\\\/rollup\\\/#primaryimage\"},\"image\":{\"@id\":\"https:\\\/\\\/pascal-kapp.de\\\/rallye-ausstatter\\\/produkt\\\/rollup\\\/#primaryimage\"},\"thumbnailUrl\":\"https:\\\/\\\/pascal-kapp.de\\\/rallye-ausstatter\\\/wp-content\\\/uploads\\\/2024\\\/02\\\/Rollup_10-S-21_585x400.png\",\"datePublished\":\"2024-03-14T16:23:42+00:00\",\"dateModified\":\"2024-09-04T07:52:39+00:00\",\"breadcrumb\":{\"@id\":\"https:\\\/\\\/pascal-kapp.de\\\/rallye-ausstatter\\\/produkt\\\/rollup\\\/#breadcrumb\"},\"inLanguage\":\"de\",\"potentialAction\":[{\"@type\":\"ReadAction\",\"target\":[\"https:\\\/\\\/pascal-kapp.de\\\/rallye-ausstatter\\\/produkt\\\/rollup\\\/\"]}]},{\"@type\":\"ImageObject\",\"inLanguage\":\"de\",\"@id\":\"https:\\\/\\\/pascal-kapp.de\\\/rallye-ausstatter\\\/produkt\\\/rollup\\\/#primaryimage\",\"url\":\"https:\\\/\\\/pascal-kapp.de\\\/rallye-ausstatter\\\/wp-content\\\/uploads\\\/2024\\\/02\\\/Rollup_10-S-21_585x400.png\",\"contentUrl\":\"https:\\\/\\\/pascal-kapp.de\\\/rallye-ausstatter\\\/wp-content\\\/uploads\\\/2024\\\/02\\\/Rollup_10-S-21_585x400.png\",\"width\":585,\"height\":400},{\"@type\":\"BreadcrumbList\",\"@id\":\"https:\\\/\\\/pascal-kapp.de\\\/rallye-ausstatter\\\/produkt\\\/rollup\\\/#breadcrumb\",\"itemListElement\":[{\"@type\":\"ListItem\",\"position\":1,\"name\":\"Startseite\",\"item\":\"https:\\\/\\\/pascal-kapp.de\\\/rallye-ausstatter\\\/\"},{\"@type\":\"ListItem\",\"position\":2,\"name\":\"Shop\",\"item\":\"https:\\\/\\\/pascal-kapp.de\\\/rallye-ausstatter\\\/shop-2\\\/\"},{\"@type\":\"ListItem\",\"position\":3,\"name\":\"Rollup\"}]},{\"@type\":\"WebSite\",\"@id\":\"https:\\\/\\\/pascal-kapp.de\\\/rallye-ausstatter\\\/#website\",\"url\":\"https:\\\/\\\/pascal-kapp.de\\\/rallye-ausstatter\\\/\",\"name\":\"Rallye-Ausstatter\",\"description\":\"\",\"publisher\":{\"@id\":\"https:\\\/\\\/pascal-kapp.de\\\/rallye-ausstatter\\\/#organization\"},\"potentialAction\":[{\"@type\":\"SearchAction\",\"target\":{\"@type\":\"EntryPoint\",\"urlTemplate\":\"https:\\\/\\\/pascal-kapp.de\\\/rallye-ausstatter\\\/?s={search_term_string}\"},\"query-input\":{\"@type\":\"PropertyValueSpecification\",\"valueRequired\":true,\"valueName\":\"search_term_string\"}}],\"inLanguage\":\"de\"},{\"@type\":\"Organization\",\"@id\":\"https:\\\/\\\/pascal-kapp.de\\\/rallye-ausstatter\\\/#organization\",\"name\":\"Rallye-Ausstatter\",\"url\":\"https:\\\/\\\/pascal-kapp.de\\\/rallye-ausstatter\\\/\",\"logo\":{\"@type\":\"ImageObject\",\"inLanguage\":\"de\",\"@id\":\"https:\\\/\\\/pascal-kapp.de\\\/rallye-ausstatter\\\/#\\\/schema\\\/logo\\\/image\\\/\",\"url\":\"https:\\\/\\\/pascal-kapp.de\\\/rallye-ausstatter\\\/wp-content\\\/uploads\\\/2024\\\/03\\\/logo_mail_abbinder.png\",\"contentUrl\":\"https:\\\/\\\/pascal-kapp.de\\\/rallye-ausstatter\\\/wp-content\\\/uploads\\\/2024\\\/03\\\/logo_mail_abbinder.png\",\"width\":369,\"height\":85,\"caption\":\"Rallye-Ausstatter\"},\"image\":{\"@id\":\"https:\\\/\\\/pascal-kapp.de\\\/rallye-ausstatter\\\/#\\\/schema\\\/logo\\\/image\\\/\"}}]}<\/script>\n<!-- \/ Yoast SEO plugin. -->","yoast_head_json":{"title":"Rollup - Rallye-Ausstatter","robots":{"index":"noindex","follow":"follow","max-snippet":"max-snippet:-1","max-image-preview":"max-image-preview:large","max-video-preview":"max-video-preview:-1"},"og_locale":"de_DE","og_type":"article","og_title":"Rollup - Rallye-Ausstatter","og_description":"Ganz einfach ganz gro\u00df rauskommen. Aufmerksamkeitsstarke Werbefl\u00e4chen, die unkompliziert in wenigen Sekunden aufgebaut sind. Die Rollup-Transparente vom Rallye-Ausstatter eigenen sich hervorragend als mobile Werbefl\u00e4che.   Format: 100, 150 oder 200 x 210 cm (b x h)  Material: Vinyl oder blickdichte Backlitplanen  Druck: 8-farb-Digitaldruck 1440 dpi  Verpackung: schwarze Tragetasche  Auflage: ab 1 St\u00fcck erh\u00e4ltlich  &nbsp;  Mit unseren Rollups gelangen Sie in knapp 30 Sekunden auf bis zu 4,2 m\u00b2 Werbefl\u00e4che. Gro\u00dfz\u00fcgig Platz f\u00fcr Eigen- und\/oder Sponsorenwerbung, f\u00fcr die Besucherf\u00fchrung oder f\u00fcr die Ank\u00fcndigung des n\u00e4chsten Etappenabschnitts.  Unser i-T\u00fcpfelchen bei der ganzen Sache: Sie m\u00fcssen es nicht einmal kaufen! Der Rallye-Ausstatter fertigt f\u00fcr Sie nach Ihren Motiven aufmerksamkeitsstarke Hingucker (inkl. Druck, Konfektion und Tragetasche). Und nach der Veranstaltung geben Sie das Rollsystem einfach wieder zur\u00fcck. Das schont das Budget und den Lagerraum.   Fragen Sie noch heute Ihren PREIS an. Gerne erstellen wir Ihnen ein individuelles Angebot.  Zur\u00fcck","og_url":"https:\/\/pascal-kapp.de\/rallye-ausstatter\/produkt\/rollup\/","og_site_name":"Rallye-Ausstatter","article_modified_time":"2024-09-04T07:52:39+00:00","og_image":[{"width":585,"height":400,"url":"https:\/\/pascal-kapp.de\/rallye-ausstatter\/wp-content\/uploads\/2024\/02\/Rollup_10-S-21_585x400.png","type":"image\/png"}],"twitter_card":"summary_large_image","twitter_misc":{"Gesch\u00e4tzte Lesezeit":"2\u00a0Minuten"},"schema":{"@context":"https:\/\/schema.org","@graph":[{"@type":"WebPage","@id":"https:\/\/pascal-kapp.de\/rallye-ausstatter\/produkt\/rollup\/","url":"https:\/\/pascal-kapp.de\/rallye-ausstatter\/produkt\/rollup\/","name":"Rollup - Rallye-Ausstatter","isPartOf":{"@id":"https:\/\/pascal-kapp.de\/rallye-ausstatter\/#website"},"primaryImageOfPage":{"@id":"https:\/\/pascal-kapp.de\/rallye-ausstatter\/produkt\/rollup\/#primaryimage"},"image":{"@id":"https:\/\/pascal-kapp.de\/rallye-ausstatter\/produkt\/rollup\/#primaryimage"},"thumbnailUrl":"https:\/\/pascal-kapp.de\/rallye-ausstatter\/wp-content\/uploads\/2024\/02\/Rollup_10-S-21_585x400.png","datePublished":"2024-03-14T16:23:42+00:00","dateModified":"2024-09-04T07:52:39+00:00","breadcrumb":{"@id":"https:\/\/pascal-kapp.de\/rallye-ausstatter\/produkt\/rollup\/#breadcrumb"},"inLanguage":"de","potentialAction":[{"@type":"ReadAction","target":["https:\/\/pascal-kapp.de\/rallye-ausstatter\/produkt\/rollup\/"]}]},{"@type":"ImageObject","inLanguage":"de","@id":"https:\/\/pascal-kapp.de\/rallye-ausstatter\/produkt\/rollup\/#primaryimage","url":"https:\/\/pascal-kapp.de\/rallye-ausstatter\/wp-content\/uploads\/2024\/02\/Rollup_10-S-21_585x400.png","contentUrl":"https:\/\/pascal-kapp.de\/rallye-ausstatter\/wp-content\/uploads\/2024\/02\/Rollup_10-S-21_585x400.png","width":585,"height":400},{"@type":"BreadcrumbList","@id":"https:\/\/pascal-kapp.de\/rallye-ausstatter\/produkt\/rollup\/#breadcrumb","itemListElement":[{"@type":"ListItem","position":1,"name":"Startseite","item":"https:\/\/pascal-kapp.de\/rallye-ausstatter\/"},{"@type":"ListItem","position":2,"name":"Shop","item":"https:\/\/pascal-kapp.de\/rallye-ausstatter\/shop-2\/"},{"@type":"ListItem","position":3,"name":"Rollup"}]},{"@type":"WebSite","@id":"https:\/\/pascal-kapp.de\/rallye-ausstatter\/#website","url":"https:\/\/pascal-kapp.de\/rallye-ausstatter\/","name":"Rallye-Ausstatter","description":"","publisher":{"@id":"https:\/\/pascal-kapp.de\/rallye-ausstatter\/#organization"},"potentialAction":[{"@type":"SearchAction","target":{"@type":"EntryPoint","urlTemplate":"https:\/\/pascal-kapp.de\/rallye-ausstatter\/?s={search_term_string}"},"query-input":{"@type":"PropertyValueSpecification","valueRequired":true,"valueName":"search_term_string"}}],"inLanguage":"de"},{"@type":"Organization","@id":"https:\/\/pascal-kapp.de\/rallye-ausstatter\/#organization","name":"Rallye-Ausstatter","url":"https:\/\/pascal-kapp.de\/rallye-ausstatter\/","logo":{"@type":"ImageObject","inLanguage":"de","@id":"https:\/\/pascal-kapp.de\/rallye-ausstatter\/#\/schema\/logo\/image\/","url":"https:\/\/pascal-kapp.de\/rallye-ausstatter\/wp-content\/uploads\/2024\/03\/logo_mail_abbinder.png","contentUrl":"https:\/\/pascal-kapp.de\/rallye-ausstatter\/wp-content\/uploads\/2024\/03\/logo_mail_abbinder.png","width":369,"height":85,"caption":"Rallye-Ausstatter"},"image":{"@id":"https:\/\/pascal-kapp.de\/rallye-ausstatter\/#\/schema\/logo\/image\/"}}]}},"_links":{"self":[{"href":"https:\/\/pascal-kapp.de\/rallye-ausstatter\/wp-json\/wp\/v2\/product\/128","targetHints":{"allow":["GET"]}}],"collection":[{"href":"https:\/\/pascal-kapp.de\/rallye-ausstatter\/wp-json\/wp\/v2\/product"}],"about":[{"href":"https:\/\/pascal-kapp.de\/rallye-ausstatter\/wp-json\/wp\/v2\/types\/product"}],"wp:featuredmedia":[{"embeddable":true,"href":"https:\/\/pascal-kapp.de\/rallye-ausstatter\/wp-json\/wp\/v2\/media\/134"}],"wp:attachment":[{"href":"https:\/\/pascal-kapp.de\/rallye-ausstatter\/wp-json\/wp\/v2\/media?parent=128"}],"wp:term":[{"taxonomy":"product_brand","embeddable":true,"href":"https:\/\/pascal-kapp.de\/rallye-ausstatter\/wp-json\/wp\/v2\/product_brand?post=128"},{"taxonomy":"product_cat","embeddable":true,"href":"https:\/\/pascal-kapp.de\/rallye-ausstatter\/wp-json\/wp\/v2\/product_cat?post=128"},{"taxonomy":"product_tag","embeddable":true,"href":"https:\/\/pascal-kapp.de\/rallye-ausstatter\/wp-json\/wp\/v2\/product_tag?post=128"}],"curies":[{"name":"wp","href":"https:\/\/api.w.org\/{rel}","templated":true}]}}