{"id":139,"date":"2024-07-30T16:13:06","date_gmt":"2024-07-30T16:13:06","guid":{"rendered":"https:\/\/pascal-kapp.de\/rallye-ausstatter\/?post_type=product&#038;p=139"},"modified":"2024-08-27T14:45:34","modified_gmt":"2024-08-27T14:45:34","slug":"flyer","status":"publish","type":"product","link":"https:\/\/pascal-kapp.de\/rallye-ausstatter\/produkt\/flyer\/","title":{"rendered":"Flyer"},"content":{"rendered":"<p><a name=\"beschreibung\"><\/a>F\u00fcr die ideale Bewerbung Ihrer Veranstaltung \u2013 geben Sie Ihren Interessenten etwas an die Hand! Ansprechend gestaltete Flyer, im handlichen Format, unterstreichen den hochwertigen Anspruch Ihrer Veranstaltung. Der Rallye-Ausstatter bietet Ihnen perfekten Druck und professionelle Verarbeitung. Gerne unterst\u00fctzen wir Sie auch bei der grafischen Umsetzung.<\/p>\n<ul>\n<li>Format: z. B.: DinLong<\/li>\n<li>Umfang: 6 Seiten<\/li>\n<li>Gewicht: 300 g\/m\u00b2<\/li>\n<li>Falzart: Wickelfalz<\/li>\n<li>Druck: 4\/4 farbig<\/li>\n<li>Auflage: ab 100 St\u00fcck erh\u00e4ltlich<\/li>\n<li>Lieferzeit: ca. 2 Wochen ab Druckfreigabe<\/li>\n<li>andere Formate m\u00f6glich<\/li>\n<\/ul>\n<p>weitere Produkteigenschaften:<br \/>\nIhren Flyer k\u00f6nnen Sie bei uns in den verschiedesten Formaten drucken lassen. F\u00fcr unsere eigenen Rallyes verwenden wir DIN-A6 Flyer, weil sich dort auf sechs Seiten alle wichtigen Informationen \u00fcber die Veranstaltung pfiffig abbilden lassen und der Flyer in der Hemd oder Jackentasche bestens Platz findet<\/p>\n<p><a href=\"mailto:ausstatter@pascal-kapp.de\">Fragen Sie noch heute Ihren PREIS an.<\/a><br \/>\nGerne erstellen wir Ihnen ein individuelles Angebot.<\/p>\n<p><a href=\"https:\/\/pascal-kapp.de\/rallye-ausstatter\/shop-2\/\">Zur\u00fcck zur Produkt\u00fcbersicht<\/a><\/p>\n","protected":false},"excerpt":{"rendered":"<p>F\u00fcr die ideale Bewerbung Ihrer Veranstaltung \u2013 geben Sie Ihren Interessenten etwas an die Hand! Ansprechend gestaltete Flyer, im handlichen Format, unterstreichen den hochwertigen Anspruch Ihrer Veranstaltung. Der Rallye-Ausstatter bietet Ihnen perfekten Druck und professionelle Verarbeitung. Gerne unterst\u00fctzen wir Sie auch bei der grafischen Umsetzung.<\/p>\n<ul>\n<li>Format: z. B.: DinLong<\/li>\n<li>Umfang: 6 Seiten<\/li>\n<li>Gewicht: 300 g\/m\u00b2<\/li>\n<li>Falzart: Wickelfalz<\/li>\n<li>Druck: 4\/4 farbig<\/li>\n<li>Auflage: ab 100 St\u00fcck erh\u00e4ltlich<\/li>\n<li>Lieferzeit: ca. 2 Wochen ab Druckfreigabe<\/li>\n<li>andere Formate m\u00f6glich<\/li>\n<\/ul>\n<p>weitere Produkteigenschaften:<br \/>\nIhren Flyer k\u00f6nnen Sie bei uns in den verschiedesten Formaten drucken lassen. F\u00fcr unsere eigenen Rallyes verwenden wir DIN-A6 Flyer, weil sich dort auf sechs Seiten alle wichtigen Informationen \u00fcber die Veranstaltung pfiffig abbilden lassen und der Flyer in der Hemd oder Jackentasche bestens Platz findet<\/p>\n<p><a href=\"mailto:ausstatter@pascal-kapp.de\">Fragen Sie noch heute Ihren PREIS an.<\/a><br \/>\nGerne erstellen wir Ihnen ein individuelles Angebot.<\/p>\n<p><a href=\"javascript:history.back()\">Zur\u00fcck<\/a><\/p>\n","protected":false},"featured_media":1485,"template":"","meta":{"site-sidebar-layout":"default","site-content-layout":"","ast-site-content-layout":"default","site-content-style":"default","site-sidebar-style":"default","ast-global-header-display":"","ast-banner-title-visibility":"","ast-main-header-display":"","ast-hfb-above-header-display":"","ast-hfb-below-header-display":"","ast-hfb-mobile-header-display":"","site-post-title":"","ast-breadcrumbs-content":"","ast-featured-img":"","footer-sml-layout":"","theme-transparent-header-meta":"default","adv-header-id-meta":"","stick-header-meta":"","header-above-stick-meta":"","header-main-stick-meta":"","header-below-stick-meta":"","astra-migrate-meta-layouts":"set","ast-page-background-enabled":"default","ast-page-background-meta":{"desktop":{"background-color":"var(--ast-global-color-4)","background-image":"","background-repeat":"repeat","background-position":"center center","background-size":"auto","background-attachment":"scroll","background-type":"","background-media":"","overlay-type":"","overlay-color":"","overlay-opacity":"","overlay-gradient":""},"tablet":{"background-color":"","background-image":"","background-repeat":"repeat","background-position":"center center","background-size":"auto","background-attachment":"scroll","background-type":"","background-media":"","overlay-type":"","overlay-color":"","overlay-opacity":"","overlay-gradient":""},"mobile":{"background-color":"","background-image":"","background-repeat":"repeat","background-position":"center center","background-size":"auto","background-attachment":"scroll","background-type":"","background-media":"","overlay-type":"","overlay-color":"","overlay-opacity":"","overlay-gradient":""}},"ast-content-background-meta":{"desktop":{"background-color":"var(--ast-global-color-5)","background-image":"","background-repeat":"repeat","background-position":"center center","background-size":"auto","background-attachment":"scroll","background-type":"","background-media":"","overlay-type":"","overlay-color":"","overlay-opacity":"","overlay-gradient":""},"tablet":{"background-color":"var(--ast-global-color-5)","background-image":"","background-repeat":"repeat","background-position":"center center","background-size":"auto","background-attachment":"scroll","background-type":"","background-media":"","overlay-type":"","overlay-color":"","overlay-opacity":"","overlay-gradient":""},"mobile":{"background-color":"var(--ast-global-color-5)","background-image":"","background-repeat":"repeat","background-position":"center center","background-size":"auto","background-attachment":"scroll","background-type":"","background-media":"","overlay-type":"","overlay-color":"","overlay-opacity":"","overlay-gradient":""}}},"product_brand":[],"product_cat":[28,19],"product_tag":[],"class_list":{"0":"post-139","1":"product","2":"type-product","3":"status-publish","4":"has-post-thumbnail","6":"product_cat-flyer","7":"product_cat-produkte","8":"desktop-align-left","9":"tablet-align-left","10":"mobile-align-left","12":"first","13":"instock","14":"shipping-taxable","15":"product-type-simple"},"yoast_head":"<!-- This site is optimized with the Yoast SEO plugin v27.4 - https:\/\/yoast.com\/product\/yoast-seo-wordpress\/ -->\n<title>Flyer - Rallye-Ausstatter<\/title>\n<meta name=\"robots\" content=\"noindex, follow, max-snippet:-1, max-image-preview:large, max-video-preview:-1\" \/>\n<meta property=\"og:locale\" content=\"de_DE\" \/>\n<meta property=\"og:type\" content=\"article\" \/>\n<meta property=\"og:title\" content=\"Flyer - Rallye-Ausstatter\" \/>\n<meta property=\"og:description\" content=\"F\u00fcr die ideale Bewerbung Ihrer Veranstaltung \u2013 geben Sie Ihren Interessenten etwas an die Hand! Ansprechend gestaltete Flyer, im handlichen Format, unterstreichen den hochwertigen Anspruch Ihrer Veranstaltung. Der Rallye-Ausstatter bietet Ihnen perfekten Druck und professionelle Verarbeitung. Gerne unterst\u00fctzen wir Sie auch bei der grafischen Umsetzung.   Format: z. B.: DinLong  Umfang: 6 Seiten  Gewicht: 300 g\/m\u00b2  Falzart: Wickelfalz  Druck: 4\/4 farbig  Auflage: ab 100 St\u00fcck erh\u00e4ltlich  Lieferzeit: ca. 2 Wochen ab Druckfreigabe  andere Formate m\u00f6glich  weitere Produkteigenschaften: Ihren Flyer k\u00f6nnen Sie bei uns in den verschiedesten Formaten drucken lassen. F\u00fcr unsere eigenen Rallyes verwenden wir DIN-A6 Flyer, weil sich dort auf sechs Seiten alle wichtigen Informationen \u00fcber die Veranstaltung pfiffig abbilden lassen und der Flyer in der Hemd oder Jackentasche bestens Platz findet  Fragen Sie noch heute Ihren PREIS an. Gerne erstellen wir Ihnen ein individuelles Angebot.  Zur\u00fcck\" \/>\n<meta property=\"og:url\" content=\"https:\/\/pascal-kapp.de\/rallye-ausstatter\/produkt\/flyer\/\" \/>\n<meta property=\"og:site_name\" content=\"Rallye-Ausstatter\" \/>\n<meta property=\"article:modified_time\" content=\"2024-08-27T14:45:34+00:00\" \/>\n<meta property=\"og:image\" content=\"https:\/\/pascal-kapp.de\/rallye-ausstatter\/wp-content\/uploads\/2024\/08\/10-s-24_790x600.jpg\" \/>\n\t<meta property=\"og:image:width\" content=\"790\" \/>\n\t<meta property=\"og:image:height\" content=\"600\" \/>\n\t<meta property=\"og:image:type\" content=\"image\/jpeg\" \/>\n<meta name=\"twitter:card\" content=\"summary_large_image\" \/>\n<meta name=\"twitter:label1\" content=\"Gesch\u00e4tzte Lesezeit\" \/>\n\t<meta name=\"twitter:data1\" content=\"1\u00a0Minute\" \/>\n<script type=\"application\/ld+json\" class=\"yoast-schema-graph\">{\"@context\":\"https:\\\/\\\/schema.org\",\"@graph\":[{\"@type\":\"WebPage\",\"@id\":\"https:\\\/\\\/pascal-kapp.de\\\/rallye-ausstatter\\\/produkt\\\/flyer\\\/\",\"url\":\"https:\\\/\\\/pascal-kapp.de\\\/rallye-ausstatter\\\/produkt\\\/flyer\\\/\",\"name\":\"Flyer - Rallye-Ausstatter\",\"isPartOf\":{\"@id\":\"https:\\\/\\\/pascal-kapp.de\\\/rallye-ausstatter\\\/#website\"},\"primaryImageOfPage\":{\"@id\":\"https:\\\/\\\/pascal-kapp.de\\\/rallye-ausstatter\\\/produkt\\\/flyer\\\/#primaryimage\"},\"image\":{\"@id\":\"https:\\\/\\\/pascal-kapp.de\\\/rallye-ausstatter\\\/produkt\\\/flyer\\\/#primaryimage\"},\"thumbnailUrl\":\"https:\\\/\\\/pascal-kapp.de\\\/rallye-ausstatter\\\/wp-content\\\/uploads\\\/2024\\\/08\\\/10-s-24_790x600.jpg\",\"datePublished\":\"2024-07-30T16:13:06+00:00\",\"dateModified\":\"2024-08-27T14:45:34+00:00\",\"breadcrumb\":{\"@id\":\"https:\\\/\\\/pascal-kapp.de\\\/rallye-ausstatter\\\/produkt\\\/flyer\\\/#breadcrumb\"},\"inLanguage\":\"de\",\"potentialAction\":[{\"@type\":\"ReadAction\",\"target\":[\"https:\\\/\\\/pascal-kapp.de\\\/rallye-ausstatter\\\/produkt\\\/flyer\\\/\"]}]},{\"@type\":\"ImageObject\",\"inLanguage\":\"de\",\"@id\":\"https:\\\/\\\/pascal-kapp.de\\\/rallye-ausstatter\\\/produkt\\\/flyer\\\/#primaryimage\",\"url\":\"https:\\\/\\\/pascal-kapp.de\\\/rallye-ausstatter\\\/wp-content\\\/uploads\\\/2024\\\/08\\\/10-s-24_790x600.jpg\",\"contentUrl\":\"https:\\\/\\\/pascal-kapp.de\\\/rallye-ausstatter\\\/wp-content\\\/uploads\\\/2024\\\/08\\\/10-s-24_790x600.jpg\",\"width\":790,\"height\":600},{\"@type\":\"BreadcrumbList\",\"@id\":\"https:\\\/\\\/pascal-kapp.de\\\/rallye-ausstatter\\\/produkt\\\/flyer\\\/#breadcrumb\",\"itemListElement\":[{\"@type\":\"ListItem\",\"position\":1,\"name\":\"Startseite\",\"item\":\"https:\\\/\\\/pascal-kapp.de\\\/rallye-ausstatter\\\/\"},{\"@type\":\"ListItem\",\"position\":2,\"name\":\"Shop\",\"item\":\"https:\\\/\\\/pascal-kapp.de\\\/rallye-ausstatter\\\/shop-2\\\/\"},{\"@type\":\"ListItem\",\"position\":3,\"name\":\"Flyer\"}]},{\"@type\":\"WebSite\",\"@id\":\"https:\\\/\\\/pascal-kapp.de\\\/rallye-ausstatter\\\/#website\",\"url\":\"https:\\\/\\\/pascal-kapp.de\\\/rallye-ausstatter\\\/\",\"name\":\"Rallye-Ausstatter\",\"description\":\"\",\"publisher\":{\"@id\":\"https:\\\/\\\/pascal-kapp.de\\\/rallye-ausstatter\\\/#organization\"},\"potentialAction\":[{\"@type\":\"SearchAction\",\"target\":{\"@type\":\"EntryPoint\",\"urlTemplate\":\"https:\\\/\\\/pascal-kapp.de\\\/rallye-ausstatter\\\/?s={search_term_string}\"},\"query-input\":{\"@type\":\"PropertyValueSpecification\",\"valueRequired\":true,\"valueName\":\"search_term_string\"}}],\"inLanguage\":\"de\"},{\"@type\":\"Organization\",\"@id\":\"https:\\\/\\\/pascal-kapp.de\\\/rallye-ausstatter\\\/#organization\",\"name\":\"Rallye-Ausstatter\",\"url\":\"https:\\\/\\\/pascal-kapp.de\\\/rallye-ausstatter\\\/\",\"logo\":{\"@type\":\"ImageObject\",\"inLanguage\":\"de\",\"@id\":\"https:\\\/\\\/pascal-kapp.de\\\/rallye-ausstatter\\\/#\\\/schema\\\/logo\\\/image\\\/\",\"url\":\"https:\\\/\\\/pascal-kapp.de\\\/rallye-ausstatter\\\/wp-content\\\/uploads\\\/2024\\\/03\\\/logo_mail_abbinder.png\",\"contentUrl\":\"https:\\\/\\\/pascal-kapp.de\\\/rallye-ausstatter\\\/wp-content\\\/uploads\\\/2024\\\/03\\\/logo_mail_abbinder.png\",\"width\":369,\"height\":85,\"caption\":\"Rallye-Ausstatter\"},\"image\":{\"@id\":\"https:\\\/\\\/pascal-kapp.de\\\/rallye-ausstatter\\\/#\\\/schema\\\/logo\\\/image\\\/\"}}]}<\/script>\n<!-- \/ Yoast SEO plugin. -->","yoast_head_json":{"title":"Flyer - Rallye-Ausstatter","robots":{"index":"noindex","follow":"follow","max-snippet":"max-snippet:-1","max-image-preview":"max-image-preview:large","max-video-preview":"max-video-preview:-1"},"og_locale":"de_DE","og_type":"article","og_title":"Flyer - Rallye-Ausstatter","og_description":"F\u00fcr die ideale Bewerbung Ihrer Veranstaltung \u2013 geben Sie Ihren Interessenten etwas an die Hand! Ansprechend gestaltete Flyer, im handlichen Format, unterstreichen den hochwertigen Anspruch Ihrer Veranstaltung. Der Rallye-Ausstatter bietet Ihnen perfekten Druck und professionelle Verarbeitung. Gerne unterst\u00fctzen wir Sie auch bei der grafischen Umsetzung.   Format: z. B.: DinLong  Umfang: 6 Seiten  Gewicht: 300 g\/m\u00b2  Falzart: Wickelfalz  Druck: 4\/4 farbig  Auflage: ab 100 St\u00fcck erh\u00e4ltlich  Lieferzeit: ca. 2 Wochen ab Druckfreigabe  andere Formate m\u00f6glich  weitere Produkteigenschaften: Ihren Flyer k\u00f6nnen Sie bei uns in den verschiedesten Formaten drucken lassen. F\u00fcr unsere eigenen Rallyes verwenden wir DIN-A6 Flyer, weil sich dort auf sechs Seiten alle wichtigen Informationen \u00fcber die Veranstaltung pfiffig abbilden lassen und der Flyer in der Hemd oder Jackentasche bestens Platz findet  Fragen Sie noch heute Ihren PREIS an. Gerne erstellen wir Ihnen ein individuelles Angebot.  Zur\u00fcck","og_url":"https:\/\/pascal-kapp.de\/rallye-ausstatter\/produkt\/flyer\/","og_site_name":"Rallye-Ausstatter","article_modified_time":"2024-08-27T14:45:34+00:00","og_image":[{"width":790,"height":600,"url":"https:\/\/pascal-kapp.de\/rallye-ausstatter\/wp-content\/uploads\/2024\/08\/10-s-24_790x600.jpg","type":"image\/jpeg"}],"twitter_card":"summary_large_image","twitter_misc":{"Gesch\u00e4tzte Lesezeit":"1\u00a0Minute"},"schema":{"@context":"https:\/\/schema.org","@graph":[{"@type":"WebPage","@id":"https:\/\/pascal-kapp.de\/rallye-ausstatter\/produkt\/flyer\/","url":"https:\/\/pascal-kapp.de\/rallye-ausstatter\/produkt\/flyer\/","name":"Flyer - Rallye-Ausstatter","isPartOf":{"@id":"https:\/\/pascal-kapp.de\/rallye-ausstatter\/#website"},"primaryImageOfPage":{"@id":"https:\/\/pascal-kapp.de\/rallye-ausstatter\/produkt\/flyer\/#primaryimage"},"image":{"@id":"https:\/\/pascal-kapp.de\/rallye-ausstatter\/produkt\/flyer\/#primaryimage"},"thumbnailUrl":"https:\/\/pascal-kapp.de\/rallye-ausstatter\/wp-content\/uploads\/2024\/08\/10-s-24_790x600.jpg","datePublished":"2024-07-30T16:13:06+00:00","dateModified":"2024-08-27T14:45:34+00:00","breadcrumb":{"@id":"https:\/\/pascal-kapp.de\/rallye-ausstatter\/produkt\/flyer\/#breadcrumb"},"inLanguage":"de","potentialAction":[{"@type":"ReadAction","target":["https:\/\/pascal-kapp.de\/rallye-ausstatter\/produkt\/flyer\/"]}]},{"@type":"ImageObject","inLanguage":"de","@id":"https:\/\/pascal-kapp.de\/rallye-ausstatter\/produkt\/flyer\/#primaryimage","url":"https:\/\/pascal-kapp.de\/rallye-ausstatter\/wp-content\/uploads\/2024\/08\/10-s-24_790x600.jpg","contentUrl":"https:\/\/pascal-kapp.de\/rallye-ausstatter\/wp-content\/uploads\/2024\/08\/10-s-24_790x600.jpg","width":790,"height":600},{"@type":"BreadcrumbList","@id":"https:\/\/pascal-kapp.de\/rallye-ausstatter\/produkt\/flyer\/#breadcrumb","itemListElement":[{"@type":"ListItem","position":1,"name":"Startseite","item":"https:\/\/pascal-kapp.de\/rallye-ausstatter\/"},{"@type":"ListItem","position":2,"name":"Shop","item":"https:\/\/pascal-kapp.de\/rallye-ausstatter\/shop-2\/"},{"@type":"ListItem","position":3,"name":"Flyer"}]},{"@type":"WebSite","@id":"https:\/\/pascal-kapp.de\/rallye-ausstatter\/#website","url":"https:\/\/pascal-kapp.de\/rallye-ausstatter\/","name":"Rallye-Ausstatter","description":"","publisher":{"@id":"https:\/\/pascal-kapp.de\/rallye-ausstatter\/#organization"},"potentialAction":[{"@type":"SearchAction","target":{"@type":"EntryPoint","urlTemplate":"https:\/\/pascal-kapp.de\/rallye-ausstatter\/?s={search_term_string}"},"query-input":{"@type":"PropertyValueSpecification","valueRequired":true,"valueName":"search_term_string"}}],"inLanguage":"de"},{"@type":"Organization","@id":"https:\/\/pascal-kapp.de\/rallye-ausstatter\/#organization","name":"Rallye-Ausstatter","url":"https:\/\/pascal-kapp.de\/rallye-ausstatter\/","logo":{"@type":"ImageObject","inLanguage":"de","@id":"https:\/\/pascal-kapp.de\/rallye-ausstatter\/#\/schema\/logo\/image\/","url":"https:\/\/pascal-kapp.de\/rallye-ausstatter\/wp-content\/uploads\/2024\/03\/logo_mail_abbinder.png","contentUrl":"https:\/\/pascal-kapp.de\/rallye-ausstatter\/wp-content\/uploads\/2024\/03\/logo_mail_abbinder.png","width":369,"height":85,"caption":"Rallye-Ausstatter"},"image":{"@id":"https:\/\/pascal-kapp.de\/rallye-ausstatter\/#\/schema\/logo\/image\/"}}]}},"_links":{"self":[{"href":"https:\/\/pascal-kapp.de\/rallye-ausstatter\/wp-json\/wp\/v2\/product\/139","targetHints":{"allow":["GET"]}}],"collection":[{"href":"https:\/\/pascal-kapp.de\/rallye-ausstatter\/wp-json\/wp\/v2\/product"}],"about":[{"href":"https:\/\/pascal-kapp.de\/rallye-ausstatter\/wp-json\/wp\/v2\/types\/product"}],"wp:featuredmedia":[{"embeddable":true,"href":"https:\/\/pascal-kapp.de\/rallye-ausstatter\/wp-json\/wp\/v2\/media\/1485"}],"wp:attachment":[{"href":"https:\/\/pascal-kapp.de\/rallye-ausstatter\/wp-json\/wp\/v2\/media?parent=139"}],"wp:term":[{"taxonomy":"product_brand","embeddable":true,"href":"https:\/\/pascal-kapp.de\/rallye-ausstatter\/wp-json\/wp\/v2\/product_brand?post=139"},{"taxonomy":"product_cat","embeddable":true,"href":"https:\/\/pascal-kapp.de\/rallye-ausstatter\/wp-json\/wp\/v2\/product_cat?post=139"},{"taxonomy":"product_tag","embeddable":true,"href":"https:\/\/pascal-kapp.de\/rallye-ausstatter\/wp-json\/wp\/v2\/product_tag?post=139"}],"curies":[{"name":"wp","href":"https:\/\/api.w.org\/{rel}","templated":true}]}}