{"id":161,"date":"2024-03-14T16:20:35","date_gmt":"2024-03-14T16:20:35","guid":{"rendered":"https:\/\/pascal-kapp.de\/rallye-ausstatter\/?post_type=product&#038;p=161"},"modified":"2024-09-04T07:45:05","modified_gmt":"2024-09-04T07:45:05","slug":"namensschilder-badges","status":"publish","type":"product","link":"https:\/\/pascal-kapp.de\/rallye-ausstatter\/produkt\/namensschilder-badges\/","title":{"rendered":"Namensschilder (Badges)"},"content":{"rendered":"<p><a name=\"beschreibung\"><\/a>Nennen Sie Ihre Teilnehmer beim Namen! Die hochwertigen Namensschilder (Badges) vom Rallye-Ausstatter verst\u00e4rken die Identifikation Ihrer G\u00e4ste mit der Veranstaltung, bieten elegant Raum f\u00fcr Eigen-\/Sponsorenwerbung und sind beliebte Erinnerungsst\u00fccke. Erh\u00e4ltlich als Plastikkarte oder als Namensschild mit Sichth\u00fclle (Badgeholder). Besonders hervorzuheben ist auch, dass die Plastikkarte die Troph\u00e4e schlechthin ist. &#8211; Also absolut andenkensf\u00e4hig.<\/p>\n<ul>\n<li>Material: PVC 4-fach laminiert<\/li>\n<li>Gr\u00f6\u00dfe: 85 x 54 mm (Scheckkarte)<\/li>\n<li>Veredelung: beidseitig bis 4c-m\u00f6glich<\/li>\n<li>Auflage: ab 1 St\u00fcck erh\u00e4ltlich<\/li>\n<\/ul>\n<p>Wir bieten unsere zwei verschiedene Varianten mit den unterschiedlichstens Ausf\u00fchrungen an.<br \/>\nNadeln, Lanyards, Ketten, Magnete, (Ski-)Zipper<\/p>\n<p><a href=\"mailto:ausstatter@pascal-kapp.de\">Fragen Sie noch heute Ihren PREIS an.<\/a><br \/>\nGerne erstellen wir Ihnen ein individuelles Angebot.<\/p>\n<p><a href=\"https:\/\/pascal-kapp.de\/rallye-ausstatter\/shop-2\/\">Zur\u00fcck zur Produkt\u00fcbersicht<\/a><\/p>\n","protected":false},"excerpt":{"rendered":"<p>Nennen Sie Ihre Teilnehmer beim Namen! Die hochwertigen Namensschilder (Badges) vom Rallye-Ausstatter verst\u00e4rken die Identifikation Ihrer G\u00e4ste mit der Veranstaltung, bieten elegant Raum f\u00fcr Eigen-\/Sponsorenwerbung und sind beliebte Erinnerungsst\u00fccke. Erh\u00e4ltlich als Plastikkarte oder als Namensschild mit Sichth\u00fclle (Badgeholder). Besonders hervorzuheben ist auch, dass die Plastikkarte die Troph\u00e4e schlechthin ist. &#8211; Also absolut andenkensf\u00e4hig.<\/p>\n<ul>\n<li>Material: PVC 4-fach laminiert<\/li>\n<li>Gr\u00f6\u00dfe: 85 x 54 mm (Scheckkarte)<\/li>\n<li>Veredelung: beidseitig bis 4c-m\u00f6glich<\/li>\n<li>Auflage: ab 1 St\u00fcck erh\u00e4ltlich<\/li>\n<\/ul>\n<p>Wir bieten unsere zwei verschiedene Varianten mit den unterschiedlichstens Ausf\u00fchrungen an.<br \/>\nNadeln, Lanyards, Ketten, Magnete, (Ski-)Zipper<\/p>\n<p><a href=\"mailto:ausstatter@pascal-kapp.de\">Fragen Sie noch heute Ihren PREIS an.<\/a><br \/>\nGerne erstellen wir Ihnen ein individuelles Angebot.<\/p>\n<p><a href=\"javascript:history.back()\">Zur\u00fcck<\/a><\/p>\n","protected":false},"featured_media":251,"template":"","meta":{"site-sidebar-layout":"default","site-content-layout":"","ast-site-content-layout":"default","site-content-style":"default","site-sidebar-style":"default","ast-global-header-display":"","ast-banner-title-visibility":"","ast-main-header-display":"","ast-hfb-above-header-display":"","ast-hfb-below-header-display":"","ast-hfb-mobile-header-display":"","site-post-title":"","ast-breadcrumbs-content":"","ast-featured-img":"","footer-sml-layout":"","theme-transparent-header-meta":"default","adv-header-id-meta":"","stick-header-meta":"","header-above-stick-meta":"","header-main-stick-meta":"","header-below-stick-meta":"","astra-migrate-meta-layouts":"set","ast-page-background-enabled":"default","ast-page-background-meta":{"desktop":{"background-color":"var(--ast-global-color-4)","background-image":"","background-repeat":"repeat","background-position":"center center","background-size":"auto","background-attachment":"scroll","background-type":"","background-media":"","overlay-type":"","overlay-color":"","overlay-opacity":"","overlay-gradient":""},"tablet":{"background-color":"","background-image":"","background-repeat":"repeat","background-position":"center center","background-size":"auto","background-attachment":"scroll","background-type":"","background-media":"","overlay-type":"","overlay-color":"","overlay-opacity":"","overlay-gradient":""},"mobile":{"background-color":"","background-image":"","background-repeat":"repeat","background-position":"center center","background-size":"auto","background-attachment":"scroll","background-type":"","background-media":"","overlay-type":"","overlay-color":"","overlay-opacity":"","overlay-gradient":""}},"ast-content-background-meta":{"desktop":{"background-color":"var(--ast-global-color-5)","background-image":"","background-repeat":"repeat","background-position":"center center","background-size":"auto","background-attachment":"scroll","background-type":"","background-media":"","overlay-type":"","overlay-color":"","overlay-opacity":"","overlay-gradient":""},"tablet":{"background-color":"var(--ast-global-color-5)","background-image":"","background-repeat":"repeat","background-position":"center center","background-size":"auto","background-attachment":"scroll","background-type":"","background-media":"","overlay-type":"","overlay-color":"","overlay-opacity":"","overlay-gradient":""},"mobile":{"background-color":"var(--ast-global-color-5)","background-image":"","background-repeat":"repeat","background-position":"center center","background-size":"auto","background-attachment":"scroll","background-type":"","background-media":"","overlay-type":"","overlay-color":"","overlay-opacity":"","overlay-gradient":""}}},"product_brand":[],"product_cat":[38,19],"product_tag":[],"class_list":{"0":"post-161","1":"product","2":"type-product","3":"status-publish","4":"has-post-thumbnail","6":"product_cat-namensschilder","7":"product_cat-produkte","8":"desktop-align-left","9":"tablet-align-left","10":"mobile-align-left","12":"first","13":"instock","14":"shipping-taxable","15":"product-type-simple"},"yoast_head":"<!-- This site is optimized with the Yoast SEO plugin v27.6 - https:\/\/yoast.com\/product\/yoast-seo-wordpress\/ -->\n<title>Namensschilder (Badges) - Rallye-Ausstatter<\/title>\n<meta name=\"robots\" content=\"noindex, follow, max-snippet:-1, max-image-preview:large, max-video-preview:-1\" \/>\n<meta property=\"og:locale\" content=\"de_DE\" \/>\n<meta property=\"og:type\" content=\"article\" \/>\n<meta property=\"og:title\" content=\"Namensschilder (Badges) - Rallye-Ausstatter\" \/>\n<meta property=\"og:description\" content=\"Nennen Sie Ihre Teilnehmer beim Namen! Die hochwertigen Namensschilder (Badges) vom Rallye-Ausstatter verst\u00e4rken die Identifikation Ihrer G\u00e4ste mit der Veranstaltung, bieten elegant Raum f\u00fcr Eigen-\/Sponsorenwerbung und sind beliebte Erinnerungsst\u00fccke. Erh\u00e4ltlich als Plastikkarte oder als Namensschild mit Sichth\u00fclle (Badgeholder). Besonders hervorzuheben ist auch, dass die Plastikkarte die Troph\u00e4e schlechthin ist. - Also absolut andenkensf\u00e4hig.   Material: PVC 4-fach laminiert  Gr\u00f6\u00dfe: 85 x 54 mm (Scheckkarte)  Veredelung: beidseitig bis 4c-m\u00f6glich  Auflage: ab 1 St\u00fcck erh\u00e4ltlich  Wir bieten unsere zwei verschiedene Varianten mit den unterschiedlichstens Ausf\u00fchrungen an. Nadeln, Lanyards, Ketten, Magnete, (Ski-)Zipper  Fragen Sie noch heute Ihren PREIS an. Gerne erstellen wir Ihnen ein individuelles Angebot.  Zur\u00fcck\" \/>\n<meta property=\"og:url\" content=\"https:\/\/pascal-kapp.de\/rallye-ausstatter\/produkt\/namensschilder-badges\/\" \/>\n<meta property=\"og:site_name\" content=\"Rallye-Ausstatter\" \/>\n<meta property=\"article:modified_time\" content=\"2024-09-04T07:45:05+00:00\" \/>\n<meta property=\"og:image\" content=\"https:\/\/pascal-kapp.de\/rallye-ausstatter\/wp-content\/uploads\/2024\/03\/omc19_585x400.png\" \/>\n\t<meta property=\"og:image:width\" content=\"585\" \/>\n\t<meta property=\"og:image:height\" content=\"400\" \/>\n\t<meta property=\"og:image:type\" content=\"image\/png\" \/>\n<meta name=\"twitter:card\" content=\"summary_large_image\" \/>\n<meta name=\"twitter:label1\" content=\"Gesch\u00e4tzte Lesezeit\" \/>\n\t<meta name=\"twitter:data1\" content=\"1\u00a0Minute\" \/>\n<script type=\"application\/ld+json\" class=\"yoast-schema-graph\">{\"@context\":\"https:\\\/\\\/schema.org\",\"@graph\":[{\"@type\":\"WebPage\",\"@id\":\"https:\\\/\\\/pascal-kapp.de\\\/rallye-ausstatter\\\/produkt\\\/namensschilder-badges\\\/\",\"url\":\"https:\\\/\\\/pascal-kapp.de\\\/rallye-ausstatter\\\/produkt\\\/namensschilder-badges\\\/\",\"name\":\"Namensschilder (Badges) - Rallye-Ausstatter\",\"isPartOf\":{\"@id\":\"https:\\\/\\\/pascal-kapp.de\\\/rallye-ausstatter\\\/#website\"},\"primaryImageOfPage\":{\"@id\":\"https:\\\/\\\/pascal-kapp.de\\\/rallye-ausstatter\\\/produkt\\\/namensschilder-badges\\\/#primaryimage\"},\"image\":{\"@id\":\"https:\\\/\\\/pascal-kapp.de\\\/rallye-ausstatter\\\/produkt\\\/namensschilder-badges\\\/#primaryimage\"},\"thumbnailUrl\":\"https:\\\/\\\/pascal-kapp.de\\\/rallye-ausstatter\\\/wp-content\\\/uploads\\\/2024\\\/03\\\/omc19_585x400.png\",\"datePublished\":\"2024-03-14T16:20:35+00:00\",\"dateModified\":\"2024-09-04T07:45:05+00:00\",\"breadcrumb\":{\"@id\":\"https:\\\/\\\/pascal-kapp.de\\\/rallye-ausstatter\\\/produkt\\\/namensschilder-badges\\\/#breadcrumb\"},\"inLanguage\":\"de\",\"potentialAction\":[{\"@type\":\"ReadAction\",\"target\":[\"https:\\\/\\\/pascal-kapp.de\\\/rallye-ausstatter\\\/produkt\\\/namensschilder-badges\\\/\"]}]},{\"@type\":\"ImageObject\",\"inLanguage\":\"de\",\"@id\":\"https:\\\/\\\/pascal-kapp.de\\\/rallye-ausstatter\\\/produkt\\\/namensschilder-badges\\\/#primaryimage\",\"url\":\"https:\\\/\\\/pascal-kapp.de\\\/rallye-ausstatter\\\/wp-content\\\/uploads\\\/2024\\\/03\\\/omc19_585x400.png\",\"contentUrl\":\"https:\\\/\\\/pascal-kapp.de\\\/rallye-ausstatter\\\/wp-content\\\/uploads\\\/2024\\\/03\\\/omc19_585x400.png\",\"width\":585,\"height\":400},{\"@type\":\"BreadcrumbList\",\"@id\":\"https:\\\/\\\/pascal-kapp.de\\\/rallye-ausstatter\\\/produkt\\\/namensschilder-badges\\\/#breadcrumb\",\"itemListElement\":[{\"@type\":\"ListItem\",\"position\":1,\"name\":\"Startseite\",\"item\":\"https:\\\/\\\/pascal-kapp.de\\\/rallye-ausstatter\\\/\"},{\"@type\":\"ListItem\",\"position\":2,\"name\":\"Shop\",\"item\":\"https:\\\/\\\/pascal-kapp.de\\\/rallye-ausstatter\\\/shop-2\\\/\"},{\"@type\":\"ListItem\",\"position\":3,\"name\":\"Namensschilder (Badges)\"}]},{\"@type\":\"WebSite\",\"@id\":\"https:\\\/\\\/pascal-kapp.de\\\/rallye-ausstatter\\\/#website\",\"url\":\"https:\\\/\\\/pascal-kapp.de\\\/rallye-ausstatter\\\/\",\"name\":\"Rallye-Ausstatter\",\"description\":\"\",\"publisher\":{\"@id\":\"https:\\\/\\\/pascal-kapp.de\\\/rallye-ausstatter\\\/#organization\"},\"potentialAction\":[{\"@type\":\"SearchAction\",\"target\":{\"@type\":\"EntryPoint\",\"urlTemplate\":\"https:\\\/\\\/pascal-kapp.de\\\/rallye-ausstatter\\\/?s={search_term_string}\"},\"query-input\":{\"@type\":\"PropertyValueSpecification\",\"valueRequired\":true,\"valueName\":\"search_term_string\"}}],\"inLanguage\":\"de\"},{\"@type\":\"Organization\",\"@id\":\"https:\\\/\\\/pascal-kapp.de\\\/rallye-ausstatter\\\/#organization\",\"name\":\"Rallye-Ausstatter\",\"url\":\"https:\\\/\\\/pascal-kapp.de\\\/rallye-ausstatter\\\/\",\"logo\":{\"@type\":\"ImageObject\",\"inLanguage\":\"de\",\"@id\":\"https:\\\/\\\/pascal-kapp.de\\\/rallye-ausstatter\\\/#\\\/schema\\\/logo\\\/image\\\/\",\"url\":\"https:\\\/\\\/pascal-kapp.de\\\/rallye-ausstatter\\\/wp-content\\\/uploads\\\/2024\\\/03\\\/logo_mail_abbinder.png\",\"contentUrl\":\"https:\\\/\\\/pascal-kapp.de\\\/rallye-ausstatter\\\/wp-content\\\/uploads\\\/2024\\\/03\\\/logo_mail_abbinder.png\",\"width\":369,\"height\":85,\"caption\":\"Rallye-Ausstatter\"},\"image\":{\"@id\":\"https:\\\/\\\/pascal-kapp.de\\\/rallye-ausstatter\\\/#\\\/schema\\\/logo\\\/image\\\/\"}}]}<\/script>\n<!-- \/ Yoast SEO plugin. -->","yoast_head_json":{"title":"Namensschilder (Badges) - Rallye-Ausstatter","robots":{"index":"noindex","follow":"follow","max-snippet":"max-snippet:-1","max-image-preview":"max-image-preview:large","max-video-preview":"max-video-preview:-1"},"og_locale":"de_DE","og_type":"article","og_title":"Namensschilder (Badges) - Rallye-Ausstatter","og_description":"Nennen Sie Ihre Teilnehmer beim Namen! Die hochwertigen Namensschilder (Badges) vom Rallye-Ausstatter verst\u00e4rken die Identifikation Ihrer G\u00e4ste mit der Veranstaltung, bieten elegant Raum f\u00fcr Eigen-\/Sponsorenwerbung und sind beliebte Erinnerungsst\u00fccke. Erh\u00e4ltlich als Plastikkarte oder als Namensschild mit Sichth\u00fclle (Badgeholder). Besonders hervorzuheben ist auch, dass die Plastikkarte die Troph\u00e4e schlechthin ist. - Also absolut andenkensf\u00e4hig.   Material: PVC 4-fach laminiert  Gr\u00f6\u00dfe: 85 x 54 mm (Scheckkarte)  Veredelung: beidseitig bis 4c-m\u00f6glich  Auflage: ab 1 St\u00fcck erh\u00e4ltlich  Wir bieten unsere zwei verschiedene Varianten mit den unterschiedlichstens Ausf\u00fchrungen an. Nadeln, Lanyards, Ketten, Magnete, (Ski-)Zipper  Fragen Sie noch heute Ihren PREIS an. Gerne erstellen wir Ihnen ein individuelles Angebot.  Zur\u00fcck","og_url":"https:\/\/pascal-kapp.de\/rallye-ausstatter\/produkt\/namensschilder-badges\/","og_site_name":"Rallye-Ausstatter","article_modified_time":"2024-09-04T07:45:05+00:00","og_image":[{"width":585,"height":400,"url":"https:\/\/pascal-kapp.de\/rallye-ausstatter\/wp-content\/uploads\/2024\/03\/omc19_585x400.png","type":"image\/png"}],"twitter_card":"summary_large_image","twitter_misc":{"Gesch\u00e4tzte Lesezeit":"1\u00a0Minute"},"schema":{"@context":"https:\/\/schema.org","@graph":[{"@type":"WebPage","@id":"https:\/\/pascal-kapp.de\/rallye-ausstatter\/produkt\/namensschilder-badges\/","url":"https:\/\/pascal-kapp.de\/rallye-ausstatter\/produkt\/namensschilder-badges\/","name":"Namensschilder (Badges) - Rallye-Ausstatter","isPartOf":{"@id":"https:\/\/pascal-kapp.de\/rallye-ausstatter\/#website"},"primaryImageOfPage":{"@id":"https:\/\/pascal-kapp.de\/rallye-ausstatter\/produkt\/namensschilder-badges\/#primaryimage"},"image":{"@id":"https:\/\/pascal-kapp.de\/rallye-ausstatter\/produkt\/namensschilder-badges\/#primaryimage"},"thumbnailUrl":"https:\/\/pascal-kapp.de\/rallye-ausstatter\/wp-content\/uploads\/2024\/03\/omc19_585x400.png","datePublished":"2024-03-14T16:20:35+00:00","dateModified":"2024-09-04T07:45:05+00:00","breadcrumb":{"@id":"https:\/\/pascal-kapp.de\/rallye-ausstatter\/produkt\/namensschilder-badges\/#breadcrumb"},"inLanguage":"de","potentialAction":[{"@type":"ReadAction","target":["https:\/\/pascal-kapp.de\/rallye-ausstatter\/produkt\/namensschilder-badges\/"]}]},{"@type":"ImageObject","inLanguage":"de","@id":"https:\/\/pascal-kapp.de\/rallye-ausstatter\/produkt\/namensschilder-badges\/#primaryimage","url":"https:\/\/pascal-kapp.de\/rallye-ausstatter\/wp-content\/uploads\/2024\/03\/omc19_585x400.png","contentUrl":"https:\/\/pascal-kapp.de\/rallye-ausstatter\/wp-content\/uploads\/2024\/03\/omc19_585x400.png","width":585,"height":400},{"@type":"BreadcrumbList","@id":"https:\/\/pascal-kapp.de\/rallye-ausstatter\/produkt\/namensschilder-badges\/#breadcrumb","itemListElement":[{"@type":"ListItem","position":1,"name":"Startseite","item":"https:\/\/pascal-kapp.de\/rallye-ausstatter\/"},{"@type":"ListItem","position":2,"name":"Shop","item":"https:\/\/pascal-kapp.de\/rallye-ausstatter\/shop-2\/"},{"@type":"ListItem","position":3,"name":"Namensschilder (Badges)"}]},{"@type":"WebSite","@id":"https:\/\/pascal-kapp.de\/rallye-ausstatter\/#website","url":"https:\/\/pascal-kapp.de\/rallye-ausstatter\/","name":"Rallye-Ausstatter","description":"","publisher":{"@id":"https:\/\/pascal-kapp.de\/rallye-ausstatter\/#organization"},"potentialAction":[{"@type":"SearchAction","target":{"@type":"EntryPoint","urlTemplate":"https:\/\/pascal-kapp.de\/rallye-ausstatter\/?s={search_term_string}"},"query-input":{"@type":"PropertyValueSpecification","valueRequired":true,"valueName":"search_term_string"}}],"inLanguage":"de"},{"@type":"Organization","@id":"https:\/\/pascal-kapp.de\/rallye-ausstatter\/#organization","name":"Rallye-Ausstatter","url":"https:\/\/pascal-kapp.de\/rallye-ausstatter\/","logo":{"@type":"ImageObject","inLanguage":"de","@id":"https:\/\/pascal-kapp.de\/rallye-ausstatter\/#\/schema\/logo\/image\/","url":"https:\/\/pascal-kapp.de\/rallye-ausstatter\/wp-content\/uploads\/2024\/03\/logo_mail_abbinder.png","contentUrl":"https:\/\/pascal-kapp.de\/rallye-ausstatter\/wp-content\/uploads\/2024\/03\/logo_mail_abbinder.png","width":369,"height":85,"caption":"Rallye-Ausstatter"},"image":{"@id":"https:\/\/pascal-kapp.de\/rallye-ausstatter\/#\/schema\/logo\/image\/"}}]}},"_links":{"self":[{"href":"https:\/\/pascal-kapp.de\/rallye-ausstatter\/wp-json\/wp\/v2\/product\/161","targetHints":{"allow":["GET"]}}],"collection":[{"href":"https:\/\/pascal-kapp.de\/rallye-ausstatter\/wp-json\/wp\/v2\/product"}],"about":[{"href":"https:\/\/pascal-kapp.de\/rallye-ausstatter\/wp-json\/wp\/v2\/types\/product"}],"wp:featuredmedia":[{"embeddable":true,"href":"https:\/\/pascal-kapp.de\/rallye-ausstatter\/wp-json\/wp\/v2\/media\/251"}],"wp:attachment":[{"href":"https:\/\/pascal-kapp.de\/rallye-ausstatter\/wp-json\/wp\/v2\/media?parent=161"}],"wp:term":[{"taxonomy":"product_brand","embeddable":true,"href":"https:\/\/pascal-kapp.de\/rallye-ausstatter\/wp-json\/wp\/v2\/product_brand?post=161"},{"taxonomy":"product_cat","embeddable":true,"href":"https:\/\/pascal-kapp.de\/rallye-ausstatter\/wp-json\/wp\/v2\/product_cat?post=161"},{"taxonomy":"product_tag","embeddable":true,"href":"https:\/\/pascal-kapp.de\/rallye-ausstatter\/wp-json\/wp\/v2\/product_tag?post=161"}],"curies":[{"name":"wp","href":"https:\/\/api.w.org\/{rel}","templated":true}]}}