{"id":166,"date":"2024-03-14T16:12:28","date_gmt":"2024-03-14T16:12:28","guid":{"rendered":"https:\/\/pascal-kapp.de\/rallye-ausstatter\/?post_type=product&#038;p=166"},"modified":"2024-08-27T14:44:40","modified_gmt":"2024-08-27T14:44:40","slug":"einlassbaender","status":"publish","type":"product","link":"https:\/\/pascal-kapp.de\/rallye-ausstatter\/produkt\/einlassbaender\/","title":{"rendered":"Einlassb\u00e4nder"},"content":{"rendered":"<p><a name=\"beschreibung\"><\/a>An ihren B\u00e4ndern sollt ihr sie erkennen. Unser 3-lagiges PVC &#8211; VIP Band ist\u00a0aus weichem Vinyl und liegt angenehm auf der Haut. Es hat einen weitenregulierbaren Plastikverschluss und kann \u2013 einmal geschlossen \u2013 nur wieder entfernt werden, wenn es durchgeschnitten wird. Dadurch sind die B\u00e4nder nicht manipulierbar und bieten h\u00f6chste Sicherheit! Auch f\u00fcr Sponsoren eine gute Werbem\u00f6glichkeit!<\/p>\n<ul>\n<li>Material: VINYL, 3-lagiges Verbund-Polyethylen mit weicher Kante<\/li>\n<li>Gr\u00f6\u00dfe: 250 mm x 24 mm<\/li>\n<li>Bandfarben: 27 Farben<\/li>\n<li>Eigenschaften: farbecht, rei\u00df- &amp; wasserfest, hypoallergen<\/li>\n<li>Verschluss: Einweg &#8211; Druckverschluss, weitenregulierbar<\/li>\n<li>Druckfl\u00e4che: 60 mm x 20 mm<\/li>\n<li>Druckfarben: schwarz, wei\u00df, silber, gold, rot, blau, gelb, neonorange, neongr\u00fcn Ab 100 St\u00fcck erh\u00e4ltlich. pro Bogen: 10 oder 20 B\u00e4nder<\/li>\n<\/ul>\n<p>Hochwertige Anfertigung aus dreilagigem Kunsstoff, der besonders hautvertr\u00e4glich ist. Dieses Einlassband ist wasserfest, stabil und zugleich farbecht. Der spezielle Druckerverschluss verhindert, dass dieses Kontrollband an Unbefugte \u00fcbertragen wird. Es handelt sich somit um ein Einweg-Kontrollband. Wir haben uns extra f\u00fcr dieses hochwertige Einlassband entschieden, damit das Veranstalter-Logo gut sichtbar angebracht werden kann.<\/p>\n<p><a href=\"mailto:ausstatter@pascal-kapp.de\">Fragen Sie noch heute Ihren PREIS an.<\/a><br \/>\nGerne erstellen wir Ihnen ein individuelles Angebot.<\/p>\n<p><a href=\"https:\/\/pascal-kapp.de\/rallye-ausstatter\/shop-2\/\">Zur\u00fcck zur Produkt\u00fcbersicht<\/a><\/p>\n","protected":false},"excerpt":{"rendered":"<p>An ihren B\u00e4ndern sollt ihr sie erkennen. Unser 3-lagiges PVC &#8211; VIP Band ist\u00a0aus weichem Vinyl und liegt angenehm auf der Haut. Es hat einen weitenregulierbaren Plastikverschluss und kann \u2013 einmal geschlossen \u2013 nur wieder entfernt werden, wenn es durchgeschnitten wird. Dadurch sind die B\u00e4nder nicht manipulierbar und bieten h\u00f6chste Sicherheit! Auch f\u00fcr Sponsoren eine gute Werbem\u00f6glichkeit!<\/p>\n<ul>\n<li>Material: VINYL \/ Stoff<\/li>\n<li>Gr\u00f6\u00dfe: 250 mm x 24 mm<\/li>\n<li>Bandfarben: 27 Farben<\/li>\n<li>Eigenschaften: farbecht, rei\u00df- &amp; wasserfest, hypoallergen<\/li>\n<li>Verschluss: Einweg &#8211; Druckverschluss, weitenregulierbar<\/li>\n<li>Druckfl\u00e4che: 60 mm x 20 mm<\/li>\n<li>Druckfarben: schwarz, wei\u00df, silber, gold, rot, blau, gelb, neonorange, neongr\u00fcn Ab 100 St\u00fcck erh\u00e4ltlich. pro Bogen: 10 oder 20 B\u00e4nder<\/li>\n<\/ul>\n<p>Hochwertige Anfertigung aus dreilagigem Kunsstoff, der besonders hautvertr\u00e4glich ist. Dieses Einlassband ist wasserfest, stabil und zugleich farbecht. Der spezielle Druckerverschluss verhindert, dass dieses Kontrollband an Unbefugte \u00fcbertragen wird. Es handelt sich somit um ein Einweg-Kontrollband. Wir haben uns extra f\u00fcr dieses hochwertige Einlassband entschieden, damit das Veranstalter-Logo gut sichtbar angebracht werden kann.<\/p>\n<p><a href=\"mailto:ausstatter@pascal-kapp.de\">Fragen Sie noch heute Ihren PREIS an.<\/a><br \/>\nGerne erstellen wir Ihnen ein individuelles Angebot.<\/p>\n<p><a href=\"javascript:history.back()\">Zur\u00fcck<\/a><\/p>\n","protected":false},"featured_media":283,"template":"","meta":{"site-sidebar-layout":"default","site-content-layout":"","ast-site-content-layout":"default","site-content-style":"default","site-sidebar-style":"default","ast-global-header-display":"","ast-banner-title-visibility":"","ast-main-header-display":"","ast-hfb-above-header-display":"","ast-hfb-below-header-display":"","ast-hfb-mobile-header-display":"","site-post-title":"","ast-breadcrumbs-content":"","ast-featured-img":"","footer-sml-layout":"","theme-transparent-header-meta":"default","adv-header-id-meta":"","stick-header-meta":"","header-above-stick-meta":"","header-main-stick-meta":"","header-below-stick-meta":"","astra-migrate-meta-layouts":"set","ast-page-background-enabled":"default","ast-page-background-meta":{"desktop":{"background-color":"var(--ast-global-color-4)","background-image":"","background-repeat":"repeat","background-position":"center center","background-size":"auto","background-attachment":"scroll","background-type":"","background-media":"","overlay-type":"","overlay-color":"","overlay-opacity":"","overlay-gradient":""},"tablet":{"background-color":"","background-image":"","background-repeat":"repeat","background-position":"center center","background-size":"auto","background-attachment":"scroll","background-type":"","background-media":"","overlay-type":"","overlay-color":"","overlay-opacity":"","overlay-gradient":""},"mobile":{"background-color":"","background-image":"","background-repeat":"repeat","background-position":"center center","background-size":"auto","background-attachment":"scroll","background-type":"","background-media":"","overlay-type":"","overlay-color":"","overlay-opacity":"","overlay-gradient":""}},"ast-content-background-meta":{"desktop":{"background-color":"var(--ast-global-color-5)","background-image":"","background-repeat":"repeat","background-position":"center center","background-size":"auto","background-attachment":"scroll","background-type":"","background-media":"","overlay-type":"","overlay-color":"","overlay-opacity":"","overlay-gradient":""},"tablet":{"background-color":"var(--ast-global-color-5)","background-image":"","background-repeat":"repeat","background-position":"center center","background-size":"auto","background-attachment":"scroll","background-type":"","background-media":"","overlay-type":"","overlay-color":"","overlay-opacity":"","overlay-gradient":""},"mobile":{"background-color":"var(--ast-global-color-5)","background-image":"","background-repeat":"repeat","background-position":"center center","background-size":"auto","background-attachment":"scroll","background-type":"","background-media":"","overlay-type":"","overlay-color":"","overlay-opacity":"","overlay-gradient":""}}},"product_brand":[],"product_cat":[50,19],"product_tag":[],"class_list":{"0":"post-166","1":"product","2":"type-product","3":"status-publish","4":"has-post-thumbnail","6":"product_cat-einlassbaender","7":"product_cat-produkte","8":"desktop-align-left","9":"tablet-align-left","10":"mobile-align-left","12":"first","13":"instock","14":"shipping-taxable","15":"product-type-simple"},"yoast_head":"<!-- This site is optimized with the Yoast SEO plugin v27.5 - https:\/\/yoast.com\/product\/yoast-seo-wordpress\/ -->\n<title>Einlassb\u00e4nder - Rallye-Ausstatter<\/title>\n<meta name=\"robots\" content=\"noindex, follow, max-snippet:-1, max-image-preview:large, max-video-preview:-1\" \/>\n<meta property=\"og:locale\" content=\"de_DE\" \/>\n<meta property=\"og:type\" content=\"article\" \/>\n<meta property=\"og:title\" content=\"Einlassb\u00e4nder - Rallye-Ausstatter\" \/>\n<meta property=\"og:description\" content=\"An ihren B\u00e4ndern sollt ihr sie erkennen. Unser 3-lagiges PVC - VIP Band ist\u00a0aus weichem Vinyl und liegt angenehm auf der Haut. Es hat einen weitenregulierbaren Plastikverschluss und kann \u2013 einmal geschlossen \u2013 nur wieder entfernt werden, wenn es durchgeschnitten wird. Dadurch sind die B\u00e4nder nicht manipulierbar und bieten h\u00f6chste Sicherheit! Auch f\u00fcr Sponsoren eine gute Werbem\u00f6glichkeit!   Material: VINYL \/ Stoff  Gr\u00f6\u00dfe: 250 mm x 24 mm  Bandfarben: 27 Farben  Eigenschaften: farbecht, rei\u00df- &amp; wasserfest, hypoallergen  Verschluss: Einweg - Druckverschluss, weitenregulierbar  Druckfl\u00e4che: 60 mm x 20 mm  Druckfarben: schwarz, wei\u00df, silber, gold, rot, blau, gelb, neonorange, neongr\u00fcn Ab 100 St\u00fcck erh\u00e4ltlich. pro Bogen: 10 oder 20 B\u00e4nder  Hochwertige Anfertigung aus dreilagigem Kunsstoff, der besonders hautvertr\u00e4glich ist. Dieses Einlassband ist wasserfest, stabil und zugleich farbecht. Der spezielle Druckerverschluss verhindert, dass dieses Kontrollband an Unbefugte \u00fcbertragen wird. Es handelt sich somit um ein Einweg-Kontrollband. Wir haben uns extra f\u00fcr dieses hochwertige Einlassband entschieden, damit das Veranstalter-Logo gut sichtbar angebracht werden kann.  Fragen Sie noch heute Ihren PREIS an. Gerne erstellen wir Ihnen ein individuelles Angebot.  Zur\u00fcck\" \/>\n<meta property=\"og:url\" content=\"https:\/\/pascal-kapp.de\/rallye-ausstatter\/produkt\/einlassbaender\/\" \/>\n<meta property=\"og:site_name\" content=\"Rallye-Ausstatter\" \/>\n<meta property=\"article:modified_time\" content=\"2024-08-27T14:44:40+00:00\" \/>\n<meta property=\"og:image\" content=\"https:\/\/pascal-kapp.de\/rallye-ausstatter\/wp-content\/uploads\/2024\/03\/einlass_04_585x400.png\" \/>\n\t<meta property=\"og:image:width\" content=\"585\" \/>\n\t<meta property=\"og:image:height\" content=\"400\" \/>\n\t<meta property=\"og:image:type\" content=\"image\/png\" \/>\n<meta name=\"twitter:card\" content=\"summary_large_image\" \/>\n<meta name=\"twitter:label1\" content=\"Gesch\u00e4tzte Lesezeit\" \/>\n\t<meta name=\"twitter:data1\" content=\"2\u00a0Minuten\" \/>\n<script type=\"application\/ld+json\" class=\"yoast-schema-graph\">{\"@context\":\"https:\\\/\\\/schema.org\",\"@graph\":[{\"@type\":\"WebPage\",\"@id\":\"https:\\\/\\\/pascal-kapp.de\\\/rallye-ausstatter\\\/produkt\\\/einlassbaender\\\/\",\"url\":\"https:\\\/\\\/pascal-kapp.de\\\/rallye-ausstatter\\\/produkt\\\/einlassbaender\\\/\",\"name\":\"Einlassb\u00e4nder - Rallye-Ausstatter\",\"isPartOf\":{\"@id\":\"https:\\\/\\\/pascal-kapp.de\\\/rallye-ausstatter\\\/#website\"},\"primaryImageOfPage\":{\"@id\":\"https:\\\/\\\/pascal-kapp.de\\\/rallye-ausstatter\\\/produkt\\\/einlassbaender\\\/#primaryimage\"},\"image\":{\"@id\":\"https:\\\/\\\/pascal-kapp.de\\\/rallye-ausstatter\\\/produkt\\\/einlassbaender\\\/#primaryimage\"},\"thumbnailUrl\":\"https:\\\/\\\/pascal-kapp.de\\\/rallye-ausstatter\\\/wp-content\\\/uploads\\\/2024\\\/03\\\/einlass_04_585x400.png\",\"datePublished\":\"2024-03-14T16:12:28+00:00\",\"dateModified\":\"2024-08-27T14:44:40+00:00\",\"breadcrumb\":{\"@id\":\"https:\\\/\\\/pascal-kapp.de\\\/rallye-ausstatter\\\/produkt\\\/einlassbaender\\\/#breadcrumb\"},\"inLanguage\":\"de\",\"potentialAction\":[{\"@type\":\"ReadAction\",\"target\":[\"https:\\\/\\\/pascal-kapp.de\\\/rallye-ausstatter\\\/produkt\\\/einlassbaender\\\/\"]}]},{\"@type\":\"ImageObject\",\"inLanguage\":\"de\",\"@id\":\"https:\\\/\\\/pascal-kapp.de\\\/rallye-ausstatter\\\/produkt\\\/einlassbaender\\\/#primaryimage\",\"url\":\"https:\\\/\\\/pascal-kapp.de\\\/rallye-ausstatter\\\/wp-content\\\/uploads\\\/2024\\\/03\\\/einlass_04_585x400.png\",\"contentUrl\":\"https:\\\/\\\/pascal-kapp.de\\\/rallye-ausstatter\\\/wp-content\\\/uploads\\\/2024\\\/03\\\/einlass_04_585x400.png\",\"width\":585,\"height\":400},{\"@type\":\"BreadcrumbList\",\"@id\":\"https:\\\/\\\/pascal-kapp.de\\\/rallye-ausstatter\\\/produkt\\\/einlassbaender\\\/#breadcrumb\",\"itemListElement\":[{\"@type\":\"ListItem\",\"position\":1,\"name\":\"Startseite\",\"item\":\"https:\\\/\\\/pascal-kapp.de\\\/rallye-ausstatter\\\/\"},{\"@type\":\"ListItem\",\"position\":2,\"name\":\"Shop\",\"item\":\"https:\\\/\\\/pascal-kapp.de\\\/rallye-ausstatter\\\/shop-2\\\/\"},{\"@type\":\"ListItem\",\"position\":3,\"name\":\"Einlassb\u00e4nder\"}]},{\"@type\":\"WebSite\",\"@id\":\"https:\\\/\\\/pascal-kapp.de\\\/rallye-ausstatter\\\/#website\",\"url\":\"https:\\\/\\\/pascal-kapp.de\\\/rallye-ausstatter\\\/\",\"name\":\"Rallye-Ausstatter\",\"description\":\"\",\"publisher\":{\"@id\":\"https:\\\/\\\/pascal-kapp.de\\\/rallye-ausstatter\\\/#organization\"},\"potentialAction\":[{\"@type\":\"SearchAction\",\"target\":{\"@type\":\"EntryPoint\",\"urlTemplate\":\"https:\\\/\\\/pascal-kapp.de\\\/rallye-ausstatter\\\/?s={search_term_string}\"},\"query-input\":{\"@type\":\"PropertyValueSpecification\",\"valueRequired\":true,\"valueName\":\"search_term_string\"}}],\"inLanguage\":\"de\"},{\"@type\":\"Organization\",\"@id\":\"https:\\\/\\\/pascal-kapp.de\\\/rallye-ausstatter\\\/#organization\",\"name\":\"Rallye-Ausstatter\",\"url\":\"https:\\\/\\\/pascal-kapp.de\\\/rallye-ausstatter\\\/\",\"logo\":{\"@type\":\"ImageObject\",\"inLanguage\":\"de\",\"@id\":\"https:\\\/\\\/pascal-kapp.de\\\/rallye-ausstatter\\\/#\\\/schema\\\/logo\\\/image\\\/\",\"url\":\"https:\\\/\\\/pascal-kapp.de\\\/rallye-ausstatter\\\/wp-content\\\/uploads\\\/2024\\\/03\\\/logo_mail_abbinder.png\",\"contentUrl\":\"https:\\\/\\\/pascal-kapp.de\\\/rallye-ausstatter\\\/wp-content\\\/uploads\\\/2024\\\/03\\\/logo_mail_abbinder.png\",\"width\":369,\"height\":85,\"caption\":\"Rallye-Ausstatter\"},\"image\":{\"@id\":\"https:\\\/\\\/pascal-kapp.de\\\/rallye-ausstatter\\\/#\\\/schema\\\/logo\\\/image\\\/\"}}]}<\/script>\n<!-- \/ Yoast SEO plugin. -->","yoast_head_json":{"title":"Einlassb\u00e4nder - Rallye-Ausstatter","robots":{"index":"noindex","follow":"follow","max-snippet":"max-snippet:-1","max-image-preview":"max-image-preview:large","max-video-preview":"max-video-preview:-1"},"og_locale":"de_DE","og_type":"article","og_title":"Einlassb\u00e4nder - Rallye-Ausstatter","og_description":"An ihren B\u00e4ndern sollt ihr sie erkennen. Unser 3-lagiges PVC - VIP Band ist\u00a0aus weichem Vinyl und liegt angenehm auf der Haut. Es hat einen weitenregulierbaren Plastikverschluss und kann \u2013 einmal geschlossen \u2013 nur wieder entfernt werden, wenn es durchgeschnitten wird. Dadurch sind die B\u00e4nder nicht manipulierbar und bieten h\u00f6chste Sicherheit! Auch f\u00fcr Sponsoren eine gute Werbem\u00f6glichkeit!   Material: VINYL \/ Stoff  Gr\u00f6\u00dfe: 250 mm x 24 mm  Bandfarben: 27 Farben  Eigenschaften: farbecht, rei\u00df- &amp; wasserfest, hypoallergen  Verschluss: Einweg - Druckverschluss, weitenregulierbar  Druckfl\u00e4che: 60 mm x 20 mm  Druckfarben: schwarz, wei\u00df, silber, gold, rot, blau, gelb, neonorange, neongr\u00fcn Ab 100 St\u00fcck erh\u00e4ltlich. pro Bogen: 10 oder 20 B\u00e4nder  Hochwertige Anfertigung aus dreilagigem Kunsstoff, der besonders hautvertr\u00e4glich ist. Dieses Einlassband ist wasserfest, stabil und zugleich farbecht. Der spezielle Druckerverschluss verhindert, dass dieses Kontrollband an Unbefugte \u00fcbertragen wird. Es handelt sich somit um ein Einweg-Kontrollband. Wir haben uns extra f\u00fcr dieses hochwertige Einlassband entschieden, damit das Veranstalter-Logo gut sichtbar angebracht werden kann.  Fragen Sie noch heute Ihren PREIS an. Gerne erstellen wir Ihnen ein individuelles Angebot.  Zur\u00fcck","og_url":"https:\/\/pascal-kapp.de\/rallye-ausstatter\/produkt\/einlassbaender\/","og_site_name":"Rallye-Ausstatter","article_modified_time":"2024-08-27T14:44:40+00:00","og_image":[{"width":585,"height":400,"url":"https:\/\/pascal-kapp.de\/rallye-ausstatter\/wp-content\/uploads\/2024\/03\/einlass_04_585x400.png","type":"image\/png"}],"twitter_card":"summary_large_image","twitter_misc":{"Gesch\u00e4tzte Lesezeit":"2\u00a0Minuten"},"schema":{"@context":"https:\/\/schema.org","@graph":[{"@type":"WebPage","@id":"https:\/\/pascal-kapp.de\/rallye-ausstatter\/produkt\/einlassbaender\/","url":"https:\/\/pascal-kapp.de\/rallye-ausstatter\/produkt\/einlassbaender\/","name":"Einlassb\u00e4nder - Rallye-Ausstatter","isPartOf":{"@id":"https:\/\/pascal-kapp.de\/rallye-ausstatter\/#website"},"primaryImageOfPage":{"@id":"https:\/\/pascal-kapp.de\/rallye-ausstatter\/produkt\/einlassbaender\/#primaryimage"},"image":{"@id":"https:\/\/pascal-kapp.de\/rallye-ausstatter\/produkt\/einlassbaender\/#primaryimage"},"thumbnailUrl":"https:\/\/pascal-kapp.de\/rallye-ausstatter\/wp-content\/uploads\/2024\/03\/einlass_04_585x400.png","datePublished":"2024-03-14T16:12:28+00:00","dateModified":"2024-08-27T14:44:40+00:00","breadcrumb":{"@id":"https:\/\/pascal-kapp.de\/rallye-ausstatter\/produkt\/einlassbaender\/#breadcrumb"},"inLanguage":"de","potentialAction":[{"@type":"ReadAction","target":["https:\/\/pascal-kapp.de\/rallye-ausstatter\/produkt\/einlassbaender\/"]}]},{"@type":"ImageObject","inLanguage":"de","@id":"https:\/\/pascal-kapp.de\/rallye-ausstatter\/produkt\/einlassbaender\/#primaryimage","url":"https:\/\/pascal-kapp.de\/rallye-ausstatter\/wp-content\/uploads\/2024\/03\/einlass_04_585x400.png","contentUrl":"https:\/\/pascal-kapp.de\/rallye-ausstatter\/wp-content\/uploads\/2024\/03\/einlass_04_585x400.png","width":585,"height":400},{"@type":"BreadcrumbList","@id":"https:\/\/pascal-kapp.de\/rallye-ausstatter\/produkt\/einlassbaender\/#breadcrumb","itemListElement":[{"@type":"ListItem","position":1,"name":"Startseite","item":"https:\/\/pascal-kapp.de\/rallye-ausstatter\/"},{"@type":"ListItem","position":2,"name":"Shop","item":"https:\/\/pascal-kapp.de\/rallye-ausstatter\/shop-2\/"},{"@type":"ListItem","position":3,"name":"Einlassb\u00e4nder"}]},{"@type":"WebSite","@id":"https:\/\/pascal-kapp.de\/rallye-ausstatter\/#website","url":"https:\/\/pascal-kapp.de\/rallye-ausstatter\/","name":"Rallye-Ausstatter","description":"","publisher":{"@id":"https:\/\/pascal-kapp.de\/rallye-ausstatter\/#organization"},"potentialAction":[{"@type":"SearchAction","target":{"@type":"EntryPoint","urlTemplate":"https:\/\/pascal-kapp.de\/rallye-ausstatter\/?s={search_term_string}"},"query-input":{"@type":"PropertyValueSpecification","valueRequired":true,"valueName":"search_term_string"}}],"inLanguage":"de"},{"@type":"Organization","@id":"https:\/\/pascal-kapp.de\/rallye-ausstatter\/#organization","name":"Rallye-Ausstatter","url":"https:\/\/pascal-kapp.de\/rallye-ausstatter\/","logo":{"@type":"ImageObject","inLanguage":"de","@id":"https:\/\/pascal-kapp.de\/rallye-ausstatter\/#\/schema\/logo\/image\/","url":"https:\/\/pascal-kapp.de\/rallye-ausstatter\/wp-content\/uploads\/2024\/03\/logo_mail_abbinder.png","contentUrl":"https:\/\/pascal-kapp.de\/rallye-ausstatter\/wp-content\/uploads\/2024\/03\/logo_mail_abbinder.png","width":369,"height":85,"caption":"Rallye-Ausstatter"},"image":{"@id":"https:\/\/pascal-kapp.de\/rallye-ausstatter\/#\/schema\/logo\/image\/"}}]}},"_links":{"self":[{"href":"https:\/\/pascal-kapp.de\/rallye-ausstatter\/wp-json\/wp\/v2\/product\/166","targetHints":{"allow":["GET"]}}],"collection":[{"href":"https:\/\/pascal-kapp.de\/rallye-ausstatter\/wp-json\/wp\/v2\/product"}],"about":[{"href":"https:\/\/pascal-kapp.de\/rallye-ausstatter\/wp-json\/wp\/v2\/types\/product"}],"wp:featuredmedia":[{"embeddable":true,"href":"https:\/\/pascal-kapp.de\/rallye-ausstatter\/wp-json\/wp\/v2\/media\/283"}],"wp:attachment":[{"href":"https:\/\/pascal-kapp.de\/rallye-ausstatter\/wp-json\/wp\/v2\/media?parent=166"}],"wp:term":[{"taxonomy":"product_brand","embeddable":true,"href":"https:\/\/pascal-kapp.de\/rallye-ausstatter\/wp-json\/wp\/v2\/product_brand?post=166"},{"taxonomy":"product_cat","embeddable":true,"href":"https:\/\/pascal-kapp.de\/rallye-ausstatter\/wp-json\/wp\/v2\/product_cat?post=166"},{"taxonomy":"product_tag","embeddable":true,"href":"https:\/\/pascal-kapp.de\/rallye-ausstatter\/wp-json\/wp\/v2\/product_tag?post=166"}],"curies":[{"name":"wp","href":"https:\/\/api.w.org\/{rel}","templated":true}]}}