{"id":64,"date":"2024-03-14T16:10:30","date_gmt":"2024-03-14T16:10:30","guid":{"rendered":"https:\/\/pascal-kapp.de\/rallye-ausstatter\/?post_type=product&#038;p=64"},"modified":"2025-03-26T10:36:13","modified_gmt":"2025-03-26T10:36:13","slug":"banner","status":"publish","type":"product","link":"https:\/\/pascal-kapp.de\/rallye-ausstatter\/produkt\/banner\/","title":{"rendered":"Banner"},"content":{"rendered":"<p><a name=\"beschreibung\"><\/a>Machen Sie auf sich und Ihre Veranstaltung aufmerksam! Die Banner vom Rallye-Ausstatter helfen Ihnen dabei. So erzielen Sie gr\u00f6\u00dftm\u00f6gliche Wirkung bei gr\u00f6\u00dftm\u00f6glicher Flexibilit\u00e4t, technisch optimaler Umsetzung und einfacher Handhabung. Ob g\u00e4ngige Gro\u00dfformat-Drucke oder Sonderl\u00f6sungen in speziellen Formaten\/Materialien \u2013 der Rallye-Ausstatter setzt Sie ins Bild.<\/p>\n<ul>\n<li>breites Material-Angebot: Stoff, Polyester, Vinyl oder Netzgitterplanen<\/li>\n<li>weitere Verarbeitung nach Wunsch: ges\u00e4umt, ge\u00f6st, Schlaufen, mit Kederschienen \u2026<\/li>\n<li>Druck: bis zu 8 Farben (vierfarbig + Sonderfarben) bis 1.440 dpi Aufl\u00f6sung<\/li>\n<li>Druckbreite: bis 5,40 m (1 Bahn)<\/li>\n<li>Sonstiges: UV-stabil, wasserfest<\/li>\n<li>\u00dcberbreiten mit nahezu unsichtbarer Verschwei\u00dfung<\/li>\n<\/ul>\n<p>Wir bieten ein umfassendes Material-Angebot. Unsere Banner bestehen aus Polyester-, Vinyl-, oder Netzgitterplanen. Diese speziellen Kunststofffolien sind unter anderem sehr gut als Backlight geeignet. Weil auch wir die Banner \u00fcber Wochen im Freien h\u00e4ngen lassen, haben wir hohe Anspr\u00fcche gestellt und k\u00f6nnen nun wetterfeste Banner anbieten, die UV-stabil und wasserfest sind. Alle unsere Banner verf\u00fcgen \u00fcber B1-Spezifikationen f\u00fcr Indoor-\/Messeeinsatz.<\/p>\n<p><a href=\"mailto:ausstatter@pascal-kapp.de\">Fragen Sie noch heute Ihren PREIS an.<\/a><br \/>\nGerne erstellen wir Ihnen ein individuelles Angebot.<\/p>\n<p><a href=\"https:\/\/pascal-kapp.de\/rallye-ausstatter\/shop-2\/\">Zur\u00fcck zur Produkt\u00fcbersicht<\/a><\/p>\n","protected":false},"excerpt":{"rendered":"<p>Machen Sie auf sich und Ihre Veranstaltung aufmerksam! Die Banner vom Rallye-Ausstatter helfen Ihnen dabei. So erzielen Sie gr\u00f6\u00dftm\u00f6gliche Wirkung bei gr\u00f6\u00dftm\u00f6glicher Flexibilit\u00e4t, technisch optimaler Umsetzung und einfacher Handhabung. Ob g\u00e4ngige Gro\u00dfformat-Drucke oder Sonderl\u00f6sungen in speziellen Formaten\/Materialien \u2013 der Rallye-Ausstatter setzt Sie ins Bild.<\/p>\n<ul>\n<li>breites Material-Angebot: Stoff, Polyester, Vinyl oder Netzgitterplanen<\/li>\n<li>weitere Verarbeitung nach Wunsch: ges\u00e4umt, ge\u00f6st, Schlaufen, mit Kederschienen \u2026<\/li>\n<li>Druck: bis zu 8 Farben (vierfarbig + Sonderfarben) bis 1.440 dpi Aufl\u00f6sung<\/li>\n<li>Druckbreite: bis 5,40 m (1 Bahn)<\/li>\n<li>Sonstiges: UV-stabil, wasserfest<\/li>\n<li>\u00dcberbreiten mit nahezu unsichtbarer Verschwei\u00dfung<\/li>\n<\/ul>\n<p>Wir bieten ein umfassendes Material-Angebot. Unsere Banner bestehen aus Polyester-, Vinyl-, oder Netzgitterplanen. Diese speziellen Kunststofffolien sind unter anderem sehr gut als Backlight geeignet. Weil auch wir die Banner \u00fcber Wochen im Freien h\u00e4ngen lassen, haben wir hohe Anspr\u00fcche gestellt und k\u00f6nnen nun wetterfeste Banner anbieten, die UV-stabil und wasserfest sind. Alle unsere Banner verf\u00fcgen \u00fcber B1-Spezifikationen f\u00fcr Indoor-\/Messeeinsatz.<\/p>\n<p><a href=\"mailto:ausstatter@pascal-kapp.de\">Fragen Sie noch heute Ihren PREIS an.<\/a><br \/>\nGerne erstellen wir Ihnen ein individuelles Angebot.<\/p>\n<p><a>Zur\u00fcck<\/a><\/p>\n","protected":false},"featured_media":1492,"template":"","meta":{"site-sidebar-layout":"default","site-content-layout":"","ast-site-content-layout":"default","site-content-style":"default","site-sidebar-style":"default","ast-global-header-display":"","ast-banner-title-visibility":"","ast-main-header-display":"","ast-hfb-above-header-display":"","ast-hfb-below-header-display":"","ast-hfb-mobile-header-display":"","site-post-title":"","ast-breadcrumbs-content":"","ast-featured-img":"","footer-sml-layout":"","theme-transparent-header-meta":"default","adv-header-id-meta":"","stick-header-meta":"","header-above-stick-meta":"","header-main-stick-meta":"","header-below-stick-meta":"","astra-migrate-meta-layouts":"set","ast-page-background-enabled":"default","ast-page-background-meta":{"desktop":{"background-color":"var(--ast-global-color-4)","background-image":"","background-repeat":"repeat","background-position":"center center","background-size":"auto","background-attachment":"scroll","background-type":"","background-media":"","overlay-type":"","overlay-color":"","overlay-opacity":"","overlay-gradient":""},"tablet":{"background-color":"","background-image":"","background-repeat":"repeat","background-position":"center center","background-size":"auto","background-attachment":"scroll","background-type":"","background-media":"","overlay-type":"","overlay-color":"","overlay-opacity":"","overlay-gradient":""},"mobile":{"background-color":"","background-image":"","background-repeat":"repeat","background-position":"center center","background-size":"auto","background-attachment":"scroll","background-type":"","background-media":"","overlay-type":"","overlay-color":"","overlay-opacity":"","overlay-gradient":""}},"ast-content-background-meta":{"desktop":{"background-color":"var(--ast-global-color-5)","background-image":"","background-repeat":"repeat","background-position":"center center","background-size":"auto","background-attachment":"scroll","background-type":"","background-media":"","overlay-type":"","overlay-color":"","overlay-opacity":"","overlay-gradient":""},"tablet":{"background-color":"var(--ast-global-color-5)","background-image":"","background-repeat":"repeat","background-position":"center center","background-size":"auto","background-attachment":"scroll","background-type":"","background-media":"","overlay-type":"","overlay-color":"","overlay-opacity":"","overlay-gradient":""},"mobile":{"background-color":"var(--ast-global-color-5)","background-image":"","background-repeat":"repeat","background-position":"center center","background-size":"auto","background-attachment":"scroll","background-type":"","background-media":"","overlay-type":"","overlay-color":"","overlay-opacity":"","overlay-gradient":""}}},"product_brand":[],"product_cat":[24,19],"product_tag":[],"class_list":{"0":"post-64","1":"product","2":"type-product","3":"status-publish","4":"has-post-thumbnail","6":"product_cat-banner","7":"product_cat-produkte","8":"desktop-align-left","9":"tablet-align-left","10":"mobile-align-left","12":"first","13":"instock","14":"shipping-taxable","15":"product-type-simple"},"yoast_head":"<!-- This site is optimized with the Yoast SEO plugin v27.6 - https:\/\/yoast.com\/product\/yoast-seo-wordpress\/ -->\n<title>Banner - Rallye-Ausstatter<\/title>\n<meta name=\"robots\" content=\"noindex, follow, max-snippet:-1, max-image-preview:large, max-video-preview:-1\" \/>\n<meta property=\"og:locale\" content=\"de_DE\" \/>\n<meta property=\"og:type\" content=\"article\" \/>\n<meta property=\"og:title\" content=\"Banner - Rallye-Ausstatter\" \/>\n<meta property=\"og:description\" content=\"Machen Sie auf sich und Ihre Veranstaltung aufmerksam! Die Banner vom Rallye-Ausstatter helfen Ihnen dabei. So erzielen Sie gr\u00f6\u00dftm\u00f6gliche Wirkung bei gr\u00f6\u00dftm\u00f6glicher Flexibilit\u00e4t, technisch optimaler Umsetzung und einfacher Handhabung. Ob g\u00e4ngige Gro\u00dfformat-Drucke oder Sonderl\u00f6sungen in speziellen Formaten\/Materialien \u2013 der Rallye-Ausstatter setzt Sie ins Bild.   breites Material-Angebot: Stoff, Polyester, Vinyl oder Netzgitterplanen  weitere Verarbeitung nach Wunsch: ges\u00e4umt, ge\u00f6st, Schlaufen, mit Kederschienen \u2026  Druck: bis zu 8 Farben (vierfarbig + Sonderfarben) bis 1.440 dpi Aufl\u00f6sung  Druckbreite: bis 5,40 m (1 Bahn)  Sonstiges: UV-stabil, wasserfest  \u00dcberbreiten mit nahezu unsichtbarer Verschwei\u00dfung  Wir bieten ein umfassendes Material-Angebot. Unsere Banner bestehen aus Polyester-, Vinyl-, oder Netzgitterplanen. Diese speziellen Kunststofffolien sind unter anderem sehr gut als Backlight geeignet. Weil auch wir die Banner \u00fcber Wochen im Freien h\u00e4ngen lassen, haben wir hohe Anspr\u00fcche gestellt und k\u00f6nnen nun wetterfeste Banner anbieten, die UV-stabil und wasserfest sind. Alle unsere Banner verf\u00fcgen \u00fcber B1-Spezifikationen f\u00fcr Indoor-\/Messeeinsatz.  Fragen Sie noch heute Ihren PREIS an. Gerne erstellen wir Ihnen ein individuelles Angebot.  Zur\u00fcck\" \/>\n<meta property=\"og:url\" content=\"https:\/\/pascal-kapp.de\/rallye-ausstatter\/produkt\/banner\/\" \/>\n<meta property=\"og:site_name\" content=\"Rallye-Ausstatter\" \/>\n<meta property=\"article:modified_time\" content=\"2025-03-26T10:36:13+00:00\" \/>\n<meta property=\"og:image\" content=\"https:\/\/pascal-kapp.de\/rallye-ausstatter\/wp-content\/uploads\/2024\/08\/199_333-24_bauzaun_790x600.jpg\" \/>\n\t<meta property=\"og:image:width\" content=\"790\" \/>\n\t<meta property=\"og:image:height\" content=\"600\" \/>\n\t<meta property=\"og:image:type\" content=\"image\/jpeg\" \/>\n<meta name=\"twitter:card\" content=\"summary_large_image\" \/>\n<meta name=\"twitter:label1\" content=\"Gesch\u00e4tzte Lesezeit\" \/>\n\t<meta name=\"twitter:data1\" content=\"2\u00a0Minuten\" \/>\n<script type=\"application\/ld+json\" class=\"yoast-schema-graph\">{\"@context\":\"https:\\\/\\\/schema.org\",\"@graph\":[{\"@type\":\"WebPage\",\"@id\":\"https:\\\/\\\/pascal-kapp.de\\\/rallye-ausstatter\\\/produkt\\\/banner\\\/\",\"url\":\"https:\\\/\\\/pascal-kapp.de\\\/rallye-ausstatter\\\/produkt\\\/banner\\\/\",\"name\":\"Banner - Rallye-Ausstatter\",\"isPartOf\":{\"@id\":\"https:\\\/\\\/pascal-kapp.de\\\/rallye-ausstatter\\\/#website\"},\"primaryImageOfPage\":{\"@id\":\"https:\\\/\\\/pascal-kapp.de\\\/rallye-ausstatter\\\/produkt\\\/banner\\\/#primaryimage\"},\"image\":{\"@id\":\"https:\\\/\\\/pascal-kapp.de\\\/rallye-ausstatter\\\/produkt\\\/banner\\\/#primaryimage\"},\"thumbnailUrl\":\"https:\\\/\\\/pascal-kapp.de\\\/rallye-ausstatter\\\/wp-content\\\/uploads\\\/2024\\\/08\\\/199_333-24_bauzaun_790x600.jpg\",\"datePublished\":\"2024-03-14T16:10:30+00:00\",\"dateModified\":\"2025-03-26T10:36:13+00:00\",\"breadcrumb\":{\"@id\":\"https:\\\/\\\/pascal-kapp.de\\\/rallye-ausstatter\\\/produkt\\\/banner\\\/#breadcrumb\"},\"inLanguage\":\"de\",\"potentialAction\":[{\"@type\":\"ReadAction\",\"target\":[\"https:\\\/\\\/pascal-kapp.de\\\/rallye-ausstatter\\\/produkt\\\/banner\\\/\"]}]},{\"@type\":\"ImageObject\",\"inLanguage\":\"de\",\"@id\":\"https:\\\/\\\/pascal-kapp.de\\\/rallye-ausstatter\\\/produkt\\\/banner\\\/#primaryimage\",\"url\":\"https:\\\/\\\/pascal-kapp.de\\\/rallye-ausstatter\\\/wp-content\\\/uploads\\\/2024\\\/08\\\/199_333-24_bauzaun_790x600.jpg\",\"contentUrl\":\"https:\\\/\\\/pascal-kapp.de\\\/rallye-ausstatter\\\/wp-content\\\/uploads\\\/2024\\\/08\\\/199_333-24_bauzaun_790x600.jpg\",\"width\":790,\"height\":600},{\"@type\":\"BreadcrumbList\",\"@id\":\"https:\\\/\\\/pascal-kapp.de\\\/rallye-ausstatter\\\/produkt\\\/banner\\\/#breadcrumb\",\"itemListElement\":[{\"@type\":\"ListItem\",\"position\":1,\"name\":\"Startseite\",\"item\":\"https:\\\/\\\/pascal-kapp.de\\\/rallye-ausstatter\\\/\"},{\"@type\":\"ListItem\",\"position\":2,\"name\":\"Shop\",\"item\":\"https:\\\/\\\/pascal-kapp.de\\\/rallye-ausstatter\\\/shop-2\\\/\"},{\"@type\":\"ListItem\",\"position\":3,\"name\":\"Banner\"}]},{\"@type\":\"WebSite\",\"@id\":\"https:\\\/\\\/pascal-kapp.de\\\/rallye-ausstatter\\\/#website\",\"url\":\"https:\\\/\\\/pascal-kapp.de\\\/rallye-ausstatter\\\/\",\"name\":\"Rallye-Ausstatter\",\"description\":\"\",\"publisher\":{\"@id\":\"https:\\\/\\\/pascal-kapp.de\\\/rallye-ausstatter\\\/#organization\"},\"potentialAction\":[{\"@type\":\"SearchAction\",\"target\":{\"@type\":\"EntryPoint\",\"urlTemplate\":\"https:\\\/\\\/pascal-kapp.de\\\/rallye-ausstatter\\\/?s={search_term_string}\"},\"query-input\":{\"@type\":\"PropertyValueSpecification\",\"valueRequired\":true,\"valueName\":\"search_term_string\"}}],\"inLanguage\":\"de\"},{\"@type\":\"Organization\",\"@id\":\"https:\\\/\\\/pascal-kapp.de\\\/rallye-ausstatter\\\/#organization\",\"name\":\"Rallye-Ausstatter\",\"url\":\"https:\\\/\\\/pascal-kapp.de\\\/rallye-ausstatter\\\/\",\"logo\":{\"@type\":\"ImageObject\",\"inLanguage\":\"de\",\"@id\":\"https:\\\/\\\/pascal-kapp.de\\\/rallye-ausstatter\\\/#\\\/schema\\\/logo\\\/image\\\/\",\"url\":\"https:\\\/\\\/pascal-kapp.de\\\/rallye-ausstatter\\\/wp-content\\\/uploads\\\/2024\\\/03\\\/logo_mail_abbinder.png\",\"contentUrl\":\"https:\\\/\\\/pascal-kapp.de\\\/rallye-ausstatter\\\/wp-content\\\/uploads\\\/2024\\\/03\\\/logo_mail_abbinder.png\",\"width\":369,\"height\":85,\"caption\":\"Rallye-Ausstatter\"},\"image\":{\"@id\":\"https:\\\/\\\/pascal-kapp.de\\\/rallye-ausstatter\\\/#\\\/schema\\\/logo\\\/image\\\/\"}}]}<\/script>\n<!-- \/ Yoast SEO plugin. -->","yoast_head_json":{"title":"Banner - Rallye-Ausstatter","robots":{"index":"noindex","follow":"follow","max-snippet":"max-snippet:-1","max-image-preview":"max-image-preview:large","max-video-preview":"max-video-preview:-1"},"og_locale":"de_DE","og_type":"article","og_title":"Banner - Rallye-Ausstatter","og_description":"Machen Sie auf sich und Ihre Veranstaltung aufmerksam! Die Banner vom Rallye-Ausstatter helfen Ihnen dabei. So erzielen Sie gr\u00f6\u00dftm\u00f6gliche Wirkung bei gr\u00f6\u00dftm\u00f6glicher Flexibilit\u00e4t, technisch optimaler Umsetzung und einfacher Handhabung. Ob g\u00e4ngige Gro\u00dfformat-Drucke oder Sonderl\u00f6sungen in speziellen Formaten\/Materialien \u2013 der Rallye-Ausstatter setzt Sie ins Bild.   breites Material-Angebot: Stoff, Polyester, Vinyl oder Netzgitterplanen  weitere Verarbeitung nach Wunsch: ges\u00e4umt, ge\u00f6st, Schlaufen, mit Kederschienen \u2026  Druck: bis zu 8 Farben (vierfarbig + Sonderfarben) bis 1.440 dpi Aufl\u00f6sung  Druckbreite: bis 5,40 m (1 Bahn)  Sonstiges: UV-stabil, wasserfest  \u00dcberbreiten mit nahezu unsichtbarer Verschwei\u00dfung  Wir bieten ein umfassendes Material-Angebot. Unsere Banner bestehen aus Polyester-, Vinyl-, oder Netzgitterplanen. Diese speziellen Kunststofffolien sind unter anderem sehr gut als Backlight geeignet. Weil auch wir die Banner \u00fcber Wochen im Freien h\u00e4ngen lassen, haben wir hohe Anspr\u00fcche gestellt und k\u00f6nnen nun wetterfeste Banner anbieten, die UV-stabil und wasserfest sind. Alle unsere Banner verf\u00fcgen \u00fcber B1-Spezifikationen f\u00fcr Indoor-\/Messeeinsatz.  Fragen Sie noch heute Ihren PREIS an. Gerne erstellen wir Ihnen ein individuelles Angebot.  Zur\u00fcck","og_url":"https:\/\/pascal-kapp.de\/rallye-ausstatter\/produkt\/banner\/","og_site_name":"Rallye-Ausstatter","article_modified_time":"2025-03-26T10:36:13+00:00","og_image":[{"width":790,"height":600,"url":"https:\/\/pascal-kapp.de\/rallye-ausstatter\/wp-content\/uploads\/2024\/08\/199_333-24_bauzaun_790x600.jpg","type":"image\/jpeg"}],"twitter_card":"summary_large_image","twitter_misc":{"Gesch\u00e4tzte Lesezeit":"2\u00a0Minuten"},"schema":{"@context":"https:\/\/schema.org","@graph":[{"@type":"WebPage","@id":"https:\/\/pascal-kapp.de\/rallye-ausstatter\/produkt\/banner\/","url":"https:\/\/pascal-kapp.de\/rallye-ausstatter\/produkt\/banner\/","name":"Banner - Rallye-Ausstatter","isPartOf":{"@id":"https:\/\/pascal-kapp.de\/rallye-ausstatter\/#website"},"primaryImageOfPage":{"@id":"https:\/\/pascal-kapp.de\/rallye-ausstatter\/produkt\/banner\/#primaryimage"},"image":{"@id":"https:\/\/pascal-kapp.de\/rallye-ausstatter\/produkt\/banner\/#primaryimage"},"thumbnailUrl":"https:\/\/pascal-kapp.de\/rallye-ausstatter\/wp-content\/uploads\/2024\/08\/199_333-24_bauzaun_790x600.jpg","datePublished":"2024-03-14T16:10:30+00:00","dateModified":"2025-03-26T10:36:13+00:00","breadcrumb":{"@id":"https:\/\/pascal-kapp.de\/rallye-ausstatter\/produkt\/banner\/#breadcrumb"},"inLanguage":"de","potentialAction":[{"@type":"ReadAction","target":["https:\/\/pascal-kapp.de\/rallye-ausstatter\/produkt\/banner\/"]}]},{"@type":"ImageObject","inLanguage":"de","@id":"https:\/\/pascal-kapp.de\/rallye-ausstatter\/produkt\/banner\/#primaryimage","url":"https:\/\/pascal-kapp.de\/rallye-ausstatter\/wp-content\/uploads\/2024\/08\/199_333-24_bauzaun_790x600.jpg","contentUrl":"https:\/\/pascal-kapp.de\/rallye-ausstatter\/wp-content\/uploads\/2024\/08\/199_333-24_bauzaun_790x600.jpg","width":790,"height":600},{"@type":"BreadcrumbList","@id":"https:\/\/pascal-kapp.de\/rallye-ausstatter\/produkt\/banner\/#breadcrumb","itemListElement":[{"@type":"ListItem","position":1,"name":"Startseite","item":"https:\/\/pascal-kapp.de\/rallye-ausstatter\/"},{"@type":"ListItem","position":2,"name":"Shop","item":"https:\/\/pascal-kapp.de\/rallye-ausstatter\/shop-2\/"},{"@type":"ListItem","position":3,"name":"Banner"}]},{"@type":"WebSite","@id":"https:\/\/pascal-kapp.de\/rallye-ausstatter\/#website","url":"https:\/\/pascal-kapp.de\/rallye-ausstatter\/","name":"Rallye-Ausstatter","description":"","publisher":{"@id":"https:\/\/pascal-kapp.de\/rallye-ausstatter\/#organization"},"potentialAction":[{"@type":"SearchAction","target":{"@type":"EntryPoint","urlTemplate":"https:\/\/pascal-kapp.de\/rallye-ausstatter\/?s={search_term_string}"},"query-input":{"@type":"PropertyValueSpecification","valueRequired":true,"valueName":"search_term_string"}}],"inLanguage":"de"},{"@type":"Organization","@id":"https:\/\/pascal-kapp.de\/rallye-ausstatter\/#organization","name":"Rallye-Ausstatter","url":"https:\/\/pascal-kapp.de\/rallye-ausstatter\/","logo":{"@type":"ImageObject","inLanguage":"de","@id":"https:\/\/pascal-kapp.de\/rallye-ausstatter\/#\/schema\/logo\/image\/","url":"https:\/\/pascal-kapp.de\/rallye-ausstatter\/wp-content\/uploads\/2024\/03\/logo_mail_abbinder.png","contentUrl":"https:\/\/pascal-kapp.de\/rallye-ausstatter\/wp-content\/uploads\/2024\/03\/logo_mail_abbinder.png","width":369,"height":85,"caption":"Rallye-Ausstatter"},"image":{"@id":"https:\/\/pascal-kapp.de\/rallye-ausstatter\/#\/schema\/logo\/image\/"}}]}},"_links":{"self":[{"href":"https:\/\/pascal-kapp.de\/rallye-ausstatter\/wp-json\/wp\/v2\/product\/64","targetHints":{"allow":["GET"]}}],"collection":[{"href":"https:\/\/pascal-kapp.de\/rallye-ausstatter\/wp-json\/wp\/v2\/product"}],"about":[{"href":"https:\/\/pascal-kapp.de\/rallye-ausstatter\/wp-json\/wp\/v2\/types\/product"}],"wp:featuredmedia":[{"embeddable":true,"href":"https:\/\/pascal-kapp.de\/rallye-ausstatter\/wp-json\/wp\/v2\/media\/1492"}],"wp:attachment":[{"href":"https:\/\/pascal-kapp.de\/rallye-ausstatter\/wp-json\/wp\/v2\/media?parent=64"}],"wp:term":[{"taxonomy":"product_brand","embeddable":true,"href":"https:\/\/pascal-kapp.de\/rallye-ausstatter\/wp-json\/wp\/v2\/product_brand?post=64"},{"taxonomy":"product_cat","embeddable":true,"href":"https:\/\/pascal-kapp.de\/rallye-ausstatter\/wp-json\/wp\/v2\/product_cat?post=64"},{"taxonomy":"product_tag","embeddable":true,"href":"https:\/\/pascal-kapp.de\/rallye-ausstatter\/wp-json\/wp\/v2\/product_tag?post=64"}],"curies":[{"name":"wp","href":"https:\/\/api.w.org\/{rel}","templated":true}]}}