{"id":69,"date":"2024-03-06T15:35:30","date_gmt":"2024-03-06T15:35:30","guid":{"rendered":"https:\/\/pascal-kapp.de\/rallye-ausstatter\/?post_type=product&#038;p=69"},"modified":"2024-09-04T07:53:54","modified_gmt":"2024-09-04T07:53:54","slug":"start-zielbogen","status":"publish","type":"product","link":"https:\/\/pascal-kapp.de\/rallye-ausstatter\/produkt\/start-zielbogen\/","title":{"rendered":"Start-\/Zielbogen"},"content":{"rendered":"<p><a name=\"beschreibung\"><\/a>Unsere aufblasbaren Torbogen sind f\u00fcr verschiedene Einsatzzwecke geeignet. In erster Linie nat\u00fcrlich als aufmerksamkeitsstarker Start- bzw. Zielbogen am Rallyetag. Aber auch bei Messen oder Pr\u00e4sentationen kann er sehr gut eingesetzt werden. Mit unserem Bogen k\u00f6nnen Sie nichts falsch machen.<\/p>\n<ul>\n<li>Format:\u00a0individuelle Bogengr\u00f6\u00dfen m\u00f6glich<\/li>\n<li>Material:\u00a0Nylongebwebe unbeschichtet,\u00a0220 g\/m\u00b2 brandschutzzertifiziert<\/li>\n<li>Gebl\u00e4se: Dauergebl\u00e4se 230 V<\/li>\n<li>Licht:\u00a0Lichtsystem 38 W<\/li>\n<li>Zubeh\u00f6r: Halteleinen und Transporttasche<\/li>\n<\/ul>\n<p>Unsere Torbogen sind beidseitig f\u00fcr flexible Banner geeignet. In der senkrechten, waagrechten und auch den Schr\u00e4gen, je nach Ihrem Einsatzzweck, lassen sich die Banner befestigen. Einer der Vorteile unseres Torbogens ist, dass er einfach und schnell aufzubauen ist.<\/p>\n<p>Wir bieten Ihnen selbstverst\u00e4ndlich auch die passenden Banner f\u00fcr Ihren Bogen an. Ein kurzer Anruf gen\u00fcgt und unser kompetentes Team, bereitet Ihren Start- bzw. Zielbogen vor.<\/p>\n<p>Falls Sie es noch nicht gewusst haben, wir bieten Ihnen auch gerne ein Komplettangebot mit den verschiedenen Eventmodulen wie einer H\u00fcpf-Burg, Fun-Modulen usw. an.<\/p>\n<p><a href=\"mailto:ausstatter@pascal-kapp.de\">Fragen Sie noch heute Ihren PREIS an.<\/a><br \/>\nGerne erstellen wir Ihnen ein individuelles Angebot.<\/p>\n<p><a href=\"https:\/\/pascal-kapp.de\/rallye-ausstatter\/shop-2\/\">Zur\u00fcck zur Produkt\u00fcbersicht<\/a><\/p>\n","protected":false},"excerpt":{"rendered":"<p>Unsere aufblasbaren Torbogen sind f\u00fcr verschiedene Einsatzzwecke geeignet. In erster Linie nat\u00fcrlich als aufmerksamkeitsstarker Start- bzw. Zielbogen am Rallyetag. Aber auch bei Messen oder Pr\u00e4sentationen kann er sehr gut eingesetzt werden. Mit unserem Bogen k\u00f6nnen Sie nichts falsch machen.<\/p>\n<ul>\n<li>Format:\u00a0individuelle Bogengr\u00f6\u00dfen m\u00f6glich<\/li>\n<li>Material:\u00a0Nylongebwebe unbeschichtet,\u00a0220 g\/m\u00b2 brandschutzzertifiziert<\/li>\n<li>Gebl\u00e4se: Dauergebl\u00e4se 230 V<\/li>\n<li>Licht:\u00a0Lichtsystem 38 W<\/li>\n<li>Zubeh\u00f6r: Halteleinen und Transporttasche<\/li>\n<\/ul>\n<p>Unsere Torbogen sind beidseitig f\u00fcr flexible Banner geeignet. In der senkrechten, waagrechten und auch den Schr\u00e4gen, je nach Ihrem Einsatzzweck, lassen sich die Banner befestigen. Einer der Vorteile unseres Torbogens ist, dass er einfach und schnell aufzubauen ist.<\/p>\n<p>Wir bieten Ihnen selbstverst\u00e4ndlich auch die passenden Banner f\u00fcr Ihren Bogen an. Ein kurzer Anruf gen\u00fcgt und unser kompetentes Team, bereitet Ihren Start- bzw. Zielbogen vor.<\/p>\n<p>Falls Sie es noch nicht gewusst haben, wir bieten Ihnen auch gerne ein Komplettangebot mit den verschiedenen Eventmodulen wie einer H\u00fcpf-Burg, Fun-Modulen usw. an.<\/p>\n<p><a href=\"mailto:ausstatter@pascal-kapp.de\">Fragen Sie noch heute Ihren PREIS an.<\/a><br \/>\nGerne erstellen wir Ihnen ein individuelles Angebot.<\/p>\n<p><a href=\"javascript:history.back()\">Zur\u00fcck<\/a><\/p>\n","protected":false},"featured_media":111,"template":"","meta":{"site-sidebar-layout":"default","site-content-layout":"","ast-site-content-layout":"default","site-content-style":"default","site-sidebar-style":"default","ast-global-header-display":"","ast-banner-title-visibility":"","ast-main-header-display":"","ast-hfb-above-header-display":"","ast-hfb-below-header-display":"","ast-hfb-mobile-header-display":"","site-post-title":"","ast-breadcrumbs-content":"","ast-featured-img":"","footer-sml-layout":"","theme-transparent-header-meta":"default","adv-header-id-meta":"","stick-header-meta":"","header-above-stick-meta":"","header-main-stick-meta":"","header-below-stick-meta":"","astra-migrate-meta-layouts":"set","ast-page-background-enabled":"default","ast-page-background-meta":{"desktop":{"background-color":"var(--ast-global-color-4)","background-image":"","background-repeat":"repeat","background-position":"center center","background-size":"auto","background-attachment":"scroll","background-type":"","background-media":"","overlay-type":"","overlay-color":"","overlay-opacity":"","overlay-gradient":""},"tablet":{"background-color":"","background-image":"","background-repeat":"repeat","background-position":"center center","background-size":"auto","background-attachment":"scroll","background-type":"","background-media":"","overlay-type":"","overlay-color":"","overlay-opacity":"","overlay-gradient":""},"mobile":{"background-color":"","background-image":"","background-repeat":"repeat","background-position":"center center","background-size":"auto","background-attachment":"scroll","background-type":"","background-media":"","overlay-type":"","overlay-color":"","overlay-opacity":"","overlay-gradient":""}},"ast-content-background-meta":{"desktop":{"background-color":"var(--ast-global-color-5)","background-image":"","background-repeat":"repeat","background-position":"center center","background-size":"auto","background-attachment":"scroll","background-type":"","background-media":"","overlay-type":"","overlay-color":"","overlay-opacity":"","overlay-gradient":""},"tablet":{"background-color":"var(--ast-global-color-5)","background-image":"","background-repeat":"repeat","background-position":"center center","background-size":"auto","background-attachment":"scroll","background-type":"","background-media":"","overlay-type":"","overlay-color":"","overlay-opacity":"","overlay-gradient":""},"mobile":{"background-color":"var(--ast-global-color-5)","background-image":"","background-repeat":"repeat","background-position":"center center","background-size":"auto","background-attachment":"scroll","background-type":"","background-media":"","overlay-type":"","overlay-color":"","overlay-opacity":"","overlay-gradient":""}}},"product_brand":[],"product_cat":[19,46],"product_tag":[],"class_list":{"0":"post-69","1":"product","2":"type-product","3":"status-publish","4":"has-post-thumbnail","6":"product_cat-produkte","7":"product_cat-start-zielbogen","8":"desktop-align-left","9":"tablet-align-left","10":"mobile-align-left","12":"first","13":"instock","14":"shipping-taxable","15":"product-type-simple"},"yoast_head":"<!-- This site is optimized with the Yoast SEO plugin v27.6 - https:\/\/yoast.com\/product\/yoast-seo-wordpress\/ -->\n<title>Start-\/Zielbogen - Rallye-Ausstatter<\/title>\n<meta name=\"robots\" content=\"noindex, follow, max-snippet:-1, max-image-preview:large, max-video-preview:-1\" \/>\n<meta property=\"og:locale\" content=\"de_DE\" \/>\n<meta property=\"og:type\" content=\"article\" \/>\n<meta property=\"og:title\" content=\"Start-\/Zielbogen - Rallye-Ausstatter\" \/>\n<meta property=\"og:description\" content=\"Unsere aufblasbaren Torbogen sind f\u00fcr verschiedene Einsatzzwecke geeignet. In erster Linie nat\u00fcrlich als aufmerksamkeitsstarker Start- bzw. Zielbogen am Rallyetag. Aber auch bei Messen oder Pr\u00e4sentationen kann er sehr gut eingesetzt werden. Mit unserem Bogen k\u00f6nnen Sie nichts falsch machen.   Format:\u00a0individuelle Bogengr\u00f6\u00dfen m\u00f6glich  Material:\u00a0Nylongebwebe unbeschichtet,\u00a0220 g\/m\u00b2 brandschutzzertifiziert  Gebl\u00e4se: Dauergebl\u00e4se 230 V  Licht:\u00a0Lichtsystem 38 W  Zubeh\u00f6r: Halteleinen und Transporttasche  Unsere Torbogen sind beidseitig f\u00fcr flexible Banner geeignet. In der senkrechten, waagrechten und auch den Schr\u00e4gen, je nach Ihrem Einsatzzweck, lassen sich die Banner befestigen. Einer der Vorteile unseres Torbogens ist, dass er einfach und schnell aufzubauen ist.  Wir bieten Ihnen selbstverst\u00e4ndlich auch die passenden Banner f\u00fcr Ihren Bogen an. Ein kurzer Anruf gen\u00fcgt und unser kompetentes Team, bereitet Ihren Start- bzw. Zielbogen vor.  Falls Sie es noch nicht gewusst haben, wir bieten Ihnen auch gerne ein Komplettangebot mit den verschiedenen Eventmodulen wie einer H\u00fcpf-Burg, Fun-Modulen usw. an.  Fragen Sie noch heute Ihren PREIS an. Gerne erstellen wir Ihnen ein individuelles Angebot.  Zur\u00fcck\" \/>\n<meta property=\"og:url\" content=\"https:\/\/pascal-kapp.de\/rallye-ausstatter\/produkt\/start-zielbogen\/\" \/>\n<meta property=\"og:site_name\" content=\"Rallye-Ausstatter\" \/>\n<meta property=\"article:modified_time\" content=\"2024-09-04T07:53:54+00:00\" \/>\n<meta property=\"og:image\" content=\"https:\/\/pascal-kapp.de\/rallye-ausstatter\/wp-content\/uploads\/2024\/02\/333_20_b_508x400.jpg\" \/>\n\t<meta property=\"og:image:width\" content=\"508\" \/>\n\t<meta property=\"og:image:height\" content=\"400\" \/>\n\t<meta property=\"og:image:type\" content=\"image\/jpeg\" \/>\n<meta name=\"twitter:card\" content=\"summary_large_image\" \/>\n<meta name=\"twitter:label1\" content=\"Gesch\u00e4tzte Lesezeit\" \/>\n\t<meta name=\"twitter:data1\" content=\"2\u00a0Minuten\" \/>\n<script type=\"application\/ld+json\" class=\"yoast-schema-graph\">{\"@context\":\"https:\\\/\\\/schema.org\",\"@graph\":[{\"@type\":\"WebPage\",\"@id\":\"https:\\\/\\\/pascal-kapp.de\\\/rallye-ausstatter\\\/produkt\\\/start-zielbogen\\\/\",\"url\":\"https:\\\/\\\/pascal-kapp.de\\\/rallye-ausstatter\\\/produkt\\\/start-zielbogen\\\/\",\"name\":\"Start-\\\/Zielbogen - Rallye-Ausstatter\",\"isPartOf\":{\"@id\":\"https:\\\/\\\/pascal-kapp.de\\\/rallye-ausstatter\\\/#website\"},\"primaryImageOfPage\":{\"@id\":\"https:\\\/\\\/pascal-kapp.de\\\/rallye-ausstatter\\\/produkt\\\/start-zielbogen\\\/#primaryimage\"},\"image\":{\"@id\":\"https:\\\/\\\/pascal-kapp.de\\\/rallye-ausstatter\\\/produkt\\\/start-zielbogen\\\/#primaryimage\"},\"thumbnailUrl\":\"https:\\\/\\\/pascal-kapp.de\\\/rallye-ausstatter\\\/wp-content\\\/uploads\\\/2024\\\/02\\\/333_20_b_508x400.jpg\",\"datePublished\":\"2024-03-06T15:35:30+00:00\",\"dateModified\":\"2024-09-04T07:53:54+00:00\",\"breadcrumb\":{\"@id\":\"https:\\\/\\\/pascal-kapp.de\\\/rallye-ausstatter\\\/produkt\\\/start-zielbogen\\\/#breadcrumb\"},\"inLanguage\":\"de\",\"potentialAction\":[{\"@type\":\"ReadAction\",\"target\":[\"https:\\\/\\\/pascal-kapp.de\\\/rallye-ausstatter\\\/produkt\\\/start-zielbogen\\\/\"]}]},{\"@type\":\"ImageObject\",\"inLanguage\":\"de\",\"@id\":\"https:\\\/\\\/pascal-kapp.de\\\/rallye-ausstatter\\\/produkt\\\/start-zielbogen\\\/#primaryimage\",\"url\":\"https:\\\/\\\/pascal-kapp.de\\\/rallye-ausstatter\\\/wp-content\\\/uploads\\\/2024\\\/02\\\/333_20_b_508x400.jpg\",\"contentUrl\":\"https:\\\/\\\/pascal-kapp.de\\\/rallye-ausstatter\\\/wp-content\\\/uploads\\\/2024\\\/02\\\/333_20_b_508x400.jpg\",\"width\":508,\"height\":400},{\"@type\":\"BreadcrumbList\",\"@id\":\"https:\\\/\\\/pascal-kapp.de\\\/rallye-ausstatter\\\/produkt\\\/start-zielbogen\\\/#breadcrumb\",\"itemListElement\":[{\"@type\":\"ListItem\",\"position\":1,\"name\":\"Startseite\",\"item\":\"https:\\\/\\\/pascal-kapp.de\\\/rallye-ausstatter\\\/\"},{\"@type\":\"ListItem\",\"position\":2,\"name\":\"Shop\",\"item\":\"https:\\\/\\\/pascal-kapp.de\\\/rallye-ausstatter\\\/shop-2\\\/\"},{\"@type\":\"ListItem\",\"position\":3,\"name\":\"Start-\\\/Zielbogen\"}]},{\"@type\":\"WebSite\",\"@id\":\"https:\\\/\\\/pascal-kapp.de\\\/rallye-ausstatter\\\/#website\",\"url\":\"https:\\\/\\\/pascal-kapp.de\\\/rallye-ausstatter\\\/\",\"name\":\"Rallye-Ausstatter\",\"description\":\"\",\"publisher\":{\"@id\":\"https:\\\/\\\/pascal-kapp.de\\\/rallye-ausstatter\\\/#organization\"},\"potentialAction\":[{\"@type\":\"SearchAction\",\"target\":{\"@type\":\"EntryPoint\",\"urlTemplate\":\"https:\\\/\\\/pascal-kapp.de\\\/rallye-ausstatter\\\/?s={search_term_string}\"},\"query-input\":{\"@type\":\"PropertyValueSpecification\",\"valueRequired\":true,\"valueName\":\"search_term_string\"}}],\"inLanguage\":\"de\"},{\"@type\":\"Organization\",\"@id\":\"https:\\\/\\\/pascal-kapp.de\\\/rallye-ausstatter\\\/#organization\",\"name\":\"Rallye-Ausstatter\",\"url\":\"https:\\\/\\\/pascal-kapp.de\\\/rallye-ausstatter\\\/\",\"logo\":{\"@type\":\"ImageObject\",\"inLanguage\":\"de\",\"@id\":\"https:\\\/\\\/pascal-kapp.de\\\/rallye-ausstatter\\\/#\\\/schema\\\/logo\\\/image\\\/\",\"url\":\"https:\\\/\\\/pascal-kapp.de\\\/rallye-ausstatter\\\/wp-content\\\/uploads\\\/2024\\\/03\\\/logo_mail_abbinder.png\",\"contentUrl\":\"https:\\\/\\\/pascal-kapp.de\\\/rallye-ausstatter\\\/wp-content\\\/uploads\\\/2024\\\/03\\\/logo_mail_abbinder.png\",\"width\":369,\"height\":85,\"caption\":\"Rallye-Ausstatter\"},\"image\":{\"@id\":\"https:\\\/\\\/pascal-kapp.de\\\/rallye-ausstatter\\\/#\\\/schema\\\/logo\\\/image\\\/\"}}]}<\/script>\n<!-- \/ Yoast SEO plugin. -->","yoast_head_json":{"title":"Start-\/Zielbogen - Rallye-Ausstatter","robots":{"index":"noindex","follow":"follow","max-snippet":"max-snippet:-1","max-image-preview":"max-image-preview:large","max-video-preview":"max-video-preview:-1"},"og_locale":"de_DE","og_type":"article","og_title":"Start-\/Zielbogen - Rallye-Ausstatter","og_description":"Unsere aufblasbaren Torbogen sind f\u00fcr verschiedene Einsatzzwecke geeignet. In erster Linie nat\u00fcrlich als aufmerksamkeitsstarker Start- bzw. Zielbogen am Rallyetag. Aber auch bei Messen oder Pr\u00e4sentationen kann er sehr gut eingesetzt werden. Mit unserem Bogen k\u00f6nnen Sie nichts falsch machen.   Format:\u00a0individuelle Bogengr\u00f6\u00dfen m\u00f6glich  Material:\u00a0Nylongebwebe unbeschichtet,\u00a0220 g\/m\u00b2 brandschutzzertifiziert  Gebl\u00e4se: Dauergebl\u00e4se 230 V  Licht:\u00a0Lichtsystem 38 W  Zubeh\u00f6r: Halteleinen und Transporttasche  Unsere Torbogen sind beidseitig f\u00fcr flexible Banner geeignet. In der senkrechten, waagrechten und auch den Schr\u00e4gen, je nach Ihrem Einsatzzweck, lassen sich die Banner befestigen. Einer der Vorteile unseres Torbogens ist, dass er einfach und schnell aufzubauen ist.  Wir bieten Ihnen selbstverst\u00e4ndlich auch die passenden Banner f\u00fcr Ihren Bogen an. Ein kurzer Anruf gen\u00fcgt und unser kompetentes Team, bereitet Ihren Start- bzw. Zielbogen vor.  Falls Sie es noch nicht gewusst haben, wir bieten Ihnen auch gerne ein Komplettangebot mit den verschiedenen Eventmodulen wie einer H\u00fcpf-Burg, Fun-Modulen usw. an.  Fragen Sie noch heute Ihren PREIS an. Gerne erstellen wir Ihnen ein individuelles Angebot.  Zur\u00fcck","og_url":"https:\/\/pascal-kapp.de\/rallye-ausstatter\/produkt\/start-zielbogen\/","og_site_name":"Rallye-Ausstatter","article_modified_time":"2024-09-04T07:53:54+00:00","og_image":[{"width":508,"height":400,"url":"https:\/\/pascal-kapp.de\/rallye-ausstatter\/wp-content\/uploads\/2024\/02\/333_20_b_508x400.jpg","type":"image\/jpeg"}],"twitter_card":"summary_large_image","twitter_misc":{"Gesch\u00e4tzte Lesezeit":"2\u00a0Minuten"},"schema":{"@context":"https:\/\/schema.org","@graph":[{"@type":"WebPage","@id":"https:\/\/pascal-kapp.de\/rallye-ausstatter\/produkt\/start-zielbogen\/","url":"https:\/\/pascal-kapp.de\/rallye-ausstatter\/produkt\/start-zielbogen\/","name":"Start-\/Zielbogen - Rallye-Ausstatter","isPartOf":{"@id":"https:\/\/pascal-kapp.de\/rallye-ausstatter\/#website"},"primaryImageOfPage":{"@id":"https:\/\/pascal-kapp.de\/rallye-ausstatter\/produkt\/start-zielbogen\/#primaryimage"},"image":{"@id":"https:\/\/pascal-kapp.de\/rallye-ausstatter\/produkt\/start-zielbogen\/#primaryimage"},"thumbnailUrl":"https:\/\/pascal-kapp.de\/rallye-ausstatter\/wp-content\/uploads\/2024\/02\/333_20_b_508x400.jpg","datePublished":"2024-03-06T15:35:30+00:00","dateModified":"2024-09-04T07:53:54+00:00","breadcrumb":{"@id":"https:\/\/pascal-kapp.de\/rallye-ausstatter\/produkt\/start-zielbogen\/#breadcrumb"},"inLanguage":"de","potentialAction":[{"@type":"ReadAction","target":["https:\/\/pascal-kapp.de\/rallye-ausstatter\/produkt\/start-zielbogen\/"]}]},{"@type":"ImageObject","inLanguage":"de","@id":"https:\/\/pascal-kapp.de\/rallye-ausstatter\/produkt\/start-zielbogen\/#primaryimage","url":"https:\/\/pascal-kapp.de\/rallye-ausstatter\/wp-content\/uploads\/2024\/02\/333_20_b_508x400.jpg","contentUrl":"https:\/\/pascal-kapp.de\/rallye-ausstatter\/wp-content\/uploads\/2024\/02\/333_20_b_508x400.jpg","width":508,"height":400},{"@type":"BreadcrumbList","@id":"https:\/\/pascal-kapp.de\/rallye-ausstatter\/produkt\/start-zielbogen\/#breadcrumb","itemListElement":[{"@type":"ListItem","position":1,"name":"Startseite","item":"https:\/\/pascal-kapp.de\/rallye-ausstatter\/"},{"@type":"ListItem","position":2,"name":"Shop","item":"https:\/\/pascal-kapp.de\/rallye-ausstatter\/shop-2\/"},{"@type":"ListItem","position":3,"name":"Start-\/Zielbogen"}]},{"@type":"WebSite","@id":"https:\/\/pascal-kapp.de\/rallye-ausstatter\/#website","url":"https:\/\/pascal-kapp.de\/rallye-ausstatter\/","name":"Rallye-Ausstatter","description":"","publisher":{"@id":"https:\/\/pascal-kapp.de\/rallye-ausstatter\/#organization"},"potentialAction":[{"@type":"SearchAction","target":{"@type":"EntryPoint","urlTemplate":"https:\/\/pascal-kapp.de\/rallye-ausstatter\/?s={search_term_string}"},"query-input":{"@type":"PropertyValueSpecification","valueRequired":true,"valueName":"search_term_string"}}],"inLanguage":"de"},{"@type":"Organization","@id":"https:\/\/pascal-kapp.de\/rallye-ausstatter\/#organization","name":"Rallye-Ausstatter","url":"https:\/\/pascal-kapp.de\/rallye-ausstatter\/","logo":{"@type":"ImageObject","inLanguage":"de","@id":"https:\/\/pascal-kapp.de\/rallye-ausstatter\/#\/schema\/logo\/image\/","url":"https:\/\/pascal-kapp.de\/rallye-ausstatter\/wp-content\/uploads\/2024\/03\/logo_mail_abbinder.png","contentUrl":"https:\/\/pascal-kapp.de\/rallye-ausstatter\/wp-content\/uploads\/2024\/03\/logo_mail_abbinder.png","width":369,"height":85,"caption":"Rallye-Ausstatter"},"image":{"@id":"https:\/\/pascal-kapp.de\/rallye-ausstatter\/#\/schema\/logo\/image\/"}}]}},"_links":{"self":[{"href":"https:\/\/pascal-kapp.de\/rallye-ausstatter\/wp-json\/wp\/v2\/product\/69","targetHints":{"allow":["GET"]}}],"collection":[{"href":"https:\/\/pascal-kapp.de\/rallye-ausstatter\/wp-json\/wp\/v2\/product"}],"about":[{"href":"https:\/\/pascal-kapp.de\/rallye-ausstatter\/wp-json\/wp\/v2\/types\/product"}],"wp:featuredmedia":[{"embeddable":true,"href":"https:\/\/pascal-kapp.de\/rallye-ausstatter\/wp-json\/wp\/v2\/media\/111"}],"wp:attachment":[{"href":"https:\/\/pascal-kapp.de\/rallye-ausstatter\/wp-json\/wp\/v2\/media?parent=69"}],"wp:term":[{"taxonomy":"product_brand","embeddable":true,"href":"https:\/\/pascal-kapp.de\/rallye-ausstatter\/wp-json\/wp\/v2\/product_brand?post=69"},{"taxonomy":"product_cat","embeddable":true,"href":"https:\/\/pascal-kapp.de\/rallye-ausstatter\/wp-json\/wp\/v2\/product_cat?post=69"},{"taxonomy":"product_tag","embeddable":true,"href":"https:\/\/pascal-kapp.de\/rallye-ausstatter\/wp-json\/wp\/v2\/product_tag?post=69"}],"curies":[{"name":"wp","href":"https:\/\/api.w.org\/{rel}","templated":true}]}}