{"id":88,"date":"2024-03-14T16:13:35","date_gmt":"2024-03-14T16:13:35","guid":{"rendered":"https:\/\/pascal-kapp.de\/rallye-ausstatter\/?post_type=product&#038;p=88"},"modified":"2024-09-02T06:44:23","modified_gmt":"2024-09-02T06:44:23","slug":"haftnotizen","status":"publish","type":"product","link":"https:\/\/pascal-kapp.de\/rallye-ausstatter\/produkt\/haftnotizen\/","title":{"rendered":"Haftnotizen"},"content":{"rendered":"<p><a name=\"beschreibung\"><\/a>Damit bleiben Sie und Ihre Veranstaltung garantiert im Ged\u00e4chtnis kle \u2026 naja, sagen wir \u201ehaften\u201c. Klebt nahezu \u00fcberall und l\u00e4sst sich spurlos wieder entfernen. Ideal zum Schnell-was-merken und Blo\u00df-nicht-vergessen.<\/p>\n<ul>\n<li>Material: 70 g\/m\u00b2 Offsetpapier wei\u00df<\/li>\n<li>Ma\u00dfe: 72 x 72 mm oder 100 x 72 mm<\/li>\n<li>Format: quadratisch bzw. Quer- oder Hochformat<\/li>\n<li>Umfang: wahlweise 50 oder 100 Blatt<\/li>\n<li>Druck: 4\/0-farbig<\/li>\n<li>St\u00fcckzahl: ab 50 St\u00fcck erh\u00e4ltlich<\/li>\n<\/ul>\n<p>Die Geschichte der leicht abl\u00f6sbaren Klebezettel reicht \u00fcbrigens bis ins Jahr 1974 zur\u00fcck \u2013 die Urspr\u00fcnge liegen in Amerika. Mittlerweile gibt es mehr als 400 Produktvarianten von verschiedenen Herstellern. Eine renommierte US-Zeitschrift erkl\u00e4rte die Haftnotiz gar zu einer der wichtigsten Erfindungen des 20. Jahrhunderts \u2013 zusammen mit dem K\u00fchlschrank, der Boeing 707 und der Compact Disc. Beachtliche Karriere f\u00fcr einen kleinen Klebezettel<\/p>\n<p><a href=\"mailto:ausstatter@pascal-kapp.de\">Fragen Sie noch heute Ihren PREIS an.<\/a><br \/>\nGerne erstellen wir Ihnen ein individuelles Angebot.<\/p>\n<p><a href=\"https:\/\/pascal-kapp.de\/rallye-ausstatter\/shop-2\/\">Zur\u00fcck zur Produkt\u00fcbersicht<\/a><\/p>\n","protected":false},"excerpt":{"rendered":"<p>Damit bleiben Sie und Ihre Veranstaltung garantiert im Ged\u00e4chtnis kle \u2026 naja, sagen wir \u201ehaften\u201c. Klebt nahezu \u00fcberall und l\u00e4sst sich spurlos wieder entfernen. Ideal zum Schnell-was-merken und Blo\u00df-nicht-vergessen.<\/p>\n<ul>\n<li>Material: 70 g\/m\u00b2 Offsetpapier wei\u00df<\/li>\n<li>Ma\u00dfe: 72 x 72 mm oder 100 x 72 mm<\/li>\n<li>Format: quadratisch bzw. Quer- oder Hochformat<\/li>\n<li>Umfang: wahlweise 50 oder 100 Blatt<\/li>\n<li>Druck: 4\/0-farbig<\/li>\n<li>St\u00fcckzahl: ab 50 St\u00fcck erh\u00e4ltlich<\/li>\n<\/ul>\n<p>Die Geschichte der leicht abl\u00f6sbaren Klebezettel reicht \u00fcbrigens bis ins Jahr 1974 zur\u00fcck \u2013 die Urspr\u00fcnge liegen in Amerika. Mittlerweile gibt es mehr als 400 Produktvarianten von verschiedenen Herstellern. Eine renommierte US-Zeitschrift erkl\u00e4rte die Haftnotiz gar zu einer der wichtigsten Erfindungen des 20. Jahrhunderts \u2013 zusammen mit dem K\u00fchlschrank, der Boeing 707 und der Compact Disc. Beachtliche Karriere f\u00fcr einen kleinen Klebezettel<\/p>\n<p><a href=\"mailto:ausstatter@pascal-kapp.de\">Fragen Sie noch heute Ihren PREIS an.<\/a><br \/>\nGerne erstellen wir Ihnen ein individuelles Angebot.<\/p>\n<p><a href=\"javascript:history.back()\">Zur\u00fcck<\/a><\/p>\n","protected":false},"featured_media":1549,"template":"","meta":{"site-sidebar-layout":"default","site-content-layout":"","ast-site-content-layout":"default","site-content-style":"default","site-sidebar-style":"default","ast-global-header-display":"","ast-banner-title-visibility":"","ast-main-header-display":"","ast-hfb-above-header-display":"","ast-hfb-below-header-display":"","ast-hfb-mobile-header-display":"","site-post-title":"","ast-breadcrumbs-content":"","ast-featured-img":"","footer-sml-layout":"","theme-transparent-header-meta":"default","adv-header-id-meta":"","stick-header-meta":"","header-above-stick-meta":"","header-main-stick-meta":"","header-below-stick-meta":"","astra-migrate-meta-layouts":"set","ast-page-background-enabled":"default","ast-page-background-meta":{"desktop":{"background-color":"var(--ast-global-color-4)","background-image":"","background-repeat":"repeat","background-position":"center center","background-size":"auto","background-attachment":"scroll","background-type":"","background-media":"","overlay-type":"","overlay-color":"","overlay-opacity":"","overlay-gradient":""},"tablet":{"background-color":"","background-image":"","background-repeat":"repeat","background-position":"center center","background-size":"auto","background-attachment":"scroll","background-type":"","background-media":"","overlay-type":"","overlay-color":"","overlay-opacity":"","overlay-gradient":""},"mobile":{"background-color":"","background-image":"","background-repeat":"repeat","background-position":"center center","background-size":"auto","background-attachment":"scroll","background-type":"","background-media":"","overlay-type":"","overlay-color":"","overlay-opacity":"","overlay-gradient":""}},"ast-content-background-meta":{"desktop":{"background-color":"var(--ast-global-color-5)","background-image":"","background-repeat":"repeat","background-position":"center center","background-size":"auto","background-attachment":"scroll","background-type":"","background-media":"","overlay-type":"","overlay-color":"","overlay-opacity":"","overlay-gradient":""},"tablet":{"background-color":"var(--ast-global-color-5)","background-image":"","background-repeat":"repeat","background-position":"center center","background-size":"auto","background-attachment":"scroll","background-type":"","background-media":"","overlay-type":"","overlay-color":"","overlay-opacity":"","overlay-gradient":""},"mobile":{"background-color":"var(--ast-global-color-5)","background-image":"","background-repeat":"repeat","background-position":"center center","background-size":"auto","background-attachment":"scroll","background-type":"","background-media":"","overlay-type":"","overlay-color":"","overlay-opacity":"","overlay-gradient":""}}},"product_brand":[],"product_cat":[29,19],"product_tag":[],"class_list":{"0":"post-88","1":"product","2":"type-product","3":"status-publish","4":"has-post-thumbnail","6":"product_cat-haftnotizen","7":"product_cat-produkte","8":"desktop-align-left","9":"tablet-align-left","10":"mobile-align-left","12":"first","13":"instock","14":"shipping-taxable","15":"product-type-simple"},"yoast_head":"<!-- This site is optimized with the Yoast SEO plugin v27.6 - https:\/\/yoast.com\/product\/yoast-seo-wordpress\/ -->\n<title>Haftnotizen - Rallye-Ausstatter<\/title>\n<meta name=\"robots\" content=\"noindex, follow, max-snippet:-1, max-image-preview:large, max-video-preview:-1\" \/>\n<meta property=\"og:locale\" content=\"de_DE\" \/>\n<meta property=\"og:type\" content=\"article\" \/>\n<meta property=\"og:title\" content=\"Haftnotizen - Rallye-Ausstatter\" \/>\n<meta property=\"og:description\" content=\"Damit bleiben Sie und Ihre Veranstaltung garantiert im Ged\u00e4chtnis kle \u2026 naja, sagen wir \u201ehaften\u201c. Klebt nahezu \u00fcberall und l\u00e4sst sich spurlos wieder entfernen. Ideal zum Schnell-was-merken und Blo\u00df-nicht-vergessen.   Material: 70 g\/m\u00b2 Offsetpapier wei\u00df  Ma\u00dfe: 72 x 72 mm oder 100 x 72 mm  Format: quadratisch bzw. Quer- oder Hochformat  Umfang: wahlweise 50 oder 100 Blatt  Druck: 4\/0-farbig  St\u00fcckzahl: ab 50 St\u00fcck erh\u00e4ltlich  Die Geschichte der leicht abl\u00f6sbaren Klebezettel reicht \u00fcbrigens bis ins Jahr 1974 zur\u00fcck \u2013 die Urspr\u00fcnge liegen in Amerika. Mittlerweile gibt es mehr als 400 Produktvarianten von verschiedenen Herstellern. Eine renommierte US-Zeitschrift erkl\u00e4rte die Haftnotiz gar zu einer der wichtigsten Erfindungen des 20. Jahrhunderts \u2013 zusammen mit dem K\u00fchlschrank, der Boeing 707 und der Compact Disc. Beachtliche Karriere f\u00fcr einen kleinen Klebezettel  Fragen Sie noch heute Ihren PREIS an. Gerne erstellen wir Ihnen ein individuelles Angebot.  Zur\u00fcck\" \/>\n<meta property=\"og:url\" content=\"https:\/\/pascal-kapp.de\/rallye-ausstatter\/produkt\/haftnotizen\/\" \/>\n<meta property=\"og:site_name\" content=\"Rallye-Ausstatter\" \/>\n<meta property=\"article:modified_time\" content=\"2024-09-02T06:44:23+00:00\" \/>\n<meta property=\"og:image\" content=\"https:\/\/pascal-kapp.de\/rallye-ausstatter\/wp-content\/uploads\/2024\/09\/10s15_790x600.jpg\" \/>\n\t<meta property=\"og:image:width\" content=\"790\" \/>\n\t<meta property=\"og:image:height\" content=\"600\" \/>\n\t<meta property=\"og:image:type\" content=\"image\/jpeg\" \/>\n<meta name=\"twitter:card\" content=\"summary_large_image\" \/>\n<meta name=\"twitter:label1\" content=\"Gesch\u00e4tzte Lesezeit\" \/>\n\t<meta name=\"twitter:data1\" content=\"1\u00a0Minute\" \/>\n<script type=\"application\/ld+json\" class=\"yoast-schema-graph\">{\"@context\":\"https:\\\/\\\/schema.org\",\"@graph\":[{\"@type\":\"WebPage\",\"@id\":\"https:\\\/\\\/pascal-kapp.de\\\/rallye-ausstatter\\\/produkt\\\/haftnotizen\\\/\",\"url\":\"https:\\\/\\\/pascal-kapp.de\\\/rallye-ausstatter\\\/produkt\\\/haftnotizen\\\/\",\"name\":\"Haftnotizen - Rallye-Ausstatter\",\"isPartOf\":{\"@id\":\"https:\\\/\\\/pascal-kapp.de\\\/rallye-ausstatter\\\/#website\"},\"primaryImageOfPage\":{\"@id\":\"https:\\\/\\\/pascal-kapp.de\\\/rallye-ausstatter\\\/produkt\\\/haftnotizen\\\/#primaryimage\"},\"image\":{\"@id\":\"https:\\\/\\\/pascal-kapp.de\\\/rallye-ausstatter\\\/produkt\\\/haftnotizen\\\/#primaryimage\"},\"thumbnailUrl\":\"https:\\\/\\\/pascal-kapp.de\\\/rallye-ausstatter\\\/wp-content\\\/uploads\\\/2024\\\/09\\\/10s15_790x600.jpg\",\"datePublished\":\"2024-03-14T16:13:35+00:00\",\"dateModified\":\"2024-09-02T06:44:23+00:00\",\"breadcrumb\":{\"@id\":\"https:\\\/\\\/pascal-kapp.de\\\/rallye-ausstatter\\\/produkt\\\/haftnotizen\\\/#breadcrumb\"},\"inLanguage\":\"de\",\"potentialAction\":[{\"@type\":\"ReadAction\",\"target\":[\"https:\\\/\\\/pascal-kapp.de\\\/rallye-ausstatter\\\/produkt\\\/haftnotizen\\\/\"]}]},{\"@type\":\"ImageObject\",\"inLanguage\":\"de\",\"@id\":\"https:\\\/\\\/pascal-kapp.de\\\/rallye-ausstatter\\\/produkt\\\/haftnotizen\\\/#primaryimage\",\"url\":\"https:\\\/\\\/pascal-kapp.de\\\/rallye-ausstatter\\\/wp-content\\\/uploads\\\/2024\\\/09\\\/10s15_790x600.jpg\",\"contentUrl\":\"https:\\\/\\\/pascal-kapp.de\\\/rallye-ausstatter\\\/wp-content\\\/uploads\\\/2024\\\/09\\\/10s15_790x600.jpg\",\"width\":790,\"height\":600},{\"@type\":\"BreadcrumbList\",\"@id\":\"https:\\\/\\\/pascal-kapp.de\\\/rallye-ausstatter\\\/produkt\\\/haftnotizen\\\/#breadcrumb\",\"itemListElement\":[{\"@type\":\"ListItem\",\"position\":1,\"name\":\"Startseite\",\"item\":\"https:\\\/\\\/pascal-kapp.de\\\/rallye-ausstatter\\\/\"},{\"@type\":\"ListItem\",\"position\":2,\"name\":\"Shop\",\"item\":\"https:\\\/\\\/pascal-kapp.de\\\/rallye-ausstatter\\\/shop-2\\\/\"},{\"@type\":\"ListItem\",\"position\":3,\"name\":\"Haftnotizen\"}]},{\"@type\":\"WebSite\",\"@id\":\"https:\\\/\\\/pascal-kapp.de\\\/rallye-ausstatter\\\/#website\",\"url\":\"https:\\\/\\\/pascal-kapp.de\\\/rallye-ausstatter\\\/\",\"name\":\"Rallye-Ausstatter\",\"description\":\"\",\"publisher\":{\"@id\":\"https:\\\/\\\/pascal-kapp.de\\\/rallye-ausstatter\\\/#organization\"},\"potentialAction\":[{\"@type\":\"SearchAction\",\"target\":{\"@type\":\"EntryPoint\",\"urlTemplate\":\"https:\\\/\\\/pascal-kapp.de\\\/rallye-ausstatter\\\/?s={search_term_string}\"},\"query-input\":{\"@type\":\"PropertyValueSpecification\",\"valueRequired\":true,\"valueName\":\"search_term_string\"}}],\"inLanguage\":\"de\"},{\"@type\":\"Organization\",\"@id\":\"https:\\\/\\\/pascal-kapp.de\\\/rallye-ausstatter\\\/#organization\",\"name\":\"Rallye-Ausstatter\",\"url\":\"https:\\\/\\\/pascal-kapp.de\\\/rallye-ausstatter\\\/\",\"logo\":{\"@type\":\"ImageObject\",\"inLanguage\":\"de\",\"@id\":\"https:\\\/\\\/pascal-kapp.de\\\/rallye-ausstatter\\\/#\\\/schema\\\/logo\\\/image\\\/\",\"url\":\"https:\\\/\\\/pascal-kapp.de\\\/rallye-ausstatter\\\/wp-content\\\/uploads\\\/2024\\\/03\\\/logo_mail_abbinder.png\",\"contentUrl\":\"https:\\\/\\\/pascal-kapp.de\\\/rallye-ausstatter\\\/wp-content\\\/uploads\\\/2024\\\/03\\\/logo_mail_abbinder.png\",\"width\":369,\"height\":85,\"caption\":\"Rallye-Ausstatter\"},\"image\":{\"@id\":\"https:\\\/\\\/pascal-kapp.de\\\/rallye-ausstatter\\\/#\\\/schema\\\/logo\\\/image\\\/\"}}]}<\/script>\n<!-- \/ Yoast SEO plugin. -->","yoast_head_json":{"title":"Haftnotizen - Rallye-Ausstatter","robots":{"index":"noindex","follow":"follow","max-snippet":"max-snippet:-1","max-image-preview":"max-image-preview:large","max-video-preview":"max-video-preview:-1"},"og_locale":"de_DE","og_type":"article","og_title":"Haftnotizen - Rallye-Ausstatter","og_description":"Damit bleiben Sie und Ihre Veranstaltung garantiert im Ged\u00e4chtnis kle \u2026 naja, sagen wir \u201ehaften\u201c. Klebt nahezu \u00fcberall und l\u00e4sst sich spurlos wieder entfernen. Ideal zum Schnell-was-merken und Blo\u00df-nicht-vergessen.   Material: 70 g\/m\u00b2 Offsetpapier wei\u00df  Ma\u00dfe: 72 x 72 mm oder 100 x 72 mm  Format: quadratisch bzw. Quer- oder Hochformat  Umfang: wahlweise 50 oder 100 Blatt  Druck: 4\/0-farbig  St\u00fcckzahl: ab 50 St\u00fcck erh\u00e4ltlich  Die Geschichte der leicht abl\u00f6sbaren Klebezettel reicht \u00fcbrigens bis ins Jahr 1974 zur\u00fcck \u2013 die Urspr\u00fcnge liegen in Amerika. Mittlerweile gibt es mehr als 400 Produktvarianten von verschiedenen Herstellern. Eine renommierte US-Zeitschrift erkl\u00e4rte die Haftnotiz gar zu einer der wichtigsten Erfindungen des 20. Jahrhunderts \u2013 zusammen mit dem K\u00fchlschrank, der Boeing 707 und der Compact Disc. Beachtliche Karriere f\u00fcr einen kleinen Klebezettel  Fragen Sie noch heute Ihren PREIS an. Gerne erstellen wir Ihnen ein individuelles Angebot.  Zur\u00fcck","og_url":"https:\/\/pascal-kapp.de\/rallye-ausstatter\/produkt\/haftnotizen\/","og_site_name":"Rallye-Ausstatter","article_modified_time":"2024-09-02T06:44:23+00:00","og_image":[{"width":790,"height":600,"url":"https:\/\/pascal-kapp.de\/rallye-ausstatter\/wp-content\/uploads\/2024\/09\/10s15_790x600.jpg","type":"image\/jpeg"}],"twitter_card":"summary_large_image","twitter_misc":{"Gesch\u00e4tzte Lesezeit":"1\u00a0Minute"},"schema":{"@context":"https:\/\/schema.org","@graph":[{"@type":"WebPage","@id":"https:\/\/pascal-kapp.de\/rallye-ausstatter\/produkt\/haftnotizen\/","url":"https:\/\/pascal-kapp.de\/rallye-ausstatter\/produkt\/haftnotizen\/","name":"Haftnotizen - Rallye-Ausstatter","isPartOf":{"@id":"https:\/\/pascal-kapp.de\/rallye-ausstatter\/#website"},"primaryImageOfPage":{"@id":"https:\/\/pascal-kapp.de\/rallye-ausstatter\/produkt\/haftnotizen\/#primaryimage"},"image":{"@id":"https:\/\/pascal-kapp.de\/rallye-ausstatter\/produkt\/haftnotizen\/#primaryimage"},"thumbnailUrl":"https:\/\/pascal-kapp.de\/rallye-ausstatter\/wp-content\/uploads\/2024\/09\/10s15_790x600.jpg","datePublished":"2024-03-14T16:13:35+00:00","dateModified":"2024-09-02T06:44:23+00:00","breadcrumb":{"@id":"https:\/\/pascal-kapp.de\/rallye-ausstatter\/produkt\/haftnotizen\/#breadcrumb"},"inLanguage":"de","potentialAction":[{"@type":"ReadAction","target":["https:\/\/pascal-kapp.de\/rallye-ausstatter\/produkt\/haftnotizen\/"]}]},{"@type":"ImageObject","inLanguage":"de","@id":"https:\/\/pascal-kapp.de\/rallye-ausstatter\/produkt\/haftnotizen\/#primaryimage","url":"https:\/\/pascal-kapp.de\/rallye-ausstatter\/wp-content\/uploads\/2024\/09\/10s15_790x600.jpg","contentUrl":"https:\/\/pascal-kapp.de\/rallye-ausstatter\/wp-content\/uploads\/2024\/09\/10s15_790x600.jpg","width":790,"height":600},{"@type":"BreadcrumbList","@id":"https:\/\/pascal-kapp.de\/rallye-ausstatter\/produkt\/haftnotizen\/#breadcrumb","itemListElement":[{"@type":"ListItem","position":1,"name":"Startseite","item":"https:\/\/pascal-kapp.de\/rallye-ausstatter\/"},{"@type":"ListItem","position":2,"name":"Shop","item":"https:\/\/pascal-kapp.de\/rallye-ausstatter\/shop-2\/"},{"@type":"ListItem","position":3,"name":"Haftnotizen"}]},{"@type":"WebSite","@id":"https:\/\/pascal-kapp.de\/rallye-ausstatter\/#website","url":"https:\/\/pascal-kapp.de\/rallye-ausstatter\/","name":"Rallye-Ausstatter","description":"","publisher":{"@id":"https:\/\/pascal-kapp.de\/rallye-ausstatter\/#organization"},"potentialAction":[{"@type":"SearchAction","target":{"@type":"EntryPoint","urlTemplate":"https:\/\/pascal-kapp.de\/rallye-ausstatter\/?s={search_term_string}"},"query-input":{"@type":"PropertyValueSpecification","valueRequired":true,"valueName":"search_term_string"}}],"inLanguage":"de"},{"@type":"Organization","@id":"https:\/\/pascal-kapp.de\/rallye-ausstatter\/#organization","name":"Rallye-Ausstatter","url":"https:\/\/pascal-kapp.de\/rallye-ausstatter\/","logo":{"@type":"ImageObject","inLanguage":"de","@id":"https:\/\/pascal-kapp.de\/rallye-ausstatter\/#\/schema\/logo\/image\/","url":"https:\/\/pascal-kapp.de\/rallye-ausstatter\/wp-content\/uploads\/2024\/03\/logo_mail_abbinder.png","contentUrl":"https:\/\/pascal-kapp.de\/rallye-ausstatter\/wp-content\/uploads\/2024\/03\/logo_mail_abbinder.png","width":369,"height":85,"caption":"Rallye-Ausstatter"},"image":{"@id":"https:\/\/pascal-kapp.de\/rallye-ausstatter\/#\/schema\/logo\/image\/"}}]}},"_links":{"self":[{"href":"https:\/\/pascal-kapp.de\/rallye-ausstatter\/wp-json\/wp\/v2\/product\/88","targetHints":{"allow":["GET"]}}],"collection":[{"href":"https:\/\/pascal-kapp.de\/rallye-ausstatter\/wp-json\/wp\/v2\/product"}],"about":[{"href":"https:\/\/pascal-kapp.de\/rallye-ausstatter\/wp-json\/wp\/v2\/types\/product"}],"wp:featuredmedia":[{"embeddable":true,"href":"https:\/\/pascal-kapp.de\/rallye-ausstatter\/wp-json\/wp\/v2\/media\/1549"}],"wp:attachment":[{"href":"https:\/\/pascal-kapp.de\/rallye-ausstatter\/wp-json\/wp\/v2\/media?parent=88"}],"wp:term":[{"taxonomy":"product_brand","embeddable":true,"href":"https:\/\/pascal-kapp.de\/rallye-ausstatter\/wp-json\/wp\/v2\/product_brand?post=88"},{"taxonomy":"product_cat","embeddable":true,"href":"https:\/\/pascal-kapp.de\/rallye-ausstatter\/wp-json\/wp\/v2\/product_cat?post=88"},{"taxonomy":"product_tag","embeddable":true,"href":"https:\/\/pascal-kapp.de\/rallye-ausstatter\/wp-json\/wp\/v2\/product_tag?post=88"}],"curies":[{"name":"wp","href":"https:\/\/api.w.org\/{rel}","templated":true}]}}